{"id":45124,"date":"2022-06-30T15:36:48","date_gmt":"2022-06-30T13:36:48","guid":{"rendered":"https:\/\/www.translationagency.it\/sous-titrage\/"},"modified":"2023-12-22T13:15:54","modified_gmt":"2023-12-22T12:15:54","slug":"sous-titrage","status":"publish","type":"page","link":"https:\/\/www.translationagency.it\/fr\/sous-titrage\/","title":{"rendered":"SOUS-TITRAGE"},"content":{"rendered":"\t\t<div data-elementor-type=\"wp-page\" data-elementor-id=\"45124\" class=\"elementor elementor-45124 elementor-43441\">\n\t\t\t\t\t\t\t\t\t<section class=\"elementor-section elementor-top-section elementor-element elementor-element-047e874 elementor-section-boxed elementor-section-height-default elementor-section-height-default\" data-id=\"047e874\" data-element_type=\"section\">\n\t\t\t\t\t\t<div class=\"elementor-container elementor-column-gap-default\">\n\t\t\t\t\t<div class=\"elementor-column elementor-col-100 elementor-top-column elementor-element elementor-element-08162ff\" data-id=\"08162ff\" data-element_type=\"column\">\n\t\t\t<div class=\"elementor-widget-wrap elementor-element-populated\">\n\t\t\t\t\t\t\t\t<section class=\"elementor-section elementor-inner-section elementor-element elementor-element-08aca80 elementor-section-boxed elementor-section-height-default elementor-section-height-default\" data-id=\"08aca80\" data-element_type=\"section\">\n\t\t\t\t\t\t<div class=\"elementor-container elementor-column-gap-default\">\n\t\t\t\t\t<div class=\"elementor-column elementor-col-33 elementor-inner-column elementor-element elementor-element-8c305d1\" data-id=\"8c305d1\" data-element_type=\"column\">\n\t\t\t<div class=\"elementor-widget-wrap elementor-element-populated\">\n\t\t\t\t\t\t\t\t<div class=\"elementor-element elementor-element-4d43bf9 elementor-widget elementor-widget-image\" data-id=\"4d43bf9\" data-element_type=\"widget\" data-widget_type=\"image.default\">\n\t\t\t\t<div class=\"elementor-widget-container\">\n\t\t\t\t\t\t\t\t\t\t\t\t\t\t\t<img decoding=\"async\" loading=\"lazy\" width=\"626\" height=\"626\" src=\"https:\/\/www.translationagency.it\/wp-content\/uploads\/2022\/01\/SERVIZI_SUBTITLING_ICONA_1-06.png\" class=\"attachment-large size-large wp-image-43780\" alt=\"\" srcset=\"https:\/\/www.translationagency.it\/wp-content\/uploads\/2022\/01\/SERVIZI_SUBTITLING_ICONA_1-06.png 626w, https:\/\/www.translationagency.it\/wp-content\/uploads\/2022\/01\/SERVIZI_SUBTITLING_ICONA_1-06-300x300.png 300w, https:\/\/www.translationagency.it\/wp-content\/uploads\/2022\/01\/SERVIZI_SUBTITLING_ICONA_1-06-150x150.png 150w, https:\/\/www.translationagency.it\/wp-content\/uploads\/2022\/01\/SERVIZI_SUBTITLING_ICONA_1-06-600x600.png 600w, https:\/\/www.translationagency.it\/wp-content\/uploads\/2022\/01\/SERVIZI_SUBTITLING_ICONA_1-06-200x200.png 200w\" sizes=\"(max-width: 626px) 100vw, 626px\" \/>\t\t\t\t\t\t\t\t\t\t\t\t\t\t\t<\/div>\n\t\t\t\t<\/div>\n\t\t\t\t\t<\/div>\n\t\t<\/div>\n\t\t\t\t<div class=\"elementor-column elementor-col-66 elementor-inner-column elementor-element elementor-element-02d02f8\" data-id=\"02d02f8\" data-element_type=\"column\">\n\t\t\t<div class=\"elementor-widget-wrap elementor-element-populated\">\n\t\t\t\t\t\t\t\t<div class=\"elementor-element elementor-element-a7f63fd elementor-widget elementor-widget-heading\" data-id=\"a7f63fd\" data-element_type=\"widget\" data-widget_type=\"heading.default\">\n\t\t\t\t<div class=\"elementor-widget-container\">\n\t\t\t<h1 class=\"elementor-heading-title elementor-size-default\">SOUS-TITRAGE<\/h1>\t\t<\/div>\n\t\t\t\t<\/div>\n\t\t\t\t<div class=\"elementor-element elementor-element-44ad835 elementor-widget elementor-widget-text-editor\" data-id=\"44ad835\" data-element_type=\"widget\" data-widget_type=\"text-editor.default\">\n\t\t\t\t<div class=\"elementor-widget-container\">\n\t\t\t\t\t\t\t<p>Le sous-titrage est <strong>un moyen efficace qui facilite la compr\u00e9hension d&rsquo;un texte audiovisuel<\/strong>. Il permet d&rsquo;\u00e9largir le public destinataire d&rsquo;un contenu multim\u00e9dia en le rendant compr\u00e9hensible et accessible notamment <strong>aux malentendants et aux publics \u00e9trangers<\/strong>.<\/p>\n\t\t\t\t\t\t<\/div>\n\t\t\t\t<\/div>\n\t\t\t\t\t<\/div>\n\t\t<\/div>\n\t\t\t\t\t\t\t<\/div>\n\t\t<\/section>\n\t\t\t\t\t<\/div>\n\t\t<\/div>\n\t\t\t\t\t\t\t<\/div>\n\t\t<\/section>\n\t\t\t\t<section class=\"elementor-section elementor-top-section elementor-element elementor-element-3ea1a0d4 elementor-section-stretched elementor-section-boxed elementor-section-height-default elementor-section-height-default\" data-id=\"3ea1a0d4\" data-element_type=\"section\" data-settings=\"{&quot;stretch_section&quot;:&quot;section-stretched&quot;}\">\n\t\t\t\t\t\t<div class=\"elementor-container elementor-column-gap-default\">\n\t\t\t\t\t<div class=\"elementor-column elementor-col-100 elementor-top-column elementor-element elementor-element-398e551\" data-id=\"398e551\" data-element_type=\"column\">\n\t\t\t<div class=\"elementor-widget-wrap elementor-element-populated\">\n\t\t\t\t\t\t\t\t<div class=\"elementor-element elementor-element-7837e81a elementor-widget elementor-widget-text-editor\" data-id=\"7837e81a\" data-element_type=\"widget\" data-widget_type=\"text-editor.default\">\n\t\t\t\t<div class=\"elementor-widget-container\">\n\t\t\t\t\t\t\t<h3><strong>Cr\u00e9ation de sous-titres pour les vid\u00e9os et les produits multim\u00e9dia<\/strong><\/h3>\n<p>La vid\u00e9o est, sans aucun doute, le contenu du moment. Qu&rsquo;il s&rsquo;agisse d&rsquo;une publicit\u00e9 pour YouTube ou d&rsquo;un webinaire enregistr\u00e9, la vid\u00e9o utilise un langage moderne et attrayant qui s\u00e9duit un public de jeunes et de moins jeunes. Cependant, <strong>la langue peut repr\u00e9senter une contrainte<\/strong> qu\u2019il ne faut pas perdre de vue : seuls les parlants de la m\u00eame langue vont \u00eatre en mesure de comprendre le sens du message, d\u00e9couvrir un nouveau produit ou suivre une formation. Se limiter \u00e0 une seule langue, c&rsquo;est donc manquer l&rsquo;occasion de toucher un public cible plus large, ou simplement diff\u00e9rent (pensez aux sourds et malentendants, par exemple). Si la vid\u00e9o contient un texte parl\u00e9, m\u00eame sous forme de voix-off, ou du texte \u00e9crit en incrustation, traduire ces paroles ou ce texte dans une autre langue permet d\u2019augmenter la port\u00e9e du contenu et d\u2019<strong>atteindre un public encore plus vaste et plus diversifi\u00e9<\/strong>. C&rsquo;est l\u00e0 que le sous-titrage confirme son efficacit\u00e9 : gr\u00e2ce \u00e0 l&rsquo;insertion de sous-titres traduits dans la langue cible, il est possible d&rsquo;exporter tout produit vid\u00e9o ou multim\u00e9dia, le rendant accessible \u00e0 un public \u00e9tranger ou \u00e0 des groupes d&rsquo;utilisateurs sp\u00e9cifiques, sans apporter aucune modification aux voix et aux dialogues originaux.<\/p>\n\t\t\t\t\t\t<\/div>\n\t\t\t\t<\/div>\n\t\t\t\t\t<\/div>\n\t\t<\/div>\n\t\t\t\t\t\t\t<\/div>\n\t\t<\/section>\n\t\t\t\t<section class=\"elementor-section elementor-top-section elementor-element elementor-element-381f46fa elementor-section-stretched elementor-section-boxed elementor-section-height-default elementor-section-height-default\" data-id=\"381f46fa\" data-element_type=\"section\" data-settings=\"{&quot;stretch_section&quot;:&quot;section-stretched&quot;}\">\n\t\t\t\t\t\t<div class=\"elementor-container elementor-column-gap-default\">\n\t\t\t\t\t<div class=\"elementor-column elementor-col-100 elementor-top-column elementor-element elementor-element-4e8cb50c\" data-id=\"4e8cb50c\" data-element_type=\"column\">\n\t\t\t<div class=\"elementor-widget-wrap elementor-element-populated\">\n\t\t\t\t\t\t\t\t<div class=\"elementor-element elementor-element-6fa79488 elementor-align-center elementor-widget elementor-widget-button\" data-id=\"6fa79488\" data-element_type=\"widget\" data-widget_type=\"button.default\">\n\t\t\t\t<div class=\"elementor-widget-container\">\n\t\t\t\t\t<div class=\"elementor-button-wrapper\">\n\t\t\t<a class=\"elementor-button elementor-button-link elementor-size-lg\" href=\"https:\/\/www.translationagency.it\/fr\/devis\/\">\n\t\t\t\t\t\t<span class=\"elementor-button-content-wrapper\">\n\t\t\t\t\t\t<span class=\"elementor-button-text\">AAA<\/span>\n\t\t<\/span>\n\t\t\t\t\t<\/a>\n\t\t<\/div>\n\t\t\t\t<\/div>\n\t\t\t\t<\/div>\n\t\t\t\t\t<\/div>\n\t\t<\/div>\n\t\t\t\t\t\t\t<\/div>\n\t\t<\/section>\n\t\t\t\t<section class=\"elementor-section elementor-top-section elementor-element elementor-element-768bc781 elementor-section-stretched elementor-section-boxed elementor-section-height-default elementor-section-height-default\" data-id=\"768bc781\" data-element_type=\"section\" data-settings=\"{&quot;stretch_section&quot;:&quot;section-stretched&quot;}\">\n\t\t\t\t\t\t<div class=\"elementor-container elementor-column-gap-default\">\n\t\t\t\t\t<div class=\"elementor-column elementor-col-100 elementor-top-column elementor-element elementor-element-6b7fbd03\" data-id=\"6b7fbd03\" data-element_type=\"column\">\n\t\t\t<div class=\"elementor-widget-wrap elementor-element-populated\">\n\t\t\t\t\t\t\t\t<div class=\"elementor-element elementor-element-3ccb1483 elementor-widget elementor-widget-spacer\" data-id=\"3ccb1483\" data-element_type=\"widget\" data-widget_type=\"spacer.default\">\n\t\t\t\t<div class=\"elementor-widget-container\">\n\t\t\t\t\t<div class=\"elementor-spacer\">\n\t\t\t<div class=\"elementor-spacer-inner\"><\/div>\n\t\t<\/div>\n\t\t\t\t<\/div>\n\t\t\t\t<\/div>\n\t\t\t\t<div class=\"elementor-element elementor-element-351e11b8 elementor-widget elementor-widget-text-editor\" data-id=\"351e11b8\" data-element_type=\"widget\" data-widget_type=\"text-editor.default\">\n\t\t\t\t<div class=\"elementor-widget-container\">\n\t\t\t\t\t\t\t<h3><strong>NOTRE APPROCHE DU SOUS-TITRAGE MULTILINGUE<\/strong><\/h3>\n<p>Translation Agency propose un service de sous-titrage complet et sur mesure dans plus de 50 langues du monde entier. Dans chaque vid\u00e9o, nous essayons de s\u00e9lectionner la meilleure position pour le placement du texte \u00e0 l&rsquo;\u00e9cran afin de ne pas compromettre les d\u00e9tails visuels importants. Nous choisissons la police la plus performante en tenant compte de la facilit\u00e9 de lecture et de la taille du caract\u00e8re. Nous respectons \u00e9galement le plus fid\u00e8lement possible le timing des dialogues, qui doivent assurer une lecture fluide,<strong> en synchronisation avec les r\u00e9pliques et les conversations<\/strong> des personnages dans la vid\u00e9o ou avec la voix-off. Enfin, pour qu&rsquo;une traduction soit \u00e0 la hauteur des attentes, il est important de conserver le registre et le style du texte d\u2019origine de mani\u00e8re \u00e0 reproduire non seulement le message original, mais aussi le mode et l&rsquo;intention avec lesquels il a \u00e9t\u00e9 con\u00e7u. Nos experts sont pr\u00eats \u00e0 examiner votre demande et \u00e0 vous <strong>renvoyer un fichier de sous-titres au format convenu<\/strong>, pr\u00eat \u00e0 \u00eatre utilis\u00e9 dans votre vid\u00e9o. <a href=\"https:\/\/www.translationagency.it\/fr\/contacts\/\">Contactez-nous sans engagement<\/a> pour obtenir plus d&rsquo;informations et nous expliquer ce dont vous avez besoin.<\/p>\n\t\t\t\t\t\t<\/div>\n\t\t\t\t<\/div>\n\t\t\t\t<div class=\"elementor-element elementor-element-66e7385c elementor-widget elementor-widget-spacer\" data-id=\"66e7385c\" data-element_type=\"widget\" data-widget_type=\"spacer.default\">\n\t\t\t\t<div class=\"elementor-widget-container\">\n\t\t\t\t\t<div class=\"elementor-spacer\">\n\t\t\t<div class=\"elementor-spacer-inner\"><\/div>\n\t\t<\/div>\n\t\t\t\t<\/div>\n\t\t\t\t<\/div>\n\t\t\t\t\t<\/div>\n\t\t<\/div>\n\t\t\t\t\t\t\t<\/div>\n\t\t<\/section>\n\t\t\t\t<section class=\"elementor-section elementor-top-section elementor-element elementor-element-6bf2df4 elementor-section-boxed elementor-section-height-default elementor-section-height-default\" data-id=\"6bf2df4\" data-element_type=\"section\" data-settings=\"{&quot;background_background&quot;:&quot;classic&quot;}\">\n\t\t\t\t\t\t<div class=\"elementor-container elementor-column-gap-default\">\n\t\t\t\t\t<div class=\"elementor-column elementor-col-100 elementor-top-column elementor-element elementor-element-1105f537\" data-id=\"1105f537\" data-element_type=\"column\">\n\t\t\t<div class=\"elementor-widget-wrap elementor-element-populated\">\n\t\t\t\t\t\t\t\t<div class=\"elementor-element elementor-element-4626e90d elementor-widget elementor-widget-text-editor\" data-id=\"4626e90d\" data-element_type=\"widget\" data-widget_type=\"text-editor.default\">\n\t\t\t\t<div class=\"elementor-widget-container\">\n\t\t\t\t\t\t\t<p><strong>NOUS RECOMMANDONS LE SOUS-TITRAGE POUR\u00a0:<\/strong><\/p>\n<ul>\n<li>Inclure des traductions de dialogues dans une vid\u00e9o, un webinaire ou tout autre contenu multim\u00e9dia,<\/li>\n<li>Rendre un produit audiovisuel accessible \u00e0 un public sourd ou malentendant,<\/li>\n<li>Internationaliser un cours de formation, une vid\u00e9o d&rsquo;entreprise ou un spot publicitaire gr\u00e2ce \u00e0 des sous-titres multilingues,<\/li>\n<li>Am\u00e9liorer la convivialit\u00e9 des vid\u00e9os \u00e9ditoriales, notamment celles destin\u00e9es aux dispositifs mobiles, en augmentant la dur\u00e9e de visionnage m\u00eame sans son.<\/li>\n<\/ul>\n\t\t\t\t\t\t<\/div>\n\t\t\t\t<\/div>\n\t\t\t\t\t<\/div>\n\t\t<\/div>\n\t\t\t\t\t\t\t<\/div>\n\t\t<\/section>\n\t\t\t\t<section class=\"elementor-section elementor-top-section elementor-element elementor-element-6b14da6e elementor-section-full_width elementor-section-height-default elementor-section-height-default\" data-id=\"6b14da6e\" data-element_type=\"section\">\n\t\t\t\t\t\t<div class=\"elementor-container elementor-column-gap-default\">\n\t\t\t\t\t<div class=\"elementor-column elementor-col-100 elementor-top-column elementor-element elementor-element-6c8a084f\" data-id=\"6c8a084f\" data-element_type=\"column\">\n\t\t\t<div class=\"elementor-widget-wrap elementor-element-populated\">\n\t\t\t\t\t\t\t\t<div class=\"elementor-element elementor-element-21e15b89 elementor-widget elementor-widget-spacer\" data-id=\"21e15b89\" data-element_type=\"widget\" data-widget_type=\"spacer.default\">\n\t\t\t\t<div class=\"elementor-widget-container\">\n\t\t\t\t\t<div class=\"elementor-spacer\">\n\t\t\t<div class=\"elementor-spacer-inner\"><\/div>\n\t\t<\/div>\n\t\t\t\t<\/div>\n\t\t\t\t<\/div>\n\t\t\t\t<div class=\"elementor-element elementor-element-38b423fb elementor-widget elementor-widget-spacer\" data-id=\"38b423fb\" data-element_type=\"widget\" data-widget_type=\"spacer.default\">\n\t\t\t\t<div class=\"elementor-widget-container\">\n\t\t\t\t\t<div class=\"elementor-spacer\">\n\t\t\t<div class=\"elementor-spacer-inner\"><\/div>\n\t\t<\/div>\n\t\t\t\t<\/div>\n\t\t\t\t<\/div>\n\t\t\t\t\t<\/div>\n\t\t<\/div>\n\t\t\t\t\t\t\t<\/div>\n\t\t<\/section>\n\t\t\t\t<section class=\"elementor-section elementor-top-section elementor-element elementor-element-4cd26b99 elementor-section-stretched elementor-section-boxed elementor-section-height-default elementor-section-height-default\" data-id=\"4cd26b99\" data-element_type=\"section\" data-settings=\"{&quot;background_background&quot;:&quot;classic&quot;,&quot;stretch_section&quot;:&quot;section-stretched&quot;}\">\n\t\t\t\t\t\t<div class=\"elementor-container elementor-column-gap-no\">\n\t\t\t\t\t<div class=\"elementor-column elementor-col-100 elementor-top-column elementor-element elementor-element-2cf22825\" data-id=\"2cf22825\" data-element_type=\"column\">\n\t\t\t<div class=\"elementor-widget-wrap elementor-element-populated\">\n\t\t\t\t\t\t\t\t<section class=\"elementor-section elementor-inner-section elementor-element elementor-element-6cd166a elementor-section-boxed elementor-section-height-default elementor-section-height-default\" data-id=\"6cd166a\" data-element_type=\"section\">\n\t\t\t\t\t\t<div class=\"elementor-container elementor-column-gap-wider\">\n\t\t\t\t\t<div class=\"elementor-column elementor-col-50 elementor-inner-column elementor-element elementor-element-25a9388b\" data-id=\"25a9388b\" data-element_type=\"column\">\n\t\t\t<div class=\"elementor-widget-wrap elementor-element-populated\">\n\t\t\t\t\t\t\t\t<div class=\"elementor-element elementor-element-15aff3fb elementor-widget-tablet__width-inherit elementor-widget elementor-widget-heading\" data-id=\"15aff3fb\" data-element_type=\"widget\" data-widget_type=\"heading.default\">\n\t\t\t\t<div class=\"elementor-widget-container\">\n\t\t\t<h3 class=\"elementor-heading-title elementor-size-default\">Obtenez un devis gratuit dans les 24 heures !<\/h3>\t\t<\/div>\n\t\t\t\t<\/div>\n\t\t\t\t\t<\/div>\n\t\t<\/div>\n\t\t\t\t<div class=\"elementor-column elementor-col-50 elementor-inner-column elementor-element elementor-element-1fe7ec8c\" data-id=\"1fe7ec8c\" data-element_type=\"column\">\n\t\t\t<div class=\"elementor-widget-wrap elementor-element-populated\">\n\t\t\t\t\t\t\t\t<div class=\"elementor-element elementor-element-68df9421 elementor-align-justify elementor-tablet-align-center elementor-widget elementor-widget-the7_button_widget\" data-id=\"68df9421\" data-element_type=\"widget\" data-widget_type=\"the7_button_widget.default\">\n\t\t\t\t<div class=\"elementor-widget-container\">\n\t\t\t<div class=\"elementor-button-wrapper\"><a href=\"https:\/\/www.translationagency.it\/fr\/devis\/\" class=\"box-button elementor-button elementor-size-xl\">Demande de devis<\/a><\/div>\t\t<\/div>\n\t\t\t\t<\/div>\n\t\t\t\t\t<\/div>\n\t\t<\/div>\n\t\t\t\t\t\t\t<\/div>\n\t\t<\/section>\n\t\t\t\t\t<\/div>\n\t\t<\/div>\n\t\t\t\t\t\t\t<\/div>\n\t\t<\/section>\n\t\t\t\t\t\t\t<\/div>\n\t\t","protected":false},"excerpt":{"rendered":"<p>SOUS-TITRAGE Le sous-titrage est un moyen efficace qui facilite la compr\u00e9hension d&rsquo;un texte audiovisuel. Il permet d&rsquo;\u00e9largir le public destinataire d&rsquo;un contenu multim\u00e9dia en le rendant compr\u00e9hensible et accessible notamment aux malentendants et aux publics \u00e9trangers. Cr\u00e9ation de sous-titres pour les vid\u00e9os et les produits multim\u00e9dia La vid\u00e9o est, sans aucun doute, le contenu du&hellip;<\/p>\n","protected":false},"author":5,"featured_media":44812,"parent":0,"menu_order":0,"comment_status":"closed","ping_status":"closed","template":"","meta":{"_monsterinsights_skip_tracking":false,"_monsterinsights_sitenote_active":false,"_monsterinsights_sitenote_note":"","_monsterinsights_sitenote_category":0,"footnotes":""},"yoast_head":"<!-- This site is optimized with the Yoast SEO plugin v21.1 - https:\/\/yoast.com\/wordpress\/plugins\/seo\/ -->\n<title>Traductions pour sous-titrage vid\u00e9o - Translation Agency<\/title>\n<meta name=\"description\" content=\"Vos vid\u00e9os ont besoin de sous-titres efficaces ? Faites confiance \u00e0 nos experts dans la traduction de sous-titres.\" \/>\n<meta name=\"robots\" content=\"index, follow, max-snippet:-1, max-image-preview:large, max-video-preview:-1\" \/>\n<link rel=\"canonical\" href=\"https:\/\/www.translationagency.it\/sottotitolaggio\/\" \/>\n<meta property=\"og:locale\" content=\"fr_FR\" \/>\n<meta property=\"og:type\" content=\"article\" \/>\n<meta property=\"og:title\" content=\"Traductions pour sous-titrage vid\u00e9o - Translation Agency\" \/>\n<meta property=\"og:description\" content=\"Vos vid\u00e9os ont besoin de sous-titres efficaces ? Faites confiance \u00e0 nos experts dans la traduction de sous-titres.\" \/>\n<meta property=\"og:url\" content=\"https:\/\/www.translationagency.it\/sottotitolaggio\/\" \/>\n<meta property=\"og:site_name\" content=\"Translation Agency\" \/>\n<meta property=\"article:modified_time\" content=\"2023-12-22T12:15:54+00:00\" \/>\n<meta name=\"twitter:card\" content=\"summary_large_image\" \/>\n<meta name=\"twitter:image\" content=\"https:\/\/www.translationagency.it\/wp-content\/uploads\/2021\/12\/SERVIZI_SOTTOTITOLAGGIO_1-1.svg\" \/>\n<meta name=\"twitter:label1\" content=\"Dur\u00e9e de lecture estim\u00e9e\" \/>\n\t<meta name=\"twitter:data1\" content=\"3 minutes\" \/>\n<script type=\"application\/ld+json\" class=\"yoast-schema-graph\">{\"@context\":\"https:\/\/schema.org\",\"@graph\":[{\"@type\":\"WebPage\",\"@id\":\"https:\/\/www.translationagency.it\/sottotitolaggio\/\",\"url\":\"https:\/\/www.translationagency.it\/sottotitolaggio\/\",\"name\":\"Traductions pour sous-titrage vid\u00e9o - Translation Agency\",\"isPartOf\":{\"@id\":\"https:\/\/www.translationagency.it\/#website\"},\"datePublished\":\"2022-06-30T13:36:48+00:00\",\"dateModified\":\"2023-12-22T12:15:54+00:00\",\"description\":\"Vos vid\u00e9os ont besoin de sous-titres efficaces ? Faites confiance \u00e0 nos experts dans la traduction de sous-titres.\",\"breadcrumb\":{\"@id\":\"https:\/\/www.translationagency.it\/sottotitolaggio\/#breadcrumb\"},\"inLanguage\":\"fr-FR\",\"potentialAction\":[{\"@type\":\"ReadAction\",\"target\":[\"https:\/\/www.translationagency.it\/sottotitolaggio\/\"]}]},{\"@type\":\"BreadcrumbList\",\"@id\":\"https:\/\/www.translationagency.it\/sottotitolaggio\/#breadcrumb\",\"itemListElement\":[{\"@type\":\"ListItem\",\"position\":1,\"name\":\"Home\",\"item\":\"https:\/\/www.translationagency.it\/\"},{\"@type\":\"ListItem\",\"position\":2,\"name\":\"SOUS-TITRAGE\"}]},{\"@type\":\"WebSite\",\"@id\":\"https:\/\/www.translationagency.it\/#website\",\"url\":\"https:\/\/www.translationagency.it\/\",\"name\":\"Translation Agency\",\"description\":\"\",\"publisher\":{\"@id\":\"https:\/\/www.translationagency.it\/#organization\"},\"potentialAction\":[{\"@type\":\"SearchAction\",\"target\":{\"@type\":\"EntryPoint\",\"urlTemplate\":\"https:\/\/www.translationagency.it\/?s={search_term_string}\"},\"query-input\":\"required name=search_term_string\"}],\"inLanguage\":\"fr-FR\"},{\"@type\":\"Organization\",\"@id\":\"https:\/\/www.translationagency.it\/#organization\",\"name\":\"Translation Agency\",\"url\":\"https:\/\/www.translationagency.it\/\",\"logo\":{\"@type\":\"ImageObject\",\"inLanguage\":\"fr-FR\",\"@id\":\"https:\/\/www.translationagency.it\/#\/schema\/logo\/image\/\",\"url\":\"https:\/\/www.translationagency.it\/wp-content\/uploads\/2021\/12\/logo-ta-1.png\",\"contentUrl\":\"https:\/\/www.translationagency.it\/wp-content\/uploads\/2021\/12\/logo-ta-1.png\",\"width\":122,\"height\":48,\"caption\":\"Translation Agency\"},\"image\":{\"@id\":\"https:\/\/www.translationagency.it\/#\/schema\/logo\/image\/\"}}]}<\/script>\n<!-- \/ Yoast SEO plugin. -->","yoast_head_json":{"title":"Traductions pour sous-titrage vid\u00e9o - Translation Agency","description":"Vos vid\u00e9os ont besoin de sous-titres efficaces ? Faites confiance \u00e0 nos experts dans la traduction de sous-titres.","robots":{"index":"index","follow":"follow","max-snippet":"max-snippet:-1","max-image-preview":"max-image-preview:large","max-video-preview":"max-video-preview:-1"},"canonical":"https:\/\/www.translationagency.it\/sottotitolaggio\/","og_locale":"fr_FR","og_type":"article","og_title":"Traductions pour sous-titrage vid\u00e9o - Translation Agency","og_description":"Vos vid\u00e9os ont besoin de sous-titres efficaces ? Faites confiance \u00e0 nos experts dans la traduction de sous-titres.","og_url":"https:\/\/www.translationagency.it\/sottotitolaggio\/","og_site_name":"Translation Agency","article_modified_time":"2023-12-22T12:15:54+00:00","twitter_card":"summary_large_image","twitter_image":"https:\/\/www.translationagency.it\/wp-content\/uploads\/2021\/12\/SERVIZI_SOTTOTITOLAGGIO_1-1.svg","twitter_misc":{"Dur\u00e9e de lecture estim\u00e9e":"3 minutes"},"schema":{"@context":"https:\/\/schema.org","@graph":[{"@type":"WebPage","@id":"https:\/\/www.translationagency.it\/sottotitolaggio\/","url":"https:\/\/www.translationagency.it\/sottotitolaggio\/","name":"Traductions pour sous-titrage vid\u00e9o - Translation Agency","isPartOf":{"@id":"https:\/\/www.translationagency.it\/#website"},"datePublished":"2022-06-30T13:36:48+00:00","dateModified":"2023-12-22T12:15:54+00:00","description":"Vos vid\u00e9os ont besoin de sous-titres efficaces ? Faites confiance \u00e0 nos experts dans la traduction de sous-titres.","breadcrumb":{"@id":"https:\/\/www.translationagency.it\/sottotitolaggio\/#breadcrumb"},"inLanguage":"fr-FR","potentialAction":[{"@type":"ReadAction","target":["https:\/\/www.translationagency.it\/sottotitolaggio\/"]}]},{"@type":"BreadcrumbList","@id":"https:\/\/www.translationagency.it\/sottotitolaggio\/#breadcrumb","itemListElement":[{"@type":"ListItem","position":1,"name":"Home","item":"https:\/\/www.translationagency.it\/"},{"@type":"ListItem","position":2,"name":"SOUS-TITRAGE"}]},{"@type":"WebSite","@id":"https:\/\/www.translationagency.it\/#website","url":"https:\/\/www.translationagency.it\/","name":"Translation Agency","description":"","publisher":{"@id":"https:\/\/www.translationagency.it\/#organization"},"potentialAction":[{"@type":"SearchAction","target":{"@type":"EntryPoint","urlTemplate":"https:\/\/www.translationagency.it\/?s={search_term_string}"},"query-input":"required name=search_term_string"}],"inLanguage":"fr-FR"},{"@type":"Organization","@id":"https:\/\/www.translationagency.it\/#organization","name":"Translation Agency","url":"https:\/\/www.translationagency.it\/","logo":{"@type":"ImageObject","inLanguage":"fr-FR","@id":"https:\/\/www.translationagency.it\/#\/schema\/logo\/image\/","url":"https:\/\/www.translationagency.it\/wp-content\/uploads\/2021\/12\/logo-ta-1.png","contentUrl":"https:\/\/www.translationagency.it\/wp-content\/uploads\/2021\/12\/logo-ta-1.png","width":122,"height":48,"caption":"Translation Agency"},"image":{"@id":"https:\/\/www.translationagency.it\/#\/schema\/logo\/image\/"}}]}},"_links":{"self":[{"href":"https:\/\/www.translationagency.it\/fr\/wp-json\/wp\/v2\/pages\/45124"}],"collection":[{"href":"https:\/\/www.translationagency.it\/fr\/wp-json\/wp\/v2\/pages"}],"about":[{"href":"https:\/\/www.translationagency.it\/fr\/wp-json\/wp\/v2\/types\/page"}],"author":[{"embeddable":true,"href":"https:\/\/www.translationagency.it\/fr\/wp-json\/wp\/v2\/users\/5"}],"replies":[{"embeddable":true,"href":"https:\/\/www.translationagency.it\/fr\/wp-json\/wp\/v2\/comments?post=45124"}],"version-history":[{"count":12,"href":"https:\/\/www.translationagency.it\/fr\/wp-json\/wp\/v2\/pages\/45124\/revisions"}],"predecessor-version":[{"id":47748,"href":"https:\/\/www.translationagency.it\/fr\/wp-json\/wp\/v2\/pages\/45124\/revisions\/47748"}],"wp:featuredmedia":[{"embeddable":true,"href":"https:\/\/www.translationagency.it\/fr\/wp-json\/wp\/v2\/media\/44812"}],"wp:attachment":[{"href":"https:\/\/www.translationagency.it\/fr\/wp-json\/wp\/v2\/media?parent=45124"}],"curies":[{"name":"wp","href":"https:\/\/api.w.org\/{rel}","templated":true}]}}