{"id":45111,"date":"2022-06-30T15:06:55","date_gmt":"2022-06-30T13:06:55","guid":{"rendered":"https:\/\/www.translationagency.it\/traduction-automatique-avec-post-edition\/"},"modified":"2023-12-22T13:39:57","modified_gmt":"2023-12-22T12:39:57","slug":"traduction-automatique-avec-post-edition","status":"publish","type":"page","link":"https:\/\/www.translationagency.it\/fr\/traduction-automatique-avec-post-edition\/","title":{"rendered":"Traduction automatique avec post-\u00e9dition"},"content":{"rendered":"\t\t<div data-elementor-type=\"wp-page\" data-elementor-id=\"45111\" class=\"elementor elementor-45111 elementor-43453\">\n\t\t\t\t\t\t\t\t\t<section class=\"elementor-section elementor-top-section elementor-element elementor-element-4856814 elementor-section-boxed elementor-section-height-default elementor-section-height-default\" data-id=\"4856814\" data-element_type=\"section\">\n\t\t\t\t\t\t<div class=\"elementor-container elementor-column-gap-default\">\n\t\t\t\t\t<div class=\"elementor-column elementor-col-100 elementor-top-column elementor-element elementor-element-254d729\" data-id=\"254d729\" data-element_type=\"column\">\n\t\t\t<div class=\"elementor-widget-wrap elementor-element-populated\">\n\t\t\t\t\t\t\t\t<section class=\"elementor-section elementor-inner-section elementor-element elementor-element-7cd7ac2 elementor-section-boxed elementor-section-height-default elementor-section-height-default\" data-id=\"7cd7ac2\" data-element_type=\"section\">\n\t\t\t\t\t\t<div class=\"elementor-container elementor-column-gap-default\">\n\t\t\t\t\t<div class=\"elementor-column elementor-col-33 elementor-inner-column elementor-element elementor-element-07218eb\" data-id=\"07218eb\" data-element_type=\"column\">\n\t\t\t<div class=\"elementor-widget-wrap elementor-element-populated\">\n\t\t\t\t\t\t\t\t<div class=\"elementor-element elementor-element-7756221 elementor-widget elementor-widget-image\" data-id=\"7756221\" data-element_type=\"widget\" data-widget_type=\"image.default\">\n\t\t\t\t<div class=\"elementor-widget-container\">\n\t\t\t\t\t\t\t\t\t\t\t\t\t\t\t<img decoding=\"async\" loading=\"lazy\" width=\"626\" height=\"626\" src=\"https:\/\/www.translationagency.it\/wp-content\/uploads\/2022\/01\/SERVIZI_MTPE_ICONA.png\" class=\"attachment-large size-large wp-image-43806\" alt=\"\" srcset=\"https:\/\/www.translationagency.it\/wp-content\/uploads\/2022\/01\/SERVIZI_MTPE_ICONA.png 626w, https:\/\/www.translationagency.it\/wp-content\/uploads\/2022\/01\/SERVIZI_MTPE_ICONA-300x300.png 300w, https:\/\/www.translationagency.it\/wp-content\/uploads\/2022\/01\/SERVIZI_MTPE_ICONA-150x150.png 150w, https:\/\/www.translationagency.it\/wp-content\/uploads\/2022\/01\/SERVIZI_MTPE_ICONA-600x600.png 600w, https:\/\/www.translationagency.it\/wp-content\/uploads\/2022\/01\/SERVIZI_MTPE_ICONA-200x200.png 200w\" sizes=\"(max-width: 626px) 100vw, 626px\" \/>\t\t\t\t\t\t\t\t\t\t\t\t\t\t\t<\/div>\n\t\t\t\t<\/div>\n\t\t\t\t\t<\/div>\n\t\t<\/div>\n\t\t\t\t<div class=\"elementor-column elementor-col-66 elementor-inner-column elementor-element elementor-element-873271e\" data-id=\"873271e\" data-element_type=\"column\">\n\t\t\t<div class=\"elementor-widget-wrap elementor-element-populated\">\n\t\t\t\t\t\t\t\t<div class=\"elementor-element elementor-element-d6f1678 elementor-widget elementor-widget-heading\" data-id=\"d6f1678\" data-element_type=\"widget\" data-widget_type=\"heading.default\">\n\t\t\t\t<div class=\"elementor-widget-container\">\n\t\t\t<h1 class=\"elementor-heading-title elementor-size-default\">Traduction automatique avec post-\u00e9dition<\/h1>\t\t<\/div>\n\t\t\t\t<\/div>\n\t\t\t\t<div class=\"elementor-element elementor-element-51875e2 elementor-widget elementor-widget-text-editor\" data-id=\"51875e2\" data-element_type=\"widget\" data-widget_type=\"text-editor.default\">\n\t\t\t\t<div class=\"elementor-widget-container\">\n\t\t\t\t\t\t\t<p>La <strong>MTPE<\/strong> est un processus linguistique bas\u00e9 sur une <strong>traduction automatique suivie d\u2019une post-\u00e9dition<\/strong> (r\u00e9vision) par un professionnel. Ce proc\u00e9d\u00e9 permet d\u2019obtenir des traductions rapides \u00e0 un prix et une qualit\u00e9 inf\u00e9rieurs \u00e0 ceux d&rsquo;une traduction enti\u00e8rement \u00ab\u00a0humaine\u00a0\u00bb. Il est particuli\u00e8rement adapt\u00e9 aux <strong>textes destin\u00e9s \u00e0 l\u2019usage interne de l&rsquo;entreprise ou \u00e0 un usage priv\u00e9<\/strong> qui ne seront pas publi\u00e9s ou diffus\u00e9s.<\/p>\n\t\t\t\t\t\t<\/div>\n\t\t\t\t<\/div>\n\t\t\t\t\t<\/div>\n\t\t<\/div>\n\t\t\t\t\t\t\t<\/div>\n\t\t<\/section>\n\t\t\t\t\t<\/div>\n\t\t<\/div>\n\t\t\t\t\t\t\t<\/div>\n\t\t<\/section>\n\t\t\t\t<section class=\"elementor-section elementor-top-section elementor-element elementor-element-1a85e68c elementor-section-stretched elementor-section-boxed elementor-section-height-default elementor-section-height-default\" data-id=\"1a85e68c\" data-element_type=\"section\" data-settings=\"{&quot;stretch_section&quot;:&quot;section-stretched&quot;}\">\n\t\t\t\t\t\t<div class=\"elementor-container elementor-column-gap-default\">\n\t\t\t\t\t<div class=\"elementor-column elementor-col-100 elementor-top-column elementor-element elementor-element-41b74f98\" data-id=\"41b74f98\" data-element_type=\"column\">\n\t\t\t<div class=\"elementor-widget-wrap elementor-element-populated\">\n\t\t\t\t\t\t\t\t<div class=\"elementor-element elementor-element-7b71740b elementor-widget elementor-widget-text-editor\" data-id=\"7b71740b\" data-element_type=\"widget\" data-widget_type=\"text-editor.default\">\n\t\t\t\t<div class=\"elementor-widget-container\">\n\t\t\t\t\t\t\t<h3><strong>ID\u00c9AL POUR DES TRADUCTIONS RAPIDES ET A CO\u00dbT R\u00c9DUIT<\/strong><\/h3>\n<p>Si nous avons besoin de comprendre le simple sens d&rsquo;un texte \u00e9crit en japonais, en russe ou dans une autre langue, une traduction r\u00e9alis\u00e9e par un logiciel et relue par un traducteur professionnel peut \u00eatre plus que suffisante. Dans le jargon du secteur, ce mode de traduction est connu sous le nom de<strong> MTPE, <\/strong>d\u2019apr\u00e8s les initiales en anglais de \u00ab\u00a0traduction automatique avec post-\u00e9dition\u00a0\u00bb. Gr\u00e2ce \u00e0 la <strong>MTPE<\/strong>, nous pouvons r\u00e9aliser rapidement une grande vari\u00e9t\u00e9 de traductions, tant \u00e0 des fins priv\u00e9es qu&rsquo;\u00e0 usage commercial ou professionnel. Pensez par exemple aux appels d&rsquo;offres et \u00e0 la documentation que vous devez conna\u00eetre et \u00e9valuer avant de d\u00e9cider d\u2019y participer avec votre soci\u00e9t\u00e9 ou votre entreprise. Comme dans de nombreux autres cas, il peut \u00eatre judicieux de <strong>limiter le travail \u00e0 une traduction rapide<\/strong>, ce qui permet non seulement d\u2019assurer un d\u00e9lai de livraison r\u00e9duit, mais aussi un prix inf\u00e9rieur \u00e0 celui d&rsquo;une traduction compl\u00e8te et approfondie effectu\u00e9e par un traducteur natif. Quand l&rsquo;utiliser ? Cela d\u00e9pend ! Contactez nos experts sans engagement pour savoir si votre traduction est adapt\u00e9e \u00e0 un travail MTPE.<\/p>\n\t\t\t\t\t\t<\/div>\n\t\t\t\t<\/div>\n\t\t\t\t\t<\/div>\n\t\t<\/div>\n\t\t\t\t\t\t\t<\/div>\n\t\t<\/section>\n\t\t\t\t<section class=\"elementor-section elementor-top-section elementor-element elementor-element-a24b9c1 elementor-section-stretched elementor-section-boxed elementor-section-height-default elementor-section-height-default\" data-id=\"a24b9c1\" data-element_type=\"section\" data-settings=\"{&quot;stretch_section&quot;:&quot;section-stretched&quot;}\">\n\t\t\t\t\t\t<div class=\"elementor-container elementor-column-gap-default\">\n\t\t\t\t\t<div class=\"elementor-column elementor-col-100 elementor-top-column elementor-element elementor-element-578b9f29\" data-id=\"578b9f29\" data-element_type=\"column\">\n\t\t\t<div class=\"elementor-widget-wrap elementor-element-populated\">\n\t\t\t\t\t\t\t\t<div class=\"elementor-element elementor-element-6df13f15 elementor-align-center elementor-widget elementor-widget-button\" data-id=\"6df13f15\" data-element_type=\"widget\" data-widget_type=\"button.default\">\n\t\t\t\t<div class=\"elementor-widget-container\">\n\t\t\t\t\t<div class=\"elementor-button-wrapper\">\n\t\t\t<a class=\"elementor-button elementor-button-link elementor-size-lg\" href=\"https:\/\/www.translationagency.it\/fr\/contacts\/\">\n\t\t\t\t\t\t<span class=\"elementor-button-content-wrapper\">\n\t\t\t\t\t\t<span class=\"elementor-button-text\">Contactez-nous sans engagement pour conna\u00eetre nos tarifs <\/span>\n\t\t<\/span>\n\t\t\t\t\t<\/a>\n\t\t<\/div>\n\t\t\t\t<\/div>\n\t\t\t\t<\/div>\n\t\t\t\t\t<\/div>\n\t\t<\/div>\n\t\t\t\t\t\t\t<\/div>\n\t\t<\/section>\n\t\t\t\t<section class=\"elementor-section elementor-top-section elementor-element elementor-element-3777dbae elementor-section-stretched elementor-section-boxed elementor-section-height-default elementor-section-height-default\" data-id=\"3777dbae\" data-element_type=\"section\" data-settings=\"{&quot;stretch_section&quot;:&quot;section-stretched&quot;}\">\n\t\t\t\t\t\t<div class=\"elementor-container elementor-column-gap-default\">\n\t\t\t\t\t<div class=\"elementor-column elementor-col-100 elementor-top-column elementor-element elementor-element-d24e5e1\" data-id=\"d24e5e1\" data-element_type=\"column\">\n\t\t\t<div class=\"elementor-widget-wrap elementor-element-populated\">\n\t\t\t\t\t\t\t\t<div class=\"elementor-element elementor-element-5824fe5 elementor-widget elementor-widget-spacer\" data-id=\"5824fe5\" data-element_type=\"widget\" data-widget_type=\"spacer.default\">\n\t\t\t\t<div class=\"elementor-widget-container\">\n\t\t\t\t\t<div class=\"elementor-spacer\">\n\t\t\t<div class=\"elementor-spacer-inner\"><\/div>\n\t\t<\/div>\n\t\t\t\t<\/div>\n\t\t\t\t<\/div>\n\t\t\t\t<div class=\"elementor-element elementor-element-7fa30351 elementor-widget elementor-widget-text-editor\" data-id=\"7fa30351\" data-element_type=\"widget\" data-widget_type=\"text-editor.default\">\n\t\t\t\t<div class=\"elementor-widget-container\">\n\t\t\t\t\t\t\t<h3><strong>COMMENT FONCTIONNE UNE TRADUCTION MTPE (ET QUAND C&rsquo;EST UNE BONNE SOLUTION)<\/strong><\/h3>\n<p>\u00c0 partir de ces consid\u00e9rations, essayons de mieux comprendre le fonctionnement d\u2019une traduction MTPE. En premier lieu, il convient de pr\u00e9ciser que la premi\u00e8re phase, comme son nom l&rsquo;indique, est r\u00e9alis\u00e9e par une machine, c&rsquo;est-\u00e0-dire un outil de TAO. Si, d\u2019une part, ces logiciels sont tr\u00e8s rapides, ils commettent aussi<strong> des erreurs de traitement grossi\u00e8res.<\/strong> Ces erreurs doivent ensuite \u00eatre d\u00e9tect\u00e9es et corrig\u00e9es dans la phase de post-\u00e9dition par un traducteur en chair et en os. Il est important que le traducteur responsable soit un expert en MTPE form\u00e9 \u00e0 la manipulation des outils sp\u00e9cifiques de traitement de texte ainsi qu&rsquo;\u00e0 la terminologie \u00e0 utiliser. La traduction MTPE n&rsquo;est donc jamais un raccourci, mais un outil limit\u00e9 \u00e0 utiliser dans des situations bien d\u00e9finies.<strong> Les textes r\u00e9dactionnels, de communication et de marketing<\/strong>, par exemple, se pr\u00eatent mal \u00e0 ce type de traduction, car les proc\u00e9d\u00e9s de traduction automatique risquent de compromettre l&rsquo;efficacit\u00e9 de messages complexes en renvoyant des contenus qui ne d\u00e9ploient pas tout leur potentiel de persuasion. Toutefois, si vous pensez que la MTPE vous convient et si vous souhaitez en savoir plus sur les tarifs et les m\u00e9thodes de traduction que nous proposons, veuillez <a href=\"https:\/\/www.translationagency.it\/fr\/contacts\/\">nous contacter par courriel ou par t\u00e9l\u00e9phone<\/a> d\u00e8s aujourd&rsquo;hui.<\/p>\n\t\t\t\t\t\t<\/div>\n\t\t\t\t<\/div>\n\t\t\t\t<div class=\"elementor-element elementor-element-31322839 elementor-widget elementor-widget-spacer\" data-id=\"31322839\" data-element_type=\"widget\" data-widget_type=\"spacer.default\">\n\t\t\t\t<div class=\"elementor-widget-container\">\n\t\t\t\t\t<div class=\"elementor-spacer\">\n\t\t\t<div class=\"elementor-spacer-inner\"><\/div>\n\t\t<\/div>\n\t\t\t\t<\/div>\n\t\t\t\t<\/div>\n\t\t\t\t\t<\/div>\n\t\t<\/div>\n\t\t\t\t\t\t\t<\/div>\n\t\t<\/section>\n\t\t\t\t<section class=\"elementor-section elementor-top-section elementor-element elementor-element-68d5278d elementor-section-boxed elementor-section-height-default elementor-section-height-default\" data-id=\"68d5278d\" data-element_type=\"section\" data-settings=\"{&quot;background_background&quot;:&quot;classic&quot;}\">\n\t\t\t\t\t\t<div class=\"elementor-container elementor-column-gap-default\">\n\t\t\t\t\t<div class=\"elementor-column elementor-col-100 elementor-top-column elementor-element elementor-element-63a02365\" data-id=\"63a02365\" data-element_type=\"column\">\n\t\t\t<div class=\"elementor-widget-wrap elementor-element-populated\">\n\t\t\t\t\t\t\t\t<div class=\"elementor-element elementor-element-1cdd53f3 elementor-widget elementor-widget-text-editor\" data-id=\"1cdd53f3\" data-element_type=\"widget\" data-widget_type=\"text-editor.default\">\n\t\t\t\t<div class=\"elementor-widget-container\">\n\t\t\t\t\t\t\t<h3><strong>NOUS RECOMMANDONS LA TRADUCTION PAR MTPE POUR :<\/strong><\/h3>\n<ul>\n<li>la traduction de documents destin\u00e9s \u00e0 l&rsquo;usage interne de l&rsquo;entreprise,<\/li>\n<li>l&rsquo;interpr\u00e9tation de textes universitaires ou \u00e0 usage priv\u00e9,<\/li>\n<li>la r\u00e9alisation de projets de communication non professionnels, o\u00f9 la finalit\u00e9 principale est la r\u00e9duction des co\u00fbts et le respect du budget<\/li>\n<\/ul>\n\t\t\t\t\t\t<\/div>\n\t\t\t\t<\/div>\n\t\t\t\t\t<\/div>\n\t\t<\/div>\n\t\t\t\t\t\t\t<\/div>\n\t\t<\/section>\n\t\t\t\t<section class=\"elementor-section elementor-top-section elementor-element elementor-element-2a09c673 elementor-section-full_width elementor-section-height-default elementor-section-height-default\" data-id=\"2a09c673\" data-element_type=\"section\">\n\t\t\t\t\t\t<div class=\"elementor-container elementor-column-gap-default\">\n\t\t\t\t\t<div class=\"elementor-column elementor-col-100 elementor-top-column elementor-element elementor-element-96b398a\" data-id=\"96b398a\" data-element_type=\"column\">\n\t\t\t<div class=\"elementor-widget-wrap elementor-element-populated\">\n\t\t\t\t\t\t\t\t<div class=\"elementor-element elementor-element-5de040c3 elementor-widget elementor-widget-spacer\" data-id=\"5de040c3\" data-element_type=\"widget\" data-widget_type=\"spacer.default\">\n\t\t\t\t<div class=\"elementor-widget-container\">\n\t\t\t\t\t<div class=\"elementor-spacer\">\n\t\t\t<div class=\"elementor-spacer-inner\"><\/div>\n\t\t<\/div>\n\t\t\t\t<\/div>\n\t\t\t\t<\/div>\n\t\t\t\t<div class=\"elementor-element elementor-element-109b7ed1 elementor-widget elementor-widget-spacer\" data-id=\"109b7ed1\" data-element_type=\"widget\" data-widget_type=\"spacer.default\">\n\t\t\t\t<div class=\"elementor-widget-container\">\n\t\t\t\t\t<div class=\"elementor-spacer\">\n\t\t\t<div class=\"elementor-spacer-inner\"><\/div>\n\t\t<\/div>\n\t\t\t\t<\/div>\n\t\t\t\t<\/div>\n\t\t\t\t\t<\/div>\n\t\t<\/div>\n\t\t\t\t\t\t\t<\/div>\n\t\t<\/section>\n\t\t\t\t<section class=\"elementor-section elementor-top-section elementor-element elementor-element-2c89cb1e elementor-section-stretched elementor-section-boxed elementor-section-height-default elementor-section-height-default\" data-id=\"2c89cb1e\" data-element_type=\"section\" data-settings=\"{&quot;background_background&quot;:&quot;classic&quot;,&quot;stretch_section&quot;:&quot;section-stretched&quot;}\">\n\t\t\t\t\t\t<div class=\"elementor-container elementor-column-gap-no\">\n\t\t\t\t\t<div class=\"elementor-column elementor-col-100 elementor-top-column elementor-element elementor-element-3d40b5a1\" data-id=\"3d40b5a1\" data-element_type=\"column\">\n\t\t\t<div class=\"elementor-widget-wrap elementor-element-populated\">\n\t\t\t\t\t\t\t\t<section class=\"elementor-section elementor-inner-section elementor-element elementor-element-2e59f3af elementor-section-boxed elementor-section-height-default elementor-section-height-default\" data-id=\"2e59f3af\" data-element_type=\"section\">\n\t\t\t\t\t\t<div class=\"elementor-container elementor-column-gap-wider\">\n\t\t\t\t\t<div class=\"elementor-column elementor-col-50 elementor-inner-column elementor-element elementor-element-2614c752\" data-id=\"2614c752\" data-element_type=\"column\">\n\t\t\t<div class=\"elementor-widget-wrap elementor-element-populated\">\n\t\t\t\t\t\t\t\t<div class=\"elementor-element elementor-element-41884916 elementor-widget-tablet__width-inherit elementor-widget elementor-widget-heading\" data-id=\"41884916\" data-element_type=\"widget\" data-widget_type=\"heading.default\">\n\t\t\t\t<div class=\"elementor-widget-container\">\n\t\t\t<h3 class=\"elementor-heading-title elementor-size-default\">Contactez-nous sans engagement pour conna\u00eetre nos tarifs <\/h3>\t\t<\/div>\n\t\t\t\t<\/div>\n\t\t\t\t\t<\/div>\n\t\t<\/div>\n\t\t\t\t<div class=\"elementor-column elementor-col-50 elementor-inner-column elementor-element elementor-element-5ea36da8\" data-id=\"5ea36da8\" data-element_type=\"column\">\n\t\t\t<div class=\"elementor-widget-wrap elementor-element-populated\">\n\t\t\t\t\t\t\t\t<div class=\"elementor-element elementor-element-54450c8 elementor-align-justify elementor-tablet-align-center elementor-widget elementor-widget-the7_button_widget\" data-id=\"54450c8\" data-element_type=\"widget\" data-widget_type=\"the7_button_widget.default\">\n\t\t\t\t<div class=\"elementor-widget-container\">\n\t\t\t<div class=\"elementor-button-wrapper\"><a href=\"https:\/\/www.translationagency.it\/fr\/devis\/\" class=\"box-button elementor-button elementor-size-xl\">Richiedi un preventivo!<\/a><\/div>\t\t<\/div>\n\t\t\t\t<\/div>\n\t\t\t\t\t<\/div>\n\t\t<\/div>\n\t\t\t\t\t\t\t<\/div>\n\t\t<\/section>\n\t\t\t\t\t<\/div>\n\t\t<\/div>\n\t\t\t\t\t\t\t<\/div>\n\t\t<\/section>\n\t\t\t\t\t\t\t<\/div>\n\t\t","protected":false},"excerpt":{"rendered":"<p>Traduction automatique avec post-\u00e9dition La MTPE est un processus linguistique bas\u00e9 sur une traduction automatique suivie d\u2019une post-\u00e9dition (r\u00e9vision) par un professionnel. Ce proc\u00e9d\u00e9 permet d\u2019obtenir des traductions rapides \u00e0 un prix et une qualit\u00e9 inf\u00e9rieurs \u00e0 ceux d&rsquo;une traduction enti\u00e8rement \u00ab\u00a0humaine\u00a0\u00bb. Il est particuli\u00e8rement adapt\u00e9 aux textes destin\u00e9s \u00e0 l\u2019usage interne de l&rsquo;entreprise ou&hellip;<\/p>\n","protected":false},"author":5,"featured_media":0,"parent":0,"menu_order":0,"comment_status":"closed","ping_status":"closed","template":"","meta":{"_monsterinsights_skip_tracking":false,"_monsterinsights_sitenote_active":false,"_monsterinsights_sitenote_note":"","_monsterinsights_sitenote_category":0,"footnotes":""},"yoast_head":"<!-- This site is optimized with the Yoast SEO plugin v21.1 - https:\/\/yoast.com\/wordpress\/plugins\/seo\/ -->\n<title>MTPE: Machine translation post-editing | Translation Agency<\/title>\n<meta name=\"description\" content=\"Services sp\u00e9cialis\u00e9s de traduction automatique avec post-\u00e9dition (MTPE) : d\u00e9couvrez-en les avantages et demandez un devis.\" \/>\n<meta name=\"robots\" content=\"index, follow, max-snippet:-1, max-image-preview:large, max-video-preview:-1\" \/>\n<link rel=\"canonical\" href=\"https:\/\/www.translationagency.it\/machine-translation-post-editing\/\" \/>\n<meta property=\"og:locale\" content=\"fr_FR\" \/>\n<meta property=\"og:type\" content=\"article\" \/>\n<meta property=\"og:title\" content=\"MTPE: Machine translation post-editing | Translation Agency\" \/>\n<meta property=\"og:description\" content=\"Services sp\u00e9cialis\u00e9s de traduction automatique avec post-\u00e9dition (MTPE) : d\u00e9couvrez-en les avantages et demandez un devis.\" \/>\n<meta property=\"og:url\" content=\"https:\/\/www.translationagency.it\/machine-translation-post-editing\/\" \/>\n<meta property=\"og:site_name\" content=\"Translation Agency\" \/>\n<meta property=\"article:modified_time\" content=\"2023-12-22T12:39:57+00:00\" \/>\n<meta property=\"og:image\" content=\"https:\/\/www.translationagency.it\/wp-content\/uploads\/2022\/01\/SERVIZI_MTPE_ICONA.png\" \/>\n<meta name=\"twitter:card\" content=\"summary_large_image\" \/>\n<meta name=\"twitter:label1\" content=\"Dur\u00e9e de lecture estim\u00e9e\" \/>\n\t<meta name=\"twitter:data1\" content=\"4 minutes\" \/>\n<script type=\"application\/ld+json\" class=\"yoast-schema-graph\">{\"@context\":\"https:\/\/schema.org\",\"@graph\":[{\"@type\":\"WebPage\",\"@id\":\"https:\/\/www.translationagency.it\/machine-translation-post-editing\/\",\"url\":\"https:\/\/www.translationagency.it\/machine-translation-post-editing\/\",\"name\":\"MTPE: Machine translation post-editing | Translation Agency\",\"isPartOf\":{\"@id\":\"https:\/\/www.translationagency.it\/#website\"},\"datePublished\":\"2022-06-30T13:06:55+00:00\",\"dateModified\":\"2023-12-22T12:39:57+00:00\",\"description\":\"Services sp\u00e9cialis\u00e9s de traduction automatique avec post-\u00e9dition (MTPE) : d\u00e9couvrez-en les avantages et demandez un devis.\",\"breadcrumb\":{\"@id\":\"https:\/\/www.translationagency.it\/machine-translation-post-editing\/#breadcrumb\"},\"inLanguage\":\"fr-FR\",\"potentialAction\":[{\"@type\":\"ReadAction\",\"target\":[\"https:\/\/www.translationagency.it\/machine-translation-post-editing\/\"]}]},{\"@type\":\"BreadcrumbList\",\"@id\":\"https:\/\/www.translationagency.it\/machine-translation-post-editing\/#breadcrumb\",\"itemListElement\":[{\"@type\":\"ListItem\",\"position\":1,\"name\":\"Home\",\"item\":\"https:\/\/www.translationagency.it\/\"},{\"@type\":\"ListItem\",\"position\":2,\"name\":\"Traduction automatique avec post-\u00e9dition\"}]},{\"@type\":\"WebSite\",\"@id\":\"https:\/\/www.translationagency.it\/#website\",\"url\":\"https:\/\/www.translationagency.it\/\",\"name\":\"Translation Agency\",\"description\":\"\",\"publisher\":{\"@id\":\"https:\/\/www.translationagency.it\/#organization\"},\"potentialAction\":[{\"@type\":\"SearchAction\",\"target\":{\"@type\":\"EntryPoint\",\"urlTemplate\":\"https:\/\/www.translationagency.it\/?s={search_term_string}\"},\"query-input\":\"required name=search_term_string\"}],\"inLanguage\":\"fr-FR\"},{\"@type\":\"Organization\",\"@id\":\"https:\/\/www.translationagency.it\/#organization\",\"name\":\"Translation Agency\",\"url\":\"https:\/\/www.translationagency.it\/\",\"logo\":{\"@type\":\"ImageObject\",\"inLanguage\":\"fr-FR\",\"@id\":\"https:\/\/www.translationagency.it\/#\/schema\/logo\/image\/\",\"url\":\"https:\/\/www.translationagency.it\/wp-content\/uploads\/2021\/12\/logo-ta-1.png\",\"contentUrl\":\"https:\/\/www.translationagency.it\/wp-content\/uploads\/2021\/12\/logo-ta-1.png\",\"width\":122,\"height\":48,\"caption\":\"Translation Agency\"},\"image\":{\"@id\":\"https:\/\/www.translationagency.it\/#\/schema\/logo\/image\/\"}}]}<\/script>\n<!-- \/ Yoast SEO plugin. -->","yoast_head_json":{"title":"MTPE: Machine translation post-editing | Translation Agency","description":"Services sp\u00e9cialis\u00e9s de traduction automatique avec post-\u00e9dition (MTPE) : d\u00e9couvrez-en les avantages et demandez un devis.","robots":{"index":"index","follow":"follow","max-snippet":"max-snippet:-1","max-image-preview":"max-image-preview:large","max-video-preview":"max-video-preview:-1"},"canonical":"https:\/\/www.translationagency.it\/machine-translation-post-editing\/","og_locale":"fr_FR","og_type":"article","og_title":"MTPE: Machine translation post-editing | Translation Agency","og_description":"Services sp\u00e9cialis\u00e9s de traduction automatique avec post-\u00e9dition (MTPE) : d\u00e9couvrez-en les avantages et demandez un devis.","og_url":"https:\/\/www.translationagency.it\/machine-translation-post-editing\/","og_site_name":"Translation Agency","article_modified_time":"2023-12-22T12:39:57+00:00","og_image":[{"url":"https:\/\/www.translationagency.it\/wp-content\/uploads\/2022\/01\/SERVIZI_MTPE_ICONA.png"}],"twitter_card":"summary_large_image","twitter_misc":{"Dur\u00e9e de lecture estim\u00e9e":"4 minutes"},"schema":{"@context":"https:\/\/schema.org","@graph":[{"@type":"WebPage","@id":"https:\/\/www.translationagency.it\/machine-translation-post-editing\/","url":"https:\/\/www.translationagency.it\/machine-translation-post-editing\/","name":"MTPE: Machine translation post-editing | Translation Agency","isPartOf":{"@id":"https:\/\/www.translationagency.it\/#website"},"datePublished":"2022-06-30T13:06:55+00:00","dateModified":"2023-12-22T12:39:57+00:00","description":"Services sp\u00e9cialis\u00e9s de traduction automatique avec post-\u00e9dition (MTPE) : d\u00e9couvrez-en les avantages et demandez un devis.","breadcrumb":{"@id":"https:\/\/www.translationagency.it\/machine-translation-post-editing\/#breadcrumb"},"inLanguage":"fr-FR","potentialAction":[{"@type":"ReadAction","target":["https:\/\/www.translationagency.it\/machine-translation-post-editing\/"]}]},{"@type":"BreadcrumbList","@id":"https:\/\/www.translationagency.it\/machine-translation-post-editing\/#breadcrumb","itemListElement":[{"@type":"ListItem","position":1,"name":"Home","item":"https:\/\/www.translationagency.it\/"},{"@type":"ListItem","position":2,"name":"Traduction automatique avec post-\u00e9dition"}]},{"@type":"WebSite","@id":"https:\/\/www.translationagency.it\/#website","url":"https:\/\/www.translationagency.it\/","name":"Translation Agency","description":"","publisher":{"@id":"https:\/\/www.translationagency.it\/#organization"},"potentialAction":[{"@type":"SearchAction","target":{"@type":"EntryPoint","urlTemplate":"https:\/\/www.translationagency.it\/?s={search_term_string}"},"query-input":"required name=search_term_string"}],"inLanguage":"fr-FR"},{"@type":"Organization","@id":"https:\/\/www.translationagency.it\/#organization","name":"Translation Agency","url":"https:\/\/www.translationagency.it\/","logo":{"@type":"ImageObject","inLanguage":"fr-FR","@id":"https:\/\/www.translationagency.it\/#\/schema\/logo\/image\/","url":"https:\/\/www.translationagency.it\/wp-content\/uploads\/2021\/12\/logo-ta-1.png","contentUrl":"https:\/\/www.translationagency.it\/wp-content\/uploads\/2021\/12\/logo-ta-1.png","width":122,"height":48,"caption":"Translation Agency"},"image":{"@id":"https:\/\/www.translationagency.it\/#\/schema\/logo\/image\/"}}]}},"_links":{"self":[{"href":"https:\/\/www.translationagency.it\/fr\/wp-json\/wp\/v2\/pages\/45111"}],"collection":[{"href":"https:\/\/www.translationagency.it\/fr\/wp-json\/wp\/v2\/pages"}],"about":[{"href":"https:\/\/www.translationagency.it\/fr\/wp-json\/wp\/v2\/types\/page"}],"author":[{"embeddable":true,"href":"https:\/\/www.translationagency.it\/fr\/wp-json\/wp\/v2\/users\/5"}],"replies":[{"embeddable":true,"href":"https:\/\/www.translationagency.it\/fr\/wp-json\/wp\/v2\/comments?post=45111"}],"version-history":[{"count":7,"href":"https:\/\/www.translationagency.it\/fr\/wp-json\/wp\/v2\/pages\/45111\/revisions"}],"predecessor-version":[{"id":47773,"href":"https:\/\/www.translationagency.it\/fr\/wp-json\/wp\/v2\/pages\/45111\/revisions\/47773"}],"wp:attachment":[{"href":"https:\/\/www.translationagency.it\/fr\/wp-json\/wp\/v2\/media?parent=45111"}],"curies":[{"name":"wp","href":"https:\/\/api.w.org\/{rel}","templated":true}]}}