{"id":45095,"date":"2022-06-30T14:26:46","date_gmt":"2022-06-30T12:26:46","guid":{"rendered":"https:\/\/www.translationagency.it\/assermentation-et-legalisation\/"},"modified":"2024-01-26T10:25:23","modified_gmt":"2024-01-26T09:25:23","slug":"assermentation-et-legalisation","status":"publish","type":"page","link":"https:\/\/www.translationagency.it\/fr\/assermentation-et-legalisation\/","title":{"rendered":"ASSERMENTATION ET L\u00c9GALISATION"},"content":{"rendered":"\t\t<div data-elementor-type=\"wp-page\" data-elementor-id=\"45095\" class=\"elementor elementor-45095 elementor-43465\">\n\t\t\t\t\t\t\t\t\t<section class=\"elementor-section elementor-top-section elementor-element elementor-element-ea9476f elementor-section-boxed elementor-section-height-default elementor-section-height-default\" data-id=\"ea9476f\" data-element_type=\"section\">\n\t\t\t\t\t\t<div class=\"elementor-container elementor-column-gap-default\">\n\t\t\t\t\t<div class=\"elementor-column elementor-col-100 elementor-top-column elementor-element elementor-element-89f90cb\" data-id=\"89f90cb\" data-element_type=\"column\">\n\t\t\t<div class=\"elementor-widget-wrap elementor-element-populated\">\n\t\t\t\t\t\t\t\t<section class=\"elementor-section elementor-inner-section elementor-element elementor-element-86fc87c elementor-section-boxed elementor-section-height-default elementor-section-height-default\" data-id=\"86fc87c\" data-element_type=\"section\">\n\t\t\t\t\t\t<div class=\"elementor-container elementor-column-gap-default\">\n\t\t\t\t\t<div class=\"elementor-column elementor-col-33 elementor-inner-column elementor-element elementor-element-64ab54d\" data-id=\"64ab54d\" data-element_type=\"column\">\n\t\t\t<div class=\"elementor-widget-wrap elementor-element-populated\">\n\t\t\t\t\t\t\t\t<div class=\"elementor-element elementor-element-603f570 elementor-widget elementor-widget-image\" data-id=\"603f570\" data-element_type=\"widget\" data-widget_type=\"image.default\">\n\t\t\t\t<div class=\"elementor-widget-container\">\n\t\t\t\t\t\t\t\t\t\t\t\t\t\t\t<img decoding=\"async\" loading=\"lazy\" width=\"626\" height=\"626\" src=\"https:\/\/www.translationagency.it\/wp-content\/uploads\/2022\/01\/SERVIZI_LEGALIZZAZIONE_ICONA.png\" class=\"attachment-large size-large wp-image-43788\" alt=\"\" srcset=\"https:\/\/www.translationagency.it\/wp-content\/uploads\/2022\/01\/SERVIZI_LEGALIZZAZIONE_ICONA.png 626w, https:\/\/www.translationagency.it\/wp-content\/uploads\/2022\/01\/SERVIZI_LEGALIZZAZIONE_ICONA-300x300.png 300w, https:\/\/www.translationagency.it\/wp-content\/uploads\/2022\/01\/SERVIZI_LEGALIZZAZIONE_ICONA-150x150.png 150w, https:\/\/www.translationagency.it\/wp-content\/uploads\/2022\/01\/SERVIZI_LEGALIZZAZIONE_ICONA-600x600.png 600w, https:\/\/www.translationagency.it\/wp-content\/uploads\/2022\/01\/SERVIZI_LEGALIZZAZIONE_ICONA-200x200.png 200w\" sizes=\"(max-width: 626px) 100vw, 626px\" \/>\t\t\t\t\t\t\t\t\t\t\t\t\t\t\t<\/div>\n\t\t\t\t<\/div>\n\t\t\t\t\t<\/div>\n\t\t<\/div>\n\t\t\t\t<div class=\"elementor-column elementor-col-66 elementor-inner-column elementor-element elementor-element-163f262\" data-id=\"163f262\" data-element_type=\"column\">\n\t\t\t<div class=\"elementor-widget-wrap elementor-element-populated\">\n\t\t\t\t\t\t\t\t<div class=\"elementor-element elementor-element-f548324 elementor-widget elementor-widget-heading\" data-id=\"f548324\" data-element_type=\"widget\" data-widget_type=\"heading.default\">\n\t\t\t\t<div class=\"elementor-widget-container\">\n\t\t\t<h1 class=\"elementor-heading-title elementor-size-default\">ASSERMENTATION ET L\u00c9GALISATION<\/h1>\t\t<\/div>\n\t\t\t\t<\/div>\n\t\t\t\t<div class=\"elementor-element elementor-element-c69957e elementor-widget elementor-widget-text-editor\" data-id=\"c69957e\" data-element_type=\"widget\" data-widget_type=\"text-editor.default\">\n\t\t\t\t<div class=\"elementor-widget-container\">\n\t\t\t\t\t\t\t<p><span style=\"color: #000000;\"><strong><em>L\u2019assermentation<\/em><\/strong> di un documento tradotto \u00e8 un atto pubblico tramite cui un traduttore presta giuramento della propria traduzione <strong>aupr\u00e8s d\u2019un tribunal ou devant un notaire<\/strong>. De cette fa\u00e7on, le traducteur certifie la correspondance et la fid\u00e9lit\u00e9 de la traduction au document source original en signant la d\u00e9claration pr\u00e9vue \u00e0 cet effet. <strong>La l\u00e9galisation<\/em><\/strong> d\u2019une traduction d\u00e9signe le processus qui aboutit \u00e0 <strong>authentification de la signature <\/strong>appos\u00e9e sur la traduction asserment\u00e9e.<\/span><\/p>\n\t\t\t\t\t\t<\/div>\n\t\t\t\t<\/div>\n\t\t\t\t\t<\/div>\n\t\t<\/div>\n\t\t\t\t\t\t\t<\/div>\n\t\t<\/section>\n\t\t\t\t\t<\/div>\n\t\t<\/div>\n\t\t\t\t\t\t\t<\/div>\n\t\t<\/section>\n\t\t\t\t<section class=\"elementor-section elementor-top-section elementor-element elementor-element-743093ab elementor-section-stretched elementor-section-boxed elementor-section-height-default elementor-section-height-default\" data-id=\"743093ab\" data-element_type=\"section\" data-settings=\"{&quot;stretch_section&quot;:&quot;section-stretched&quot;}\">\n\t\t\t\t\t\t<div class=\"elementor-container elementor-column-gap-default\">\n\t\t\t\t\t<div class=\"elementor-column elementor-col-100 elementor-top-column elementor-element elementor-element-45b815ba\" data-id=\"45b815ba\" data-element_type=\"column\">\n\t\t\t<div class=\"elementor-widget-wrap elementor-element-populated\">\n\t\t\t\t\t\t\t\t<div class=\"elementor-element elementor-element-616d795 elementor-widget__width-initial elementor-widget elementor-widget-text-editor\" data-id=\"616d795\" data-element_type=\"widget\" data-widget_type=\"text-editor.default\">\n\t\t\t\t<div class=\"elementor-widget-container\">\n\t\t\t\t\t\t\t<h2>NOUS DONNONS UNE VALEUR JURIDIQUE \u00c0 VOS DOCUMENTS<\/h2>\n<p>LLa responsabilit\u00e9 d\u2019une traduction est d\u2019une importance capitale dans les domaines<strong> juridique ou l\u00e9gal<\/strong> Dans ces cas, il existe une proc\u00e9dure qui implique des \u00e9tapes suppl\u00e9mentaires : pour avoir une valeur juridique, la traduction doit \u00eatre confirm\u00e9e et \u00ab asserment\u00e9e \u00bb par le traducteur lui-m\u00eame. Plus pr\u00e9cis\u00e9ment, il existe diff\u00e9rentes mani\u00e8res d\u2019assermenter un document, de la simple assermentation \u00e0 la l\u00e9galisation par apostille \u2013 un cachet r\u00e9serv\u00e9 aux actes publics destin\u00e9s \u00e0 tous les pays ayant ratifi\u00e9 la convention de La Haye du 5 octobre 1961 \u2013 sans oublier la l\u00e9galisation consulaire, qui est n\u00e9cessaire pour les pays qui ne figurent pas sur la liste des parties \u00e0 la convention. Quand <strong>un traducteur d\u00e9cide d\u2019assermenter un document<\/strong>, il accepte les cons\u00e9quences juridiques qui peuvent d\u00e9couler d\u2019erreurs de transposition et d\u2019interpr\u00e9tation. L\u2019assermentation consiste donc \u00e0 apposer une signature et un cachet sur l\u2019affidavit correspondant en pr\u00e9sence d\u2019un greffier du tribunal, d\u2019un juge de paix ou d\u2019un notaire. Quant \u00e0 l\u2019apostille et la l\u00e9galisation, il s\u2019agit d\u2019op\u00e9rations compl\u00e9mentaires dont le but est d\u2019assurer le respect des accords internationaux en mati\u00e8re de traduction. Demandez \u00e0 nos experts de vous fournir de plus amples informations sur ce service.<\/p>\n\t\t\t\t\t\t<\/div>\n\t\t\t\t<\/div>\n\t\t\t\t\t<\/div>\n\t\t<\/div>\n\t\t\t\t\t\t\t<\/div>\n\t\t<\/section>\n\t\t\t\t<section class=\"elementor-section elementor-top-section elementor-element elementor-element-303e54e3 elementor-section-stretched elementor-section-boxed elementor-section-height-default elementor-section-height-default\" data-id=\"303e54e3\" data-element_type=\"section\" data-settings=\"{&quot;stretch_section&quot;:&quot;section-stretched&quot;}\">\n\t\t\t\t\t\t<div class=\"elementor-container elementor-column-gap-default\">\n\t\t\t\t\t<div class=\"elementor-column elementor-col-100 elementor-top-column elementor-element elementor-element-388ee328\" data-id=\"388ee328\" data-element_type=\"column\">\n\t\t\t<div class=\"elementor-widget-wrap elementor-element-populated\">\n\t\t\t\t\t\t\t\t<div class=\"elementor-element elementor-element-52c3d883 elementor-align-center elementor-widget elementor-widget-button\" data-id=\"52c3d883\" data-element_type=\"widget\" data-widget_type=\"button.default\">\n\t\t\t\t<div class=\"elementor-widget-container\">\n\t\t\t\t\t<div class=\"elementor-button-wrapper\">\n\t\t\t<a class=\"elementor-button elementor-button-link elementor-size-lg\" href=\"https:\/\/www.translationagency.it\/fr\/devis\/\">\n\t\t\t\t\t\t<span class=\"elementor-button-content-wrapper\">\n\t\t\t\t\t\t<span class=\"elementor-button-text\">Remplissez le formulaire pour conna\u00eetre nos tarifs<\/span>\n\t\t<\/span>\n\t\t\t\t\t<\/a>\n\t\t<\/div>\n\t\t\t\t<\/div>\n\t\t\t\t<\/div>\n\t\t\t\t\t<\/div>\n\t\t<\/div>\n\t\t\t\t\t\t\t<\/div>\n\t\t<\/section>\n\t\t\t\t<section class=\"elementor-section elementor-top-section elementor-element elementor-element-395dab6c elementor-section-stretched elementor-section-boxed elementor-section-height-default elementor-section-height-default\" data-id=\"395dab6c\" data-element_type=\"section\" data-settings=\"{&quot;stretch_section&quot;:&quot;section-stretched&quot;}\">\n\t\t\t\t\t\t<div class=\"elementor-container elementor-column-gap-default\">\n\t\t\t\t\t<div class=\"elementor-column elementor-col-100 elementor-top-column elementor-element elementor-element-1fee4270\" data-id=\"1fee4270\" data-element_type=\"column\">\n\t\t\t<div class=\"elementor-widget-wrap elementor-element-populated\">\n\t\t\t\t\t\t\t\t<div class=\"elementor-element elementor-element-63e83a27 elementor-widget elementor-widget-spacer\" data-id=\"63e83a27\" data-element_type=\"widget\" data-widget_type=\"spacer.default\">\n\t\t\t\t<div class=\"elementor-widget-container\">\n\t\t\t\t\t<div class=\"elementor-spacer\">\n\t\t\t<div class=\"elementor-spacer-inner\"><\/div>\n\t\t<\/div>\n\t\t\t\t<\/div>\n\t\t\t\t<\/div>\n\t\t\t\t<div class=\"elementor-element elementor-element-7b510b22 elementor-widget elementor-widget-text-editor\" data-id=\"7b510b22\" data-element_type=\"widget\" data-widget_type=\"text-editor.default\">\n\t\t\t\t<div class=\"elementor-widget-container\">\n\t\t\t\t\t\t\t<h2>Traductions asserment\u00e9es aupr\u00e8s du tribunal ou par les soins de nos partenaires<br><\/h2><p>Les d\u00e9lais techniques n\u00e9cessaires \u00e0 une demande d\u2019assermentation ne sont pas toujours rapides, surtout dans les greffes des tribunaux plus grands et plus surcharg\u00e9s. C\u2019est pourquoi notre personnel a \u00e9tabli <strong>des relations de collaboration bien consolid\u00e9es<\/strong> avec des partenaires absolument fiables, notamment des notaires conventionn\u00e9s qui peuvent effectuer l\u2019assermentation dans les heures qui suivent la r\u00e9ception des documents. Dans tous les cas, nous vous recommandons de toujours v\u00e9rifier au pr\u00e9alable, aupr\u00e8s des autorit\u00e9s comp\u00e9tentes du pays de destination ou alternativement aupr\u00e8s de vos conseils juridiques, si le document doit seulement \u00eatre asserment\u00e9 ou s\u2019il doit \u00e9galement \u00eatre l\u00e9galis\u00e9. Forte de <strong>30 ans d\u2019exp\u00e9rience dans le secteur <\/strong>, Translation Agency met son expertise \u00e0 votre disposition en vous assurant un service sur mesure. Par simple courriel, nous pouvons r\u00e9pondre \u00e0 toutes vos questions et vous guider dans le choix de la meilleure d\u00e9marche pour la traduction asserment\u00e9e avec ou sans apostille de documents priv\u00e9s, commerciaux ou d\u2019entreprise.<\/p>\t\t\t\t\t\t<\/div>\n\t\t\t\t<\/div>\n\t\t\t\t<div class=\"elementor-element elementor-element-6c07ac2d elementor-widget elementor-widget-spacer\" data-id=\"6c07ac2d\" data-element_type=\"widget\" data-widget_type=\"spacer.default\">\n\t\t\t\t<div class=\"elementor-widget-container\">\n\t\t\t\t\t<div class=\"elementor-spacer\">\n\t\t\t<div class=\"elementor-spacer-inner\"><\/div>\n\t\t<\/div>\n\t\t\t\t<\/div>\n\t\t\t\t<\/div>\n\t\t\t\t\t<\/div>\n\t\t<\/div>\n\t\t\t\t\t\t\t<\/div>\n\t\t<\/section>\n\t\t\t\t<section class=\"elementor-section elementor-top-section elementor-element elementor-element-5b08fcf2 elementor-section-boxed elementor-section-height-default elementor-section-height-default\" data-id=\"5b08fcf2\" data-element_type=\"section\" data-settings=\"{&quot;background_background&quot;:&quot;classic&quot;}\">\n\t\t\t\t\t\t<div class=\"elementor-container elementor-column-gap-default\">\n\t\t\t\t\t<div class=\"elementor-column elementor-col-100 elementor-top-column elementor-element elementor-element-7e01077a\" data-id=\"7e01077a\" data-element_type=\"column\">\n\t\t\t<div class=\"elementor-widget-wrap elementor-element-populated\">\n\t\t\t\t\t\t\t\t<div class=\"elementor-element elementor-element-3e21cf4b elementor-widget elementor-widget-text-editor\" data-id=\"3e21cf4b\" data-element_type=\"widget\" data-widget_type=\"text-editor.default\">\n\t\t\t\t<div class=\"elementor-widget-container\">\n\t\t\t\t\t\t\t<p><strong>NOUS RECOMMANDONS NOS SERVICES D\u2019ASSERMENTATION POUR :<\/strong><\/p>\n<ul>\n<li>traduire des documents n\u00e9cessitant une attestation officielle,<\/li>\n<li>conf\u00e9rer une valeur l\u00e9gale au document traduit,<\/li>\n<li>garantir la validit\u00e9 juridique des documents traduits dans certains pays,<\/li>\n<li>satisfaire aux demandes l\u00e9gales des organismes et des autorit\u00e9s,<\/li>\n<li>envoyer des documents aux consulats et aux ambassades \u00e9trangers.<\/li>\n<\/ul>\n\t\t\t\t\t\t<\/div>\n\t\t\t\t<\/div>\n\t\t\t\t\t<\/div>\n\t\t<\/div>\n\t\t\t\t\t\t\t<\/div>\n\t\t<\/section>\n\t\t\t\t<section class=\"elementor-section elementor-top-section elementor-element elementor-element-664d6447 elementor-section-full_width elementor-section-height-default elementor-section-height-default\" data-id=\"664d6447\" data-element_type=\"section\">\n\t\t\t\t\t\t<div class=\"elementor-container elementor-column-gap-default\">\n\t\t\t\t\t<div class=\"elementor-column elementor-col-100 elementor-top-column elementor-element elementor-element-380eeef6\" data-id=\"380eeef6\" data-element_type=\"column\">\n\t\t\t<div class=\"elementor-widget-wrap elementor-element-populated\">\n\t\t\t\t\t\t\t\t<div class=\"elementor-element elementor-element-287ad8c8 elementor-widget elementor-widget-spacer\" data-id=\"287ad8c8\" data-element_type=\"widget\" data-widget_type=\"spacer.default\">\n\t\t\t\t<div class=\"elementor-widget-container\">\n\t\t\t\t\t<div class=\"elementor-spacer\">\n\t\t\t<div class=\"elementor-spacer-inner\"><\/div>\n\t\t<\/div>\n\t\t\t\t<\/div>\n\t\t\t\t<\/div>\n\t\t\t\t<div class=\"elementor-element elementor-element-55cf8965 elementor-widget elementor-widget-spacer\" data-id=\"55cf8965\" data-element_type=\"widget\" data-widget_type=\"spacer.default\">\n\t\t\t\t<div class=\"elementor-widget-container\">\n\t\t\t\t\t<div class=\"elementor-spacer\">\n\t\t\t<div class=\"elementor-spacer-inner\"><\/div>\n\t\t<\/div>\n\t\t\t\t<\/div>\n\t\t\t\t<\/div>\n\t\t\t\t\t<\/div>\n\t\t<\/div>\n\t\t\t\t\t\t\t<\/div>\n\t\t<\/section>\n\t\t\t\t<section class=\"elementor-section elementor-top-section elementor-element elementor-element-65b95f70 elementor-section-stretched elementor-section-boxed elementor-section-height-default elementor-section-height-default\" data-id=\"65b95f70\" data-element_type=\"section\" data-settings=\"{&quot;background_background&quot;:&quot;classic&quot;,&quot;stretch_section&quot;:&quot;section-stretched&quot;}\">\n\t\t\t\t\t\t<div class=\"elementor-container elementor-column-gap-no\">\n\t\t\t\t\t<div class=\"elementor-column elementor-col-100 elementor-top-column elementor-element elementor-element-26cce593\" data-id=\"26cce593\" data-element_type=\"column\">\n\t\t\t<div class=\"elementor-widget-wrap elementor-element-populated\">\n\t\t\t\t\t\t\t\t<section class=\"elementor-section elementor-inner-section elementor-element elementor-element-ad5a91a elementor-section-boxed elementor-section-height-default elementor-section-height-default\" data-id=\"ad5a91a\" data-element_type=\"section\">\n\t\t\t\t\t\t<div class=\"elementor-container elementor-column-gap-wider\">\n\t\t\t\t\t<div class=\"elementor-column elementor-col-50 elementor-inner-column elementor-element elementor-element-7c503945\" data-id=\"7c503945\" data-element_type=\"column\">\n\t\t\t<div class=\"elementor-widget-wrap elementor-element-populated\">\n\t\t\t\t\t\t\t\t<div class=\"elementor-element elementor-element-7c0e160b elementor-widget-tablet__width-inherit elementor-widget elementor-widget-heading\" data-id=\"7c0e160b\" data-element_type=\"widget\" data-widget_type=\"heading.default\">\n\t\t\t\t<div class=\"elementor-widget-container\">\n\t\t\t<h3 class=\"elementor-heading-title elementor-size-default\">Nous r\u00e9pondons dans les 24 heures, contactez-nous sans engagement pour conna\u00eetre les prix et les conditions !<\/h3>\t\t<\/div>\n\t\t\t\t<\/div>\n\t\t\t\t\t<\/div>\n\t\t<\/div>\n\t\t\t\t<div class=\"elementor-column elementor-col-50 elementor-inner-column elementor-element elementor-element-3b7bd41c\" data-id=\"3b7bd41c\" data-element_type=\"column\">\n\t\t\t<div class=\"elementor-widget-wrap elementor-element-populated\">\n\t\t\t\t\t\t\t\t<div class=\"elementor-element elementor-element-6655b697 elementor-align-justify elementor-tablet-align-center elementor-widget elementor-widget-the7_button_widget\" data-id=\"6655b697\" data-element_type=\"widget\" data-widget_type=\"the7_button_widget.default\">\n\t\t\t\t<div class=\"elementor-widget-container\">\n\t\t\t<div class=\"elementor-button-wrapper\"><a href=\"https:\/\/www.translationagency.it\/fr\/devis\/\" class=\"box-button elementor-button elementor-size-xl\">Richiedi un preventivo!<\/a><\/div>\t\t<\/div>\n\t\t\t\t<\/div>\n\t\t\t\t\t<\/div>\n\t\t<\/div>\n\t\t\t\t\t\t\t<\/div>\n\t\t<\/section>\n\t\t\t\t\t<\/div>\n\t\t<\/div>\n\t\t\t\t\t\t\t<\/div>\n\t\t<\/section>\n\t\t\t\t\t\t\t<\/div>\n\t\t","protected":false},"excerpt":{"rendered":"<p>ASSERMENTATION ET L\u00c9GALISATION L\u2019assermentation di un documento tradotto \u00e8 un atto pubblico tramite cui un traduttore presta giuramento della propria traduzione aupr\u00e8s d\u2019un tribunal ou devant un notaire. De cette fa\u00e7on, le traducteur certifie la correspondance et la fid\u00e9lit\u00e9 de la traduction au document source original en signant la d\u00e9claration pr\u00e9vue \u00e0 cet effet. La&hellip;<\/p>\n","protected":false},"author":5,"featured_media":0,"parent":0,"menu_order":0,"comment_status":"closed","ping_status":"closed","template":"","meta":{"_monsterinsights_skip_tracking":false,"_monsterinsights_sitenote_active":false,"_monsterinsights_sitenote_note":"","_monsterinsights_sitenote_category":0,"footnotes":""},"yoast_head":"<!-- This site is optimized with the Yoast SEO plugin v21.1 - https:\/\/yoast.com\/wordpress\/plugins\/seo\/ -->\n<title>Assermentation et l\u00e9galisation des documents<\/title>\n<meta name=\"description\" content=\"Services de conseil et d&#039;assistance pour l&#039;assermentation et la l\u00e9galisation de documents priv\u00e9s, commerciaux et d&#039;entreprise. En savoir plus\u2026\" \/>\n<meta name=\"robots\" content=\"index, follow, max-snippet:-1, max-image-preview:large, max-video-preview:-1\" \/>\n<link rel=\"canonical\" href=\"https:\/\/www.translationagency.it\/fr\/assermentation-et-legalisation\/\" \/>\n<meta property=\"og:locale\" content=\"fr_FR\" \/>\n<meta property=\"og:type\" content=\"article\" \/>\n<meta property=\"og:title\" content=\"Assermentation et l\u00e9galisation des documents\" \/>\n<meta property=\"og:description\" content=\"Services de conseil et d&#039;assistance pour l&#039;assermentation et la l\u00e9galisation de documents priv\u00e9s, commerciaux et d&#039;entreprise. En savoir plus\u2026\" \/>\n<meta property=\"og:url\" content=\"https:\/\/www.translationagency.it\/fr\/assermentation-et-legalisation\/\" \/>\n<meta property=\"og:site_name\" content=\"Translation Agency\" \/>\n<meta property=\"article:modified_time\" content=\"2024-01-26T09:25:23+00:00\" \/>\n<meta property=\"og:image\" content=\"https:\/\/www.translationagency.it\/wp-content\/uploads\/2022\/01\/SERVIZI_LEGALIZZAZIONE_ICONA.png\" \/>\n<meta name=\"twitter:card\" content=\"summary_large_image\" \/>\n<meta name=\"twitter:label1\" content=\"Dur\u00e9e de lecture estim\u00e9e\" \/>\n\t<meta name=\"twitter:data1\" content=\"3 minutes\" \/>\n<script type=\"application\/ld+json\" class=\"yoast-schema-graph\">{\"@context\":\"https:\/\/schema.org\",\"@graph\":[{\"@type\":\"WebPage\",\"@id\":\"https:\/\/www.translationagency.it\/fr\/assermentation-et-legalisation\/\",\"url\":\"https:\/\/www.translationagency.it\/fr\/assermentation-et-legalisation\/\",\"name\":\"Assermentation et l\u00e9galisation des documents\",\"isPartOf\":{\"@id\":\"https:\/\/www.translationagency.it\/#website\"},\"datePublished\":\"2022-06-30T12:26:46+00:00\",\"dateModified\":\"2024-01-26T09:25:23+00:00\",\"description\":\"Services de conseil et d'assistance pour l'assermentation et la l\u00e9galisation de documents priv\u00e9s, commerciaux et d'entreprise. En savoir plus\u2026\",\"breadcrumb\":{\"@id\":\"https:\/\/www.translationagency.it\/fr\/assermentation-et-legalisation\/#breadcrumb\"},\"inLanguage\":\"fr-FR\",\"potentialAction\":[{\"@type\":\"ReadAction\",\"target\":[\"https:\/\/www.translationagency.it\/fr\/assermentation-et-legalisation\/\"]}]},{\"@type\":\"BreadcrumbList\",\"@id\":\"https:\/\/www.translationagency.it\/fr\/assermentation-et-legalisation\/#breadcrumb\",\"itemListElement\":[{\"@type\":\"ListItem\",\"position\":1,\"name\":\"Home\",\"item\":\"https:\/\/www.translationagency.it\/\"},{\"@type\":\"ListItem\",\"position\":2,\"name\":\"ASSERMENTATION ET L\u00c9GALISATION\"}]},{\"@type\":\"WebSite\",\"@id\":\"https:\/\/www.translationagency.it\/#website\",\"url\":\"https:\/\/www.translationagency.it\/\",\"name\":\"Translation Agency\",\"description\":\"\",\"publisher\":{\"@id\":\"https:\/\/www.translationagency.it\/#organization\"},\"potentialAction\":[{\"@type\":\"SearchAction\",\"target\":{\"@type\":\"EntryPoint\",\"urlTemplate\":\"https:\/\/www.translationagency.it\/?s={search_term_string}\"},\"query-input\":\"required name=search_term_string\"}],\"inLanguage\":\"fr-FR\"},{\"@type\":\"Organization\",\"@id\":\"https:\/\/www.translationagency.it\/#organization\",\"name\":\"Translation Agency\",\"url\":\"https:\/\/www.translationagency.it\/\",\"logo\":{\"@type\":\"ImageObject\",\"inLanguage\":\"fr-FR\",\"@id\":\"https:\/\/www.translationagency.it\/#\/schema\/logo\/image\/\",\"url\":\"https:\/\/www.translationagency.it\/wp-content\/uploads\/2021\/12\/logo-ta-1.png\",\"contentUrl\":\"https:\/\/www.translationagency.it\/wp-content\/uploads\/2021\/12\/logo-ta-1.png\",\"width\":122,\"height\":48,\"caption\":\"Translation Agency\"},\"image\":{\"@id\":\"https:\/\/www.translationagency.it\/#\/schema\/logo\/image\/\"}}]}<\/script>\n<!-- \/ Yoast SEO plugin. -->","yoast_head_json":{"title":"Assermentation et l\u00e9galisation des documents","description":"Services de conseil et d'assistance pour l'assermentation et la l\u00e9galisation de documents priv\u00e9s, commerciaux et d'entreprise. En savoir plus\u2026","robots":{"index":"index","follow":"follow","max-snippet":"max-snippet:-1","max-image-preview":"max-image-preview:large","max-video-preview":"max-video-preview:-1"},"canonical":"https:\/\/www.translationagency.it\/fr\/assermentation-et-legalisation\/","og_locale":"fr_FR","og_type":"article","og_title":"Assermentation et l\u00e9galisation des documents","og_description":"Services de conseil et d'assistance pour l'assermentation et la l\u00e9galisation de documents priv\u00e9s, commerciaux et d'entreprise. En savoir plus\u2026","og_url":"https:\/\/www.translationagency.it\/fr\/assermentation-et-legalisation\/","og_site_name":"Translation Agency","article_modified_time":"2024-01-26T09:25:23+00:00","og_image":[{"url":"https:\/\/www.translationagency.it\/wp-content\/uploads\/2022\/01\/SERVIZI_LEGALIZZAZIONE_ICONA.png"}],"twitter_card":"summary_large_image","twitter_misc":{"Dur\u00e9e de lecture estim\u00e9e":"3 minutes"},"schema":{"@context":"https:\/\/schema.org","@graph":[{"@type":"WebPage","@id":"https:\/\/www.translationagency.it\/fr\/assermentation-et-legalisation\/","url":"https:\/\/www.translationagency.it\/fr\/assermentation-et-legalisation\/","name":"Assermentation et l\u00e9galisation des documents","isPartOf":{"@id":"https:\/\/www.translationagency.it\/#website"},"datePublished":"2022-06-30T12:26:46+00:00","dateModified":"2024-01-26T09:25:23+00:00","description":"Services de conseil et d'assistance pour l'assermentation et la l\u00e9galisation de documents priv\u00e9s, commerciaux et d'entreprise. En savoir plus\u2026","breadcrumb":{"@id":"https:\/\/www.translationagency.it\/fr\/assermentation-et-legalisation\/#breadcrumb"},"inLanguage":"fr-FR","potentialAction":[{"@type":"ReadAction","target":["https:\/\/www.translationagency.it\/fr\/assermentation-et-legalisation\/"]}]},{"@type":"BreadcrumbList","@id":"https:\/\/www.translationagency.it\/fr\/assermentation-et-legalisation\/#breadcrumb","itemListElement":[{"@type":"ListItem","position":1,"name":"Home","item":"https:\/\/www.translationagency.it\/"},{"@type":"ListItem","position":2,"name":"ASSERMENTATION ET L\u00c9GALISATION"}]},{"@type":"WebSite","@id":"https:\/\/www.translationagency.it\/#website","url":"https:\/\/www.translationagency.it\/","name":"Translation Agency","description":"","publisher":{"@id":"https:\/\/www.translationagency.it\/#organization"},"potentialAction":[{"@type":"SearchAction","target":{"@type":"EntryPoint","urlTemplate":"https:\/\/www.translationagency.it\/?s={search_term_string}"},"query-input":"required name=search_term_string"}],"inLanguage":"fr-FR"},{"@type":"Organization","@id":"https:\/\/www.translationagency.it\/#organization","name":"Translation Agency","url":"https:\/\/www.translationagency.it\/","logo":{"@type":"ImageObject","inLanguage":"fr-FR","@id":"https:\/\/www.translationagency.it\/#\/schema\/logo\/image\/","url":"https:\/\/www.translationagency.it\/wp-content\/uploads\/2021\/12\/logo-ta-1.png","contentUrl":"https:\/\/www.translationagency.it\/wp-content\/uploads\/2021\/12\/logo-ta-1.png","width":122,"height":48,"caption":"Translation Agency"},"image":{"@id":"https:\/\/www.translationagency.it\/#\/schema\/logo\/image\/"}}]}},"_links":{"self":[{"href":"https:\/\/www.translationagency.it\/fr\/wp-json\/wp\/v2\/pages\/45095"}],"collection":[{"href":"https:\/\/www.translationagency.it\/fr\/wp-json\/wp\/v2\/pages"}],"about":[{"href":"https:\/\/www.translationagency.it\/fr\/wp-json\/wp\/v2\/types\/page"}],"author":[{"embeddable":true,"href":"https:\/\/www.translationagency.it\/fr\/wp-json\/wp\/v2\/users\/5"}],"replies":[{"embeddable":true,"href":"https:\/\/www.translationagency.it\/fr\/wp-json\/wp\/v2\/comments?post=45095"}],"version-history":[{"count":14,"href":"https:\/\/www.translationagency.it\/fr\/wp-json\/wp\/v2\/pages\/45095\/revisions"}],"predecessor-version":[{"id":48090,"href":"https:\/\/www.translationagency.it\/fr\/wp-json\/wp\/v2\/pages\/45095\/revisions\/48090"}],"wp:attachment":[{"href":"https:\/\/www.translationagency.it\/fr\/wp-json\/wp\/v2\/media?parent=45095"}],"curies":[{"name":"wp","href":"https:\/\/api.w.org\/{rel}","templated":true}]}}