{"id":45241,"date":"2022-07-01T16:30:02","date_gmt":"2022-07-01T14:30:02","guid":{"rendered":"https:\/\/www.translationagency.it\/blog\/"},"modified":"2023-11-08T13:37:12","modified_gmt":"2023-11-08T12:37:12","slug":"blog","status":"publish","type":"page","link":"https:\/\/www.translationagency.it\/es\/blog\/","title":{"rendered":"Blog"},"content":{"rendered":"\t\t<div data-elementor-type=\"wp-page\" data-elementor-id=\"45241\" class=\"elementor elementor-45241 elementor-5979\">\n\t\t\t\t\t\t\t\t\t<section class=\"elementor-section elementor-top-section elementor-element elementor-element-e261bcd elementor-section-boxed elementor-section-height-default elementor-section-height-default\" data-id=\"e261bcd\" data-element_type=\"section\">\n\t\t\t\t\t\t<div class=\"elementor-container elementor-column-gap-wider\">\n\t\t\t\t\t<div class=\"elementor-column elementor-col-100 elementor-top-column elementor-element elementor-element-e0ecf25\" data-id=\"e0ecf25\" data-element_type=\"column\">\n\t\t\t<div class=\"elementor-widget-wrap elementor-element-populated\">\n\t\t\t\t\t\t\t\t\t<\/div>\n\t\t<\/div>\n\t\t\t\t\t\t\t<\/div>\n\t\t<\/section>\n\t\t\t\t\t\t\t<\/div>\n\t\t","protected":false},"excerpt":{"rendered":"<p>La traduzione di contenuti per social network Traduzioni20 Dicembre 2021 Scopri cos\u2019\u00e8 la traduzione di contenuti per social network e perch\u00e9 \u00e8 necessaria per una strategia di comunicazione efficace in diverse lingue. Cos\u2019\u00e8 una memoria di traduzione? (e perch\u00e9 \u00e8 importante per la tua azienda) Traduzioni17 Novembre 2021 Scopri il funzionamento e l\u2019importanza delle memorie&hellip;<\/p>\n","protected":false},"author":5,"featured_media":0,"parent":0,"menu_order":30,"comment_status":"closed","ping_status":"closed","template":"elementor_header_footer","meta":{"_monsterinsights_skip_tracking":false,"_monsterinsights_sitenote_active":false,"_monsterinsights_sitenote_note":"","_monsterinsights_sitenote_category":0,"footnotes":""},"yoast_head":"<!-- This site is optimized with the Yoast SEO plugin v21.1 - https:\/\/yoast.com\/wordpress\/plugins\/seo\/ -->\n<title>Blog - Translation Agency<\/title>\n<meta name=\"robots\" content=\"index, follow, max-snippet:-1, max-image-preview:large, max-video-preview:-1\" \/>\n<link rel=\"canonical\" href=\"https:\/\/www.translationagency.it\/es\/blog\/\" \/>\n<meta property=\"og:locale\" content=\"es_ES\" \/>\n<meta property=\"og:type\" content=\"article\" \/>\n<meta property=\"og:title\" content=\"Blog - Translation Agency\" \/>\n<meta property=\"og:description\" content=\"La traduzione di contenuti per social network Traduzioni20 Dicembre 2021 Scopri cos\u2019\u00e8 la traduzione di contenuti per social network e perch\u00e9 \u00e8 necessaria per una strategia di comunicazione efficace in diverse lingue. Cos\u2019\u00e8 una memoria di traduzione? (e perch\u00e9 \u00e8 importante per la tua azienda) Traduzioni17 Novembre 2021 Scopri il funzionamento e l\u2019importanza delle memorie&hellip;\" \/>\n<meta property=\"og:url\" content=\"https:\/\/www.translationagency.it\/es\/blog\/\" \/>\n<meta property=\"og:site_name\" content=\"Translation Agency\" \/>\n<meta property=\"article:modified_time\" content=\"2023-11-08T12:37:12+00:00\" \/>\n<meta name=\"twitter:card\" content=\"summary_large_image\" \/>\n<meta name=\"twitter:label1\" content=\"Tiempo de lectura\" \/>\n\t<meta name=\"twitter:data1\" content=\"6 minutos\" \/>\n<script type=\"application\/ld+json\" class=\"yoast-schema-graph\">{\"@context\":\"https:\/\/schema.org\",\"@graph\":[{\"@type\":\"WebPage\",\"@id\":\"https:\/\/www.translationagency.it\/es\/blog\/\",\"url\":\"https:\/\/www.translationagency.it\/es\/blog\/\",\"name\":\"Blog - Translation Agency\",\"isPartOf\":{\"@id\":\"https:\/\/www.translationagency.it\/#website\"},\"datePublished\":\"2022-07-01T14:30:02+00:00\",\"dateModified\":\"2023-11-08T12:37:12+00:00\",\"breadcrumb\":{\"@id\":\"https:\/\/www.translationagency.it\/es\/blog\/#breadcrumb\"},\"inLanguage\":\"es\",\"potentialAction\":[{\"@type\":\"ReadAction\",\"target\":[\"https:\/\/www.translationagency.it\/es\/blog\/\"]}]},{\"@type\":\"BreadcrumbList\",\"@id\":\"https:\/\/www.translationagency.it\/es\/blog\/#breadcrumb\",\"itemListElement\":[{\"@type\":\"ListItem\",\"position\":1,\"name\":\"Home\",\"item\":\"https:\/\/www.translationagency.it\/\"},{\"@type\":\"ListItem\",\"position\":2,\"name\":\"Blog\"}]},{\"@type\":\"WebSite\",\"@id\":\"https:\/\/www.translationagency.it\/#website\",\"url\":\"https:\/\/www.translationagency.it\/\",\"name\":\"Translation Agency\",\"description\":\"\",\"publisher\":{\"@id\":\"https:\/\/www.translationagency.it\/#organization\"},\"potentialAction\":[{\"@type\":\"SearchAction\",\"target\":{\"@type\":\"EntryPoint\",\"urlTemplate\":\"https:\/\/www.translationagency.it\/?s={search_term_string}\"},\"query-input\":\"required name=search_term_string\"}],\"inLanguage\":\"es\"},{\"@type\":\"Organization\",\"@id\":\"https:\/\/www.translationagency.it\/#organization\",\"name\":\"Translation Agency\",\"url\":\"https:\/\/www.translationagency.it\/\",\"logo\":{\"@type\":\"ImageObject\",\"inLanguage\":\"es\",\"@id\":\"https:\/\/www.translationagency.it\/#\/schema\/logo\/image\/\",\"url\":\"https:\/\/www.translationagency.it\/wp-content\/uploads\/2021\/12\/logo-ta-1.png\",\"contentUrl\":\"https:\/\/www.translationagency.it\/wp-content\/uploads\/2021\/12\/logo-ta-1.png\",\"width\":122,\"height\":48,\"caption\":\"Translation Agency\"},\"image\":{\"@id\":\"https:\/\/www.translationagency.it\/#\/schema\/logo\/image\/\"}}]}<\/script>\n<!-- \/ Yoast SEO plugin. -->","yoast_head_json":{"title":"Blog - Translation Agency","robots":{"index":"index","follow":"follow","max-snippet":"max-snippet:-1","max-image-preview":"max-image-preview:large","max-video-preview":"max-video-preview:-1"},"canonical":"https:\/\/www.translationagency.it\/es\/blog\/","og_locale":"es_ES","og_type":"article","og_title":"Blog - Translation Agency","og_description":"La traduzione di contenuti per social network Traduzioni20 Dicembre 2021 Scopri cos\u2019\u00e8 la traduzione di contenuti per social network e perch\u00e9 \u00e8 necessaria per una strategia di comunicazione efficace in diverse lingue. Cos\u2019\u00e8 una memoria di traduzione? (e perch\u00e9 \u00e8 importante per la tua azienda) Traduzioni17 Novembre 2021 Scopri il funzionamento e l\u2019importanza delle memorie&hellip;","og_url":"https:\/\/www.translationagency.it\/es\/blog\/","og_site_name":"Translation Agency","article_modified_time":"2023-11-08T12:37:12+00:00","twitter_card":"summary_large_image","twitter_misc":{"Tiempo de lectura":"6 minutos"},"schema":{"@context":"https:\/\/schema.org","@graph":[{"@type":"WebPage","@id":"https:\/\/www.translationagency.it\/es\/blog\/","url":"https:\/\/www.translationagency.it\/es\/blog\/","name":"Blog - Translation Agency","isPartOf":{"@id":"https:\/\/www.translationagency.it\/#website"},"datePublished":"2022-07-01T14:30:02+00:00","dateModified":"2023-11-08T12:37:12+00:00","breadcrumb":{"@id":"https:\/\/www.translationagency.it\/es\/blog\/#breadcrumb"},"inLanguage":"es","potentialAction":[{"@type":"ReadAction","target":["https:\/\/www.translationagency.it\/es\/blog\/"]}]},{"@type":"BreadcrumbList","@id":"https:\/\/www.translationagency.it\/es\/blog\/#breadcrumb","itemListElement":[{"@type":"ListItem","position":1,"name":"Home","item":"https:\/\/www.translationagency.it\/"},{"@type":"ListItem","position":2,"name":"Blog"}]},{"@type":"WebSite","@id":"https:\/\/www.translationagency.it\/#website","url":"https:\/\/www.translationagency.it\/","name":"Translation Agency","description":"","publisher":{"@id":"https:\/\/www.translationagency.it\/#organization"},"potentialAction":[{"@type":"SearchAction","target":{"@type":"EntryPoint","urlTemplate":"https:\/\/www.translationagency.it\/?s={search_term_string}"},"query-input":"required name=search_term_string"}],"inLanguage":"es"},{"@type":"Organization","@id":"https:\/\/www.translationagency.it\/#organization","name":"Translation Agency","url":"https:\/\/www.translationagency.it\/","logo":{"@type":"ImageObject","inLanguage":"es","@id":"https:\/\/www.translationagency.it\/#\/schema\/logo\/image\/","url":"https:\/\/www.translationagency.it\/wp-content\/uploads\/2021\/12\/logo-ta-1.png","contentUrl":"https:\/\/www.translationagency.it\/wp-content\/uploads\/2021\/12\/logo-ta-1.png","width":122,"height":48,"caption":"Translation Agency"},"image":{"@id":"https:\/\/www.translationagency.it\/#\/schema\/logo\/image\/"}}]}},"_links":{"self":[{"href":"https:\/\/www.translationagency.it\/es\/wp-json\/wp\/v2\/pages\/45241"}],"collection":[{"href":"https:\/\/www.translationagency.it\/es\/wp-json\/wp\/v2\/pages"}],"about":[{"href":"https:\/\/www.translationagency.it\/es\/wp-json\/wp\/v2\/types\/page"}],"author":[{"embeddable":true,"href":"https:\/\/www.translationagency.it\/es\/wp-json\/wp\/v2\/users\/5"}],"replies":[{"embeddable":true,"href":"https:\/\/www.translationagency.it\/es\/wp-json\/wp\/v2\/comments?post=45241"}],"version-history":[{"count":3,"href":"https:\/\/www.translationagency.it\/es\/wp-json\/wp\/v2\/pages\/45241\/revisions"}],"predecessor-version":[{"id":46386,"href":"https:\/\/www.translationagency.it\/es\/wp-json\/wp\/v2\/pages\/45241\/revisions\/46386"}],"wp:attachment":[{"href":"https:\/\/www.translationagency.it\/es\/wp-json\/wp\/v2\/media?parent=45241"}],"curies":[{"name":"wp","href":"https:\/\/api.w.org\/{rel}","templated":true}]}}