{"id":45233,"date":"2022-07-01T15:59:46","date_gmt":"2022-07-01T13:59:46","guid":{"rendered":"https:\/\/www.translationagency.it\/subtitulacion\/"},"modified":"2023-12-22T13:20:32","modified_gmt":"2023-12-22T12:20:32","slug":"subtitulacion","status":"publish","type":"page","link":"https:\/\/www.translationagency.it\/es\/subtitulacion\/","title":{"rendered":"Subtitulaci\u00f3n"},"content":{"rendered":"\t\t<div data-elementor-type=\"wp-page\" data-elementor-id=\"45233\" class=\"elementor elementor-45233 elementor-43441\">\n\t\t\t\t\t\t\t\t\t<section class=\"elementor-section elementor-top-section elementor-element elementor-element-047e874 elementor-section-boxed elementor-section-height-default elementor-section-height-default\" data-id=\"047e874\" data-element_type=\"section\">\n\t\t\t\t\t\t<div class=\"elementor-container elementor-column-gap-default\">\n\t\t\t\t\t<div class=\"elementor-column elementor-col-100 elementor-top-column elementor-element elementor-element-08162ff\" data-id=\"08162ff\" data-element_type=\"column\">\n\t\t\t<div class=\"elementor-widget-wrap elementor-element-populated\">\n\t\t\t\t\t\t\t\t<section class=\"elementor-section elementor-inner-section elementor-element elementor-element-08aca80 elementor-section-boxed elementor-section-height-default elementor-section-height-default\" data-id=\"08aca80\" data-element_type=\"section\">\n\t\t\t\t\t\t<div class=\"elementor-container elementor-column-gap-default\">\n\t\t\t\t\t<div class=\"elementor-column elementor-col-33 elementor-inner-column elementor-element elementor-element-8c305d1\" data-id=\"8c305d1\" data-element_type=\"column\">\n\t\t\t<div class=\"elementor-widget-wrap elementor-element-populated\">\n\t\t\t\t\t\t\t\t<div class=\"elementor-element elementor-element-4d43bf9 elementor-widget elementor-widget-image\" data-id=\"4d43bf9\" data-element_type=\"widget\" data-widget_type=\"image.default\">\n\t\t\t\t<div class=\"elementor-widget-container\">\n\t\t\t\t\t\t\t\t\t\t\t\t\t\t\t<img decoding=\"async\" loading=\"lazy\" width=\"626\" height=\"626\" src=\"https:\/\/www.translationagency.it\/wp-content\/uploads\/2022\/01\/SERVIZI_SUBTITLING_ICONA_1-06.png\" class=\"attachment-large size-large wp-image-43780\" alt=\"\" srcset=\"https:\/\/www.translationagency.it\/wp-content\/uploads\/2022\/01\/SERVIZI_SUBTITLING_ICONA_1-06.png 626w, https:\/\/www.translationagency.it\/wp-content\/uploads\/2022\/01\/SERVIZI_SUBTITLING_ICONA_1-06-300x300.png 300w, https:\/\/www.translationagency.it\/wp-content\/uploads\/2022\/01\/SERVIZI_SUBTITLING_ICONA_1-06-150x150.png 150w, https:\/\/www.translationagency.it\/wp-content\/uploads\/2022\/01\/SERVIZI_SUBTITLING_ICONA_1-06-600x600.png 600w, https:\/\/www.translationagency.it\/wp-content\/uploads\/2022\/01\/SERVIZI_SUBTITLING_ICONA_1-06-200x200.png 200w\" sizes=\"(max-width: 626px) 100vw, 626px\" \/>\t\t\t\t\t\t\t\t\t\t\t\t\t\t\t<\/div>\n\t\t\t\t<\/div>\n\t\t\t\t\t<\/div>\n\t\t<\/div>\n\t\t\t\t<div class=\"elementor-column elementor-col-66 elementor-inner-column elementor-element elementor-element-02d02f8\" data-id=\"02d02f8\" data-element_type=\"column\">\n\t\t\t<div class=\"elementor-widget-wrap elementor-element-populated\">\n\t\t\t\t\t\t\t\t<div class=\"elementor-element elementor-element-a7f63fd elementor-widget elementor-widget-heading\" data-id=\"a7f63fd\" data-element_type=\"widget\" data-widget_type=\"heading.default\">\n\t\t\t\t<div class=\"elementor-widget-container\">\n\t\t\t<h1 class=\"elementor-heading-title elementor-size-default\">SUBTITULACI\u00d3N<\/h1>\t\t<\/div>\n\t\t\t\t<\/div>\n\t\t\t\t<div class=\"elementor-element elementor-element-44ad835 elementor-widget elementor-widget-text-editor\" data-id=\"44ad835\" data-element_type=\"widget\" data-widget_type=\"text-editor.default\">\n\t\t\t\t<div class=\"elementor-widget-container\">\n\t\t\t\t\t\t\t<p>Los subt\u00edtulos <strong>un medio eficaz para facilitar la comprensi\u00f3n del texto audiovisual<\/strong>. Permiten ampliar la audiencia de los contenidos multimedia haci\u00e9ndolos comprensibles y accesibles, especialmente para <strong>las personas con discapacidad auditiva y el p\u00fablico extranjero.<\/strong><\/p>\n\t\t\t\t\t\t<\/div>\n\t\t\t\t<\/div>\n\t\t\t\t\t<\/div>\n\t\t<\/div>\n\t\t\t\t\t\t\t<\/div>\n\t\t<\/section>\n\t\t\t\t\t<\/div>\n\t\t<\/div>\n\t\t\t\t\t\t\t<\/div>\n\t\t<\/section>\n\t\t\t\t<section class=\"elementor-section elementor-top-section elementor-element elementor-element-3ea1a0d4 elementor-section-stretched elementor-section-boxed elementor-section-height-default elementor-section-height-default\" data-id=\"3ea1a0d4\" data-element_type=\"section\" data-settings=\"{&quot;stretch_section&quot;:&quot;section-stretched&quot;}\">\n\t\t\t\t\t\t<div class=\"elementor-container elementor-column-gap-default\">\n\t\t\t\t\t<div class=\"elementor-column elementor-col-100 elementor-top-column elementor-element elementor-element-398e551\" data-id=\"398e551\" data-element_type=\"column\">\n\t\t\t<div class=\"elementor-widget-wrap elementor-element-populated\">\n\t\t\t\t\t\t\t\t<div class=\"elementor-element elementor-element-7837e81a elementor-widget elementor-widget-text-editor\" data-id=\"7837e81a\" data-element_type=\"widget\" data-widget_type=\"text-editor.default\">\n\t\t\t\t<div class=\"elementor-widget-container\">\n\t\t\t\t\t\t\t<h3><strong>CREACI\u00d3N DE SUBT\u00cdTULOS PARA V\u00cdDEOS Y PRODUCTOS MULTIMEDIA<\/strong><\/h3>\n<p>No cabe duda de que el v\u00eddeo es el contenido estrella del momento. Tanto si se trata de un anuncio en YouTube como de un webinario grabado, el v\u00eddeo utiliza un lenguaje moderno y atractivo que seduce a p\u00fablicos j\u00f3venes y mayores. Sin embargo, <strong>el idioma<\/strong> <strong>puede representar una limitaci\u00f3n<\/strong> a tener en cuenta, ya que solo los hablantes de una misma lengua podr\u00e1n entender el significado del mensaje, descubrir un nuevo producto o seguir un curso de formaci\u00f3n. Limitarse a una sola lengua significa perder la oportunidad de llegar a un p\u00fablico objetivo m\u00e1s amplio o simplemente diferente (pensemos en los sordos y deficientes auditivos, por ejemplo). Si el v\u00eddeo contiene un texto hablado, incluso en forma de voz en off, o un texto escrito en una sobreimpresi\u00f3n, traducirlo a otro idioma aumenta el alcance del contenido y permite <strong>llegar a un p\u00fablico a\u00fan m\u00e1s amplio y diverso<\/strong>. Aqu\u00ed es donde entra en juego la subtitulaci\u00f3n: al insertar subt\u00edtulos traducidos a la lengua de destino, se podr\u00e1 exportar cualquier v\u00eddeo o producto multimedia, haci\u00e9ndolo accesible a un p\u00fablico extranjero o a grupos de usuarios espec\u00edficos, sin realizar ning\u00fan cambio en las voces y los di\u00e1logos originales.<\/p>\n\t\t\t\t\t\t<\/div>\n\t\t\t\t<\/div>\n\t\t\t\t\t<\/div>\n\t\t<\/div>\n\t\t\t\t\t\t\t<\/div>\n\t\t<\/section>\n\t\t\t\t<section class=\"elementor-section elementor-top-section elementor-element elementor-element-381f46fa elementor-section-stretched elementor-section-boxed elementor-section-height-default elementor-section-height-default\" data-id=\"381f46fa\" data-element_type=\"section\" data-settings=\"{&quot;stretch_section&quot;:&quot;section-stretched&quot;}\">\n\t\t\t\t\t\t<div class=\"elementor-container elementor-column-gap-default\">\n\t\t\t\t\t<div class=\"elementor-column elementor-col-100 elementor-top-column elementor-element elementor-element-4e8cb50c\" data-id=\"4e8cb50c\" data-element_type=\"column\">\n\t\t\t<div class=\"elementor-widget-wrap elementor-element-populated\">\n\t\t\t\t\t\t\t\t<div class=\"elementor-element elementor-element-6fa79488 elementor-align-center elementor-widget elementor-widget-button\" data-id=\"6fa79488\" data-element_type=\"widget\" data-widget_type=\"button.default\">\n\t\t\t\t<div class=\"elementor-widget-container\">\n\t\t\t\t\t<div class=\"elementor-button-wrapper\">\n\t\t\t<a class=\"elementor-button elementor-button-link elementor-size-lg\" href=\"https:\/\/www.translationagency.it\/es\/presupuesto\/\">\n\t\t\t\t\t\t<span class=\"elementor-button-content-wrapper\">\n\t\t\t\t\t\t<span class=\"elementor-button-text\">Reciba un presupuesto gratuito en 24 oras<\/span>\n\t\t<\/span>\n\t\t\t\t\t<\/a>\n\t\t<\/div>\n\t\t\t\t<\/div>\n\t\t\t\t<\/div>\n\t\t\t\t\t<\/div>\n\t\t<\/div>\n\t\t\t\t\t\t\t<\/div>\n\t\t<\/section>\n\t\t\t\t<section class=\"elementor-section elementor-top-section elementor-element elementor-element-768bc781 elementor-section-stretched elementor-section-boxed elementor-section-height-default elementor-section-height-default\" data-id=\"768bc781\" data-element_type=\"section\" data-settings=\"{&quot;stretch_section&quot;:&quot;section-stretched&quot;}\">\n\t\t\t\t\t\t<div class=\"elementor-container elementor-column-gap-default\">\n\t\t\t\t\t<div class=\"elementor-column elementor-col-100 elementor-top-column elementor-element elementor-element-6b7fbd03\" data-id=\"6b7fbd03\" data-element_type=\"column\">\n\t\t\t<div class=\"elementor-widget-wrap elementor-element-populated\">\n\t\t\t\t\t\t\t\t<div class=\"elementor-element elementor-element-3ccb1483 elementor-widget elementor-widget-spacer\" data-id=\"3ccb1483\" data-element_type=\"widget\" data-widget_type=\"spacer.default\">\n\t\t\t\t<div class=\"elementor-widget-container\">\n\t\t\t\t\t<div class=\"elementor-spacer\">\n\t\t\t<div class=\"elementor-spacer-inner\"><\/div>\n\t\t<\/div>\n\t\t\t\t<\/div>\n\t\t\t\t<\/div>\n\t\t\t\t<div class=\"elementor-element elementor-element-351e11b8 elementor-widget elementor-widget-text-editor\" data-id=\"351e11b8\" data-element_type=\"widget\" data-widget_type=\"text-editor.default\">\n\t\t\t\t<div class=\"elementor-widget-container\">\n\t\t\t\t\t\t\t<h3><strong>NUESTRO ENFOQUE DE LA SUBTITULACI\u00d3N MULTILING\u00dcE<\/strong><\/h3>\n<p>Translation Agency ofrece un servicio de subtitulaci\u00f3n completo a medida en m\u00e1s de 50 idiomas de todo el mundo. En cada v\u00eddeo, tratamos de seleccionar la mejor posici\u00f3n para colocar el texto en la pantalla, de modo que no se comprometan los detalles visuales importantes. Elegimos el tipo de fuente que mejor funciona, teniendo en cuenta la legibilidad y el tama\u00f1o de la letra. Tambi\u00e9n respetamos al m\u00e1ximo el timing de los di\u00e1logos, que deben ser fluidos,<strong> en sincron\u00eda con las l\u00edneas y conversaciones<\/strong> de los personajes en el v\u00eddeo o con la voz en off. Por \u00faltimo, para que una traducci\u00f3n est\u00e9 a la altura de las expectativas, es importante mantener el registro y el estilo del texto fuente para reproducir no s\u00f3lo el mensaje original, sino tambi\u00e9n el modo y la intenci\u00f3n con que fue concebido. Nuestros expertos est\u00e1n a disposici\u00f3n para revisar tu solicitud y <strong>enviarte un archivo de subt\u00edtulos en el formato acordado<\/strong> para que puedas utilizarlo directamente en tu v\u00eddeo. <a href=\"https:\/\/www.translationagency.it\/es\/contactos\/\">Contacta con nosotros sin compromiso<\/a> para obtener m\u00e1s informaci\u00f3n y explicarnos lo que necesitas.<\/p>\n\t\t\t\t\t\t<\/div>\n\t\t\t\t<\/div>\n\t\t\t\t<div class=\"elementor-element elementor-element-66e7385c elementor-widget elementor-widget-spacer\" data-id=\"66e7385c\" data-element_type=\"widget\" data-widget_type=\"spacer.default\">\n\t\t\t\t<div class=\"elementor-widget-container\">\n\t\t\t\t\t<div class=\"elementor-spacer\">\n\t\t\t<div class=\"elementor-spacer-inner\"><\/div>\n\t\t<\/div>\n\t\t\t\t<\/div>\n\t\t\t\t<\/div>\n\t\t\t\t\t<\/div>\n\t\t<\/div>\n\t\t\t\t\t\t\t<\/div>\n\t\t<\/section>\n\t\t\t\t<section class=\"elementor-section elementor-top-section elementor-element elementor-element-6bf2df4 elementor-section-boxed elementor-section-height-default elementor-section-height-default\" data-id=\"6bf2df4\" data-element_type=\"section\" data-settings=\"{&quot;background_background&quot;:&quot;classic&quot;}\">\n\t\t\t\t\t\t<div class=\"elementor-container elementor-column-gap-default\">\n\t\t\t\t\t<div class=\"elementor-column elementor-col-100 elementor-top-column elementor-element elementor-element-1105f537\" data-id=\"1105f537\" data-element_type=\"column\">\n\t\t\t<div class=\"elementor-widget-wrap elementor-element-populated\">\n\t\t\t\t\t\t\t\t<div class=\"elementor-element elementor-element-4626e90d elementor-widget elementor-widget-text-editor\" data-id=\"4626e90d\" data-element_type=\"widget\" data-widget_type=\"text-editor.default\">\n\t\t\t\t<div class=\"elementor-widget-container\">\n\t\t\t\t\t\t\t<h3><strong>RECOMENDAMOS LA SUBTITULACI\u00d3N PARA:<\/strong><\/h3>\n<ul>\n<li>incluir traducciones de di\u00e1logos en un v\u00eddeo, webinario u otro contenido multimedia;<\/li>\n<li>hacer que un producto audiovisual sea accesible para un p\u00fablico sordo o con dificultades auditivas;<\/li>\n<li>internacionalizar un curso de formaci\u00f3n, un v\u00eddeo corporativo o un anuncio publicitario con subt\u00edtulos multiling\u00fces;<\/li>\n<li>mejorar la usabilidad de los v\u00eddeos editoriales, especialmente los destinados a dispositivos m\u00f3viles, aumentando el tiempo de visualizaci\u00f3n incluso sin sonido.<\/li>\n<\/ul>\n\t\t\t\t\t\t<\/div>\n\t\t\t\t<\/div>\n\t\t\t\t\t<\/div>\n\t\t<\/div>\n\t\t\t\t\t\t\t<\/div>\n\t\t<\/section>\n\t\t\t\t<section class=\"elementor-section elementor-top-section elementor-element elementor-element-6b14da6e elementor-section-full_width elementor-section-height-default elementor-section-height-default\" data-id=\"6b14da6e\" data-element_type=\"section\">\n\t\t\t\t\t\t<div class=\"elementor-container elementor-column-gap-default\">\n\t\t\t\t\t<div class=\"elementor-column elementor-col-100 elementor-top-column elementor-element elementor-element-6c8a084f\" data-id=\"6c8a084f\" data-element_type=\"column\">\n\t\t\t<div class=\"elementor-widget-wrap elementor-element-populated\">\n\t\t\t\t\t\t\t\t<div class=\"elementor-element elementor-element-21e15b89 elementor-widget elementor-widget-spacer\" data-id=\"21e15b89\" data-element_type=\"widget\" data-widget_type=\"spacer.default\">\n\t\t\t\t<div class=\"elementor-widget-container\">\n\t\t\t\t\t<div class=\"elementor-spacer\">\n\t\t\t<div class=\"elementor-spacer-inner\"><\/div>\n\t\t<\/div>\n\t\t\t\t<\/div>\n\t\t\t\t<\/div>\n\t\t\t\t<div class=\"elementor-element elementor-element-38b423fb elementor-widget elementor-widget-spacer\" data-id=\"38b423fb\" data-element_type=\"widget\" data-widget_type=\"spacer.default\">\n\t\t\t\t<div class=\"elementor-widget-container\">\n\t\t\t\t\t<div class=\"elementor-spacer\">\n\t\t\t<div class=\"elementor-spacer-inner\"><\/div>\n\t\t<\/div>\n\t\t\t\t<\/div>\n\t\t\t\t<\/div>\n\t\t\t\t\t<\/div>\n\t\t<\/div>\n\t\t\t\t\t\t\t<\/div>\n\t\t<\/section>\n\t\t\t\t<section class=\"elementor-section elementor-top-section elementor-element elementor-element-4cd26b99 elementor-section-stretched elementor-section-boxed elementor-section-height-default elementor-section-height-default\" data-id=\"4cd26b99\" data-element_type=\"section\" data-settings=\"{&quot;background_background&quot;:&quot;classic&quot;,&quot;stretch_section&quot;:&quot;section-stretched&quot;}\">\n\t\t\t\t\t\t<div class=\"elementor-container elementor-column-gap-no\">\n\t\t\t\t\t<div class=\"elementor-column elementor-col-100 elementor-top-column elementor-element elementor-element-2cf22825\" data-id=\"2cf22825\" data-element_type=\"column\">\n\t\t\t<div class=\"elementor-widget-wrap elementor-element-populated\">\n\t\t\t\t\t\t\t\t<section class=\"elementor-section elementor-inner-section elementor-element elementor-element-6cd166a elementor-section-boxed elementor-section-height-default elementor-section-height-default\" data-id=\"6cd166a\" data-element_type=\"section\">\n\t\t\t\t\t\t<div class=\"elementor-container elementor-column-gap-wider\">\n\t\t\t\t\t<div class=\"elementor-column elementor-col-50 elementor-inner-column elementor-element elementor-element-25a9388b\" data-id=\"25a9388b\" data-element_type=\"column\">\n\t\t\t<div class=\"elementor-widget-wrap elementor-element-populated\">\n\t\t\t\t\t\t\t\t<div class=\"elementor-element elementor-element-15aff3fb elementor-widget-tablet__width-inherit elementor-widget elementor-widget-heading\" data-id=\"15aff3fb\" data-element_type=\"widget\" data-widget_type=\"heading.default\">\n\t\t\t\t<div class=\"elementor-widget-container\">\n\t\t\t<h3 class=\"elementor-heading-title elementor-size-default\">Reciba un presupuesto gratuito en 24 oras<\/h3>\t\t<\/div>\n\t\t\t\t<\/div>\n\t\t\t\t\t<\/div>\n\t\t<\/div>\n\t\t\t\t<div class=\"elementor-column elementor-col-50 elementor-inner-column elementor-element elementor-element-1fe7ec8c\" data-id=\"1fe7ec8c\" data-element_type=\"column\">\n\t\t\t<div class=\"elementor-widget-wrap elementor-element-populated\">\n\t\t\t\t\t\t\t\t<div class=\"elementor-element elementor-element-68df9421 elementor-align-justify elementor-tablet-align-center elementor-widget elementor-widget-the7_button_widget\" data-id=\"68df9421\" data-element_type=\"widget\" data-widget_type=\"the7_button_widget.default\">\n\t\t\t\t<div class=\"elementor-widget-container\">\n\t\t\t<div class=\"elementor-button-wrapper\"><a href=\"https:\/\/www.translationagency.it\/es\/presupuesto\/\" class=\"box-button elementor-button elementor-size-xl\">Solicitar presupuesto<\/a><\/div>\t\t<\/div>\n\t\t\t\t<\/div>\n\t\t\t\t\t<\/div>\n\t\t<\/div>\n\t\t\t\t\t\t\t<\/div>\n\t\t<\/section>\n\t\t\t\t\t<\/div>\n\t\t<\/div>\n\t\t\t\t\t\t\t<\/div>\n\t\t<\/section>\n\t\t\t\t\t\t\t<\/div>\n\t\t","protected":false},"excerpt":{"rendered":"<p>SUBTITULACI\u00d3N Los subt\u00edtulos un medio eficaz para facilitar la comprensi\u00f3n del texto audiovisual. Permiten ampliar la audiencia de los contenidos multimedia haci\u00e9ndolos comprensibles y accesibles, especialmente para las personas con discapacidad auditiva y el p\u00fablico extranjero. CREACI\u00d3N DE SUBT\u00cdTULOS PARA V\u00cdDEOS Y PRODUCTOS MULTIMEDIA No cabe duda de que el v\u00eddeo es el contenido estrella&hellip;<\/p>\n","protected":false},"author":5,"featured_media":44814,"parent":0,"menu_order":0,"comment_status":"closed","ping_status":"closed","template":"","meta":{"_monsterinsights_skip_tracking":false,"_monsterinsights_sitenote_active":false,"_monsterinsights_sitenote_note":"","_monsterinsights_sitenote_category":0,"footnotes":""},"yoast_head":"<!-- This site is optimized with the Yoast SEO plugin v21.1 - https:\/\/yoast.com\/wordpress\/plugins\/seo\/ -->\n<title>Traducciones para subtitulado de v\u00eddeos - Translation Agency<\/title>\n<meta name=\"description\" content=\"\u00bfTus v\u00eddeos necesitan subt\u00edtulos eficaces? Conf\u00eda en nuestros expertos en traducci\u00f3n de subt\u00edtulos.\" \/>\n<meta name=\"robots\" content=\"index, follow, max-snippet:-1, max-image-preview:large, max-video-preview:-1\" \/>\n<link rel=\"canonical\" href=\"https:\/\/www.translationagency.it\/sottotitolaggio\/\" \/>\n<meta property=\"og:locale\" content=\"es_ES\" \/>\n<meta property=\"og:type\" content=\"article\" \/>\n<meta property=\"og:title\" content=\"Traducciones para subtitulado de v\u00eddeos - Translation Agency\" \/>\n<meta property=\"og:description\" content=\"\u00bfTus v\u00eddeos necesitan subt\u00edtulos eficaces? Conf\u00eda en nuestros expertos en traducci\u00f3n de subt\u00edtulos.\" \/>\n<meta property=\"og:url\" content=\"https:\/\/www.translationagency.it\/sottotitolaggio\/\" \/>\n<meta property=\"og:site_name\" content=\"Translation Agency\" \/>\n<meta property=\"article:modified_time\" content=\"2023-12-22T12:20:32+00:00\" \/>\n<meta name=\"twitter:card\" content=\"summary_large_image\" \/>\n<meta name=\"twitter:image\" content=\"https:\/\/www.translationagency.it\/wp-content\/uploads\/2021\/12\/SERVIZI_SOTTOTITOLAGGIO_1-1.svg\" \/>\n<meta name=\"twitter:label1\" content=\"Tiempo de lectura\" \/>\n\t<meta name=\"twitter:data1\" content=\"3 minutos\" \/>\n<script type=\"application\/ld+json\" class=\"yoast-schema-graph\">{\"@context\":\"https:\/\/schema.org\",\"@graph\":[{\"@type\":\"WebPage\",\"@id\":\"https:\/\/www.translationagency.it\/sottotitolaggio\/\",\"url\":\"https:\/\/www.translationagency.it\/sottotitolaggio\/\",\"name\":\"Traducciones para subtitulado de v\u00eddeos - Translation Agency\",\"isPartOf\":{\"@id\":\"https:\/\/www.translationagency.it\/#website\"},\"datePublished\":\"2022-07-01T13:59:46+00:00\",\"dateModified\":\"2023-12-22T12:20:32+00:00\",\"description\":\"\u00bfTus v\u00eddeos necesitan subt\u00edtulos eficaces? Conf\u00eda en nuestros expertos en traducci\u00f3n de subt\u00edtulos.\",\"breadcrumb\":{\"@id\":\"https:\/\/www.translationagency.it\/sottotitolaggio\/#breadcrumb\"},\"inLanguage\":\"es\",\"potentialAction\":[{\"@type\":\"ReadAction\",\"target\":[\"https:\/\/www.translationagency.it\/sottotitolaggio\/\"]}]},{\"@type\":\"BreadcrumbList\",\"@id\":\"https:\/\/www.translationagency.it\/sottotitolaggio\/#breadcrumb\",\"itemListElement\":[{\"@type\":\"ListItem\",\"position\":1,\"name\":\"Home\",\"item\":\"https:\/\/www.translationagency.it\/\"},{\"@type\":\"ListItem\",\"position\":2,\"name\":\"Subtitulaci\u00f3n\"}]},{\"@type\":\"WebSite\",\"@id\":\"https:\/\/www.translationagency.it\/#website\",\"url\":\"https:\/\/www.translationagency.it\/\",\"name\":\"Translation Agency\",\"description\":\"\",\"publisher\":{\"@id\":\"https:\/\/www.translationagency.it\/#organization\"},\"potentialAction\":[{\"@type\":\"SearchAction\",\"target\":{\"@type\":\"EntryPoint\",\"urlTemplate\":\"https:\/\/www.translationagency.it\/?s={search_term_string}\"},\"query-input\":\"required name=search_term_string\"}],\"inLanguage\":\"es\"},{\"@type\":\"Organization\",\"@id\":\"https:\/\/www.translationagency.it\/#organization\",\"name\":\"Translation Agency\",\"url\":\"https:\/\/www.translationagency.it\/\",\"logo\":{\"@type\":\"ImageObject\",\"inLanguage\":\"es\",\"@id\":\"https:\/\/www.translationagency.it\/#\/schema\/logo\/image\/\",\"url\":\"https:\/\/www.translationagency.it\/wp-content\/uploads\/2021\/12\/logo-ta-1.png\",\"contentUrl\":\"https:\/\/www.translationagency.it\/wp-content\/uploads\/2021\/12\/logo-ta-1.png\",\"width\":122,\"height\":48,\"caption\":\"Translation Agency\"},\"image\":{\"@id\":\"https:\/\/www.translationagency.it\/#\/schema\/logo\/image\/\"}}]}<\/script>\n<!-- \/ Yoast SEO plugin. -->","yoast_head_json":{"title":"Traducciones para subtitulado de v\u00eddeos - Translation Agency","description":"\u00bfTus v\u00eddeos necesitan subt\u00edtulos eficaces? Conf\u00eda en nuestros expertos en traducci\u00f3n de subt\u00edtulos.","robots":{"index":"index","follow":"follow","max-snippet":"max-snippet:-1","max-image-preview":"max-image-preview:large","max-video-preview":"max-video-preview:-1"},"canonical":"https:\/\/www.translationagency.it\/sottotitolaggio\/","og_locale":"es_ES","og_type":"article","og_title":"Traducciones para subtitulado de v\u00eddeos - Translation Agency","og_description":"\u00bfTus v\u00eddeos necesitan subt\u00edtulos eficaces? Conf\u00eda en nuestros expertos en traducci\u00f3n de subt\u00edtulos.","og_url":"https:\/\/www.translationagency.it\/sottotitolaggio\/","og_site_name":"Translation Agency","article_modified_time":"2023-12-22T12:20:32+00:00","twitter_card":"summary_large_image","twitter_image":"https:\/\/www.translationagency.it\/wp-content\/uploads\/2021\/12\/SERVIZI_SOTTOTITOLAGGIO_1-1.svg","twitter_misc":{"Tiempo de lectura":"3 minutos"},"schema":{"@context":"https:\/\/schema.org","@graph":[{"@type":"WebPage","@id":"https:\/\/www.translationagency.it\/sottotitolaggio\/","url":"https:\/\/www.translationagency.it\/sottotitolaggio\/","name":"Traducciones para subtitulado de v\u00eddeos - Translation Agency","isPartOf":{"@id":"https:\/\/www.translationagency.it\/#website"},"datePublished":"2022-07-01T13:59:46+00:00","dateModified":"2023-12-22T12:20:32+00:00","description":"\u00bfTus v\u00eddeos necesitan subt\u00edtulos eficaces? Conf\u00eda en nuestros expertos en traducci\u00f3n de subt\u00edtulos.","breadcrumb":{"@id":"https:\/\/www.translationagency.it\/sottotitolaggio\/#breadcrumb"},"inLanguage":"es","potentialAction":[{"@type":"ReadAction","target":["https:\/\/www.translationagency.it\/sottotitolaggio\/"]}]},{"@type":"BreadcrumbList","@id":"https:\/\/www.translationagency.it\/sottotitolaggio\/#breadcrumb","itemListElement":[{"@type":"ListItem","position":1,"name":"Home","item":"https:\/\/www.translationagency.it\/"},{"@type":"ListItem","position":2,"name":"Subtitulaci\u00f3n"}]},{"@type":"WebSite","@id":"https:\/\/www.translationagency.it\/#website","url":"https:\/\/www.translationagency.it\/","name":"Translation Agency","description":"","publisher":{"@id":"https:\/\/www.translationagency.it\/#organization"},"potentialAction":[{"@type":"SearchAction","target":{"@type":"EntryPoint","urlTemplate":"https:\/\/www.translationagency.it\/?s={search_term_string}"},"query-input":"required name=search_term_string"}],"inLanguage":"es"},{"@type":"Organization","@id":"https:\/\/www.translationagency.it\/#organization","name":"Translation Agency","url":"https:\/\/www.translationagency.it\/","logo":{"@type":"ImageObject","inLanguage":"es","@id":"https:\/\/www.translationagency.it\/#\/schema\/logo\/image\/","url":"https:\/\/www.translationagency.it\/wp-content\/uploads\/2021\/12\/logo-ta-1.png","contentUrl":"https:\/\/www.translationagency.it\/wp-content\/uploads\/2021\/12\/logo-ta-1.png","width":122,"height":48,"caption":"Translation Agency"},"image":{"@id":"https:\/\/www.translationagency.it\/#\/schema\/logo\/image\/"}}]}},"_links":{"self":[{"href":"https:\/\/www.translationagency.it\/es\/wp-json\/wp\/v2\/pages\/45233"}],"collection":[{"href":"https:\/\/www.translationagency.it\/es\/wp-json\/wp\/v2\/pages"}],"about":[{"href":"https:\/\/www.translationagency.it\/es\/wp-json\/wp\/v2\/types\/page"}],"author":[{"embeddable":true,"href":"https:\/\/www.translationagency.it\/es\/wp-json\/wp\/v2\/users\/5"}],"replies":[{"embeddable":true,"href":"https:\/\/www.translationagency.it\/es\/wp-json\/wp\/v2\/comments?post=45233"}],"version-history":[{"count":10,"href":"https:\/\/www.translationagency.it\/es\/wp-json\/wp\/v2\/pages\/45233\/revisions"}],"predecessor-version":[{"id":47750,"href":"https:\/\/www.translationagency.it\/es\/wp-json\/wp\/v2\/pages\/45233\/revisions\/47750"}],"wp:featuredmedia":[{"embeddable":true,"href":"https:\/\/www.translationagency.it\/es\/wp-json\/wp\/v2\/media\/44814"}],"wp:attachment":[{"href":"https:\/\/www.translationagency.it\/es\/wp-json\/wp\/v2\/media?parent=45233"}],"curies":[{"name":"wp","href":"https:\/\/api.w.org\/{rel}","templated":true}]}}