{"id":45214,"date":"2022-07-01T15:07:56","date_gmt":"2022-07-01T13:07:56","guid":{"rendered":"https:\/\/www.translationagency.it\/interpretacion-remoto\/"},"modified":"2024-01-26T12:47:38","modified_gmt":"2024-01-26T11:47:38","slug":"interpretacion-remoto","status":"publish","type":"page","link":"https:\/\/www.translationagency.it\/es\/interpretacion-remoto\/","title":{"rendered":"Interpretaci\u00f3n remoto"},"content":{"rendered":"\t\t<div data-elementor-type=\"wp-page\" data-elementor-id=\"45214\" class=\"elementor elementor-45214 elementor-44271\">\n\t\t\t\t\t\t\t\t\t<section class=\"elementor-section elementor-top-section elementor-element elementor-element-49ec8f7a elementor-section-boxed elementor-section-height-default elementor-section-height-default\" data-id=\"49ec8f7a\" data-element_type=\"section\">\n\t\t\t\t\t\t<div class=\"elementor-container elementor-column-gap-default\">\n\t\t\t\t\t<div class=\"elementor-column elementor-col-100 elementor-top-column elementor-element elementor-element-7a2b045e\" data-id=\"7a2b045e\" data-element_type=\"column\">\n\t\t\t<div class=\"elementor-widget-wrap elementor-element-populated\">\n\t\t\t\t\t\t\t\t<section class=\"elementor-section elementor-inner-section elementor-element elementor-element-7c45c0c2 elementor-section-boxed elementor-section-height-default elementor-section-height-default\" data-id=\"7c45c0c2\" data-element_type=\"section\">\n\t\t\t\t\t\t<div class=\"elementor-container elementor-column-gap-default\">\n\t\t\t\t\t<div class=\"elementor-column elementor-col-33 elementor-inner-column elementor-element elementor-element-10ba8aea\" data-id=\"10ba8aea\" data-element_type=\"column\">\n\t\t\t<div class=\"elementor-widget-wrap elementor-element-populated\">\n\t\t\t\t\t\t\t\t<div class=\"elementor-element elementor-element-7b4e559a elementor-widget elementor-widget-image\" data-id=\"7b4e559a\" data-element_type=\"widget\" data-widget_type=\"image.default\">\n\t\t\t\t<div class=\"elementor-widget-container\">\n\t\t\t\t\t\t\t\t\t\t\t\t\t\t\t<img decoding=\"async\" loading=\"lazy\" width=\"250\" height=\"250\" src=\"https:\/\/www.translationagency.it\/wp-content\/uploads\/2022\/01\/Remote-Interpreting_Icona_Home.svg\" class=\"attachment-large size-large wp-image-43755\" alt=\"\" \/>\t\t\t\t\t\t\t\t\t\t\t\t\t\t\t<\/div>\n\t\t\t\t<\/div>\n\t\t\t\t\t<\/div>\n\t\t<\/div>\n\t\t\t\t<div class=\"elementor-column elementor-col-66 elementor-inner-column elementor-element elementor-element-645d6fa8\" data-id=\"645d6fa8\" data-element_type=\"column\">\n\t\t\t<div class=\"elementor-widget-wrap elementor-element-populated\">\n\t\t\t\t\t\t\t\t<div class=\"elementor-element elementor-element-352653b9 elementor-widget elementor-widget-heading\" data-id=\"352653b9\" data-element_type=\"widget\" data-widget_type=\"heading.default\">\n\t\t\t\t<div class=\"elementor-widget-container\">\n\t\t\t<h1 class=\"elementor-heading-title elementor-size-default\">INTERPRETACI\u00d3N REMOTA<\/h1>\t\t<\/div>\n\t\t\t\t<\/div>\n\t\t\t\t<div class=\"elementor-element elementor-element-4f406741 elementor-widget elementor-widget-text-editor\" data-id=\"4f406741\" data-element_type=\"widget\" data-widget_type=\"text-editor.default\">\n\t\t\t\t<div class=\"elementor-widget-container\">\n\t\t\t\t\t\t\t<p><span style=\"color: #000000;\"> La interpretaci\u00f3n en l\u00ednea es una soluci\u00f3n pr\u00e1ctica y eficaz para romper las barreras ling\u00fc\u00edsticas y log\u00edsticas de la comunicaci\u00f3n. Este servicio permite que personas que hablan diferentes idiomas se re\u00fanan en l\u00ednea sin tener que concertar un encuentro en persona. <\/span><\/p>\n\t\t\t\t\t\t<\/div>\n\t\t\t\t<\/div>\n\t\t\t\t\t<\/div>\n\t\t<\/div>\n\t\t\t\t\t\t\t<\/div>\n\t\t<\/section>\n\t\t\t\t\t<\/div>\n\t\t<\/div>\n\t\t\t\t\t\t\t<\/div>\n\t\t<\/section>\n\t\t\t\t<section class=\"elementor-section elementor-top-section elementor-element elementor-element-6066befb elementor-section-stretched elementor-section-boxed elementor-section-height-default elementor-section-height-default\" data-id=\"6066befb\" data-element_type=\"section\" data-settings=\"{&quot;stretch_section&quot;:&quot;section-stretched&quot;}\">\n\t\t\t\t\t\t<div class=\"elementor-container elementor-column-gap-default\">\n\t\t\t\t\t<div class=\"elementor-column elementor-col-100 elementor-top-column elementor-element elementor-element-34793051\" data-id=\"34793051\" data-element_type=\"column\">\n\t\t\t<div class=\"elementor-widget-wrap elementor-element-populated\">\n\t\t\t\t\t\t\t\t<div class=\"elementor-element elementor-element-603dd7af elementor-widget elementor-widget-text-editor\" data-id=\"603dd7af\" data-element_type=\"widget\" data-widget_type=\"text-editor.default\">\n\t\t\t\t<div class=\"elementor-widget-container\">\n\t\t\t\t\t\t\t<h2>Webinarios y videollamadas a distancia<\/h2>\n<p>Las reuniones y negociaciones ya no celebran solo de manera presencial. <strong> Los contactos y llamadas a distancia<\/strong>se han convertido en una pr\u00e1ctica consolidada: lo mismo ocurre con los servicios de interpretaci\u00f3n, en los que la traducci\u00f3n se realiza en una simple cita en l\u00ednea sin tener que incurrir en gastos de alojamiento y viaje del int\u00e9rprete, alquiler o compra de cabinas y equipos t\u00e9cnicos (como auriculares y receptores). Con la interpretaci\u00f3n remota, no solo ahorrar\u00e1s dinero, sino tambi\u00e9n tiempo, , al poder contar con los servicios de personal que se encuentra en otro lugar. Tambi\u00e9n resulta m\u00e1s f\u00e1cil y r\u00e1pido encontrar personal que trabaje con combinaciones ling\u00fc\u00edsticas poco frecuentes, y los problemas organizativos imprevistos, as\u00ed como los cambios repentinos de planes, son mucho m\u00e1s f\u00e1ciles de gestionar. Y, si lo deseas, podr\u00e1s grabar el sonido y lo que ocurre en la pantalla gracias a los <strong>programas de captura de pantalla<\/strong>.<\/p>\n\t\t\t\t\t\t<\/div>\n\t\t\t\t<\/div>\n\t\t\t\t\t<\/div>\n\t\t<\/div>\n\t\t\t\t\t\t\t<\/div>\n\t\t<\/section>\n\t\t\t\t<section class=\"elementor-section elementor-top-section elementor-element elementor-element-358fdf92 elementor-section-stretched elementor-section-boxed elementor-section-height-default elementor-section-height-default\" data-id=\"358fdf92\" data-element_type=\"section\" data-settings=\"{&quot;stretch_section&quot;:&quot;section-stretched&quot;}\">\n\t\t\t\t\t\t<div class=\"elementor-container elementor-column-gap-default\">\n\t\t\t\t\t<div class=\"elementor-column elementor-col-100 elementor-top-column elementor-element elementor-element-56c845fa\" data-id=\"56c845fa\" data-element_type=\"column\">\n\t\t\t<div class=\"elementor-widget-wrap elementor-element-populated\">\n\t\t\t\t\t\t\t\t<div class=\"elementor-element elementor-element-7dca1dcf elementor-align-center elementor-widget elementor-widget-button\" data-id=\"7dca1dcf\" data-element_type=\"widget\" data-widget_type=\"button.default\">\n\t\t\t\t<div class=\"elementor-widget-container\">\n\t\t\t\t\t<div class=\"elementor-button-wrapper\">\n\t\t\t<a class=\"elementor-button elementor-button-link elementor-size-lg\" href=\"https:\/\/www.translationagency.it\/es\/presupuesto\/\">\n\t\t\t\t\t\t<span class=\"elementor-button-content-wrapper\">\n\t\t\t\t\t\t<span class=\"elementor-button-text\">Reciba un presupuesto gratuito en 24 oras<\/span>\n\t\t<\/span>\n\t\t\t\t\t<\/a>\n\t\t<\/div>\n\t\t\t\t<\/div>\n\t\t\t\t<\/div>\n\t\t\t\t\t<\/div>\n\t\t<\/div>\n\t\t\t\t\t\t\t<\/div>\n\t\t<\/section>\n\t\t\t\t<section class=\"elementor-section elementor-top-section elementor-element elementor-element-7a66a847 elementor-section-stretched elementor-section-boxed elementor-section-height-default elementor-section-height-default\" data-id=\"7a66a847\" data-element_type=\"section\" data-settings=\"{&quot;stretch_section&quot;:&quot;section-stretched&quot;}\">\n\t\t\t\t\t\t<div class=\"elementor-container elementor-column-gap-default\">\n\t\t\t\t\t<div class=\"elementor-column elementor-col-100 elementor-top-column elementor-element elementor-element-4a84aadd\" data-id=\"4a84aadd\" data-element_type=\"column\">\n\t\t\t<div class=\"elementor-widget-wrap elementor-element-populated\">\n\t\t\t\t\t\t\t\t<div class=\"elementor-element elementor-element-173d2cd0 elementor-widget elementor-widget-spacer\" data-id=\"173d2cd0\" data-element_type=\"widget\" data-widget_type=\"spacer.default\">\n\t\t\t\t<div class=\"elementor-widget-container\">\n\t\t\t\t\t<div class=\"elementor-spacer\">\n\t\t\t<div class=\"elementor-spacer-inner\"><\/div>\n\t\t<\/div>\n\t\t\t\t<\/div>\n\t\t\t\t<\/div>\n\t\t\t\t<div class=\"elementor-element elementor-element-4fb50ff5 elementor-widget elementor-widget-text-editor\" data-id=\"4fb50ff5\" data-element_type=\"widget\" data-widget_type=\"text-editor.default\">\n\t\t\t\t<div class=\"elementor-widget-container\">\n\t\t\t\t\t\t\t<h2>Nuestro servicio de interpretaci\u00f3n en l\u00ednea<\/h2>\n<p><strong>Un servicio de interpretaci\u00f3n a la altura de las expectativas<\/strong> se basa en algunos puntos clave. Una webcam, un micr\u00f3fono, una conexi\u00f3n y, por supuesto, un buen int\u00e9rprete. Lo \u00fanico que tienes que hacer es instalar la herramienta adecuada en tu PC o tableta: utilizamos plataformas de uso com\u00fan como Zoom, Google Meet, Microsoft Teams y Skype, pero tambi\u00e9n otras m\u00e1s profesionales como Interprefy, Kudo y Ablio. Translation Agency <strong>te orientar\u00e1 en la elecci\u00f3n de la mejor plataforma<\/strong> en funci\u00f3n del n\u00famero de participantes y del tipo de reuni\u00f3n o evento: elegimos al int\u00e9rprete o al equipo de int\u00e9rpretes en funci\u00f3n del tema y de la combinaci\u00f3n de idiomas. Contacta con nosotros para obtener m\u00e1s informaci\u00f3n sobre nuestro servicio de interpretaci\u00f3n en l\u00ednea.<\/p>\n\t\t\t\t\t\t<\/div>\n\t\t\t\t<\/div>\n\t\t\t\t<div class=\"elementor-element elementor-element-4ad2e790 elementor-widget elementor-widget-spacer\" data-id=\"4ad2e790\" data-element_type=\"widget\" data-widget_type=\"spacer.default\">\n\t\t\t\t<div class=\"elementor-widget-container\">\n\t\t\t\t\t<div class=\"elementor-spacer\">\n\t\t\t<div class=\"elementor-spacer-inner\"><\/div>\n\t\t<\/div>\n\t\t\t\t<\/div>\n\t\t\t\t<\/div>\n\t\t\t\t\t<\/div>\n\t\t<\/div>\n\t\t\t\t\t\t\t<\/div>\n\t\t<\/section>\n\t\t\t\t<section class=\"elementor-section elementor-top-section elementor-element elementor-element-29508d47 elementor-section-boxed elementor-section-height-default elementor-section-height-default\" data-id=\"29508d47\" data-element_type=\"section\" data-settings=\"{&quot;background_background&quot;:&quot;classic&quot;}\">\n\t\t\t\t\t\t<div class=\"elementor-container elementor-column-gap-default\">\n\t\t\t\t\t<div class=\"elementor-column elementor-col-100 elementor-top-column elementor-element elementor-element-2a8db8bd\" data-id=\"2a8db8bd\" data-element_type=\"column\">\n\t\t\t<div class=\"elementor-widget-wrap elementor-element-populated\">\n\t\t\t\t\t\t\t\t<div class=\"elementor-element elementor-element-43011ebf elementor-widget elementor-widget-text-editor\" data-id=\"43011ebf\" data-element_type=\"widget\" data-widget_type=\"text-editor.default\">\n\t\t\t\t<div class=\"elementor-widget-container\">\n\t\t\t\t\t\t\t<p><strong>Recomendamos la interpretaci\u00f3n remota para:<\/strong><\/p>\n<ul>\n<li>conferencias cortas con un n\u00famero reducido de participantes;<\/li>\n<li>webinarios, cursos y formaci\u00f3n;<\/li>\n<li>reuniones B2B;<\/li>\n<li>teleconferencias;<\/li>\n<li>eventos y ferias virtuales;<\/li>\n<li>reuniones en l\u00ednea.<\/li>\n<\/ul>\n\t\t\t\t\t\t<\/div>\n\t\t\t\t<\/div>\n\t\t\t\t\t<\/div>\n\t\t<\/div>\n\t\t\t\t\t\t\t<\/div>\n\t\t<\/section>\n\t\t\t\t<section class=\"elementor-section elementor-top-section elementor-element elementor-element-1d9049fa elementor-section-full_width elementor-section-height-default elementor-section-height-default\" data-id=\"1d9049fa\" data-element_type=\"section\">\n\t\t\t\t\t\t<div class=\"elementor-container elementor-column-gap-default\">\n\t\t\t\t\t<div class=\"elementor-column elementor-col-100 elementor-top-column elementor-element elementor-element-5f810ba0\" data-id=\"5f810ba0\" data-element_type=\"column\">\n\t\t\t<div class=\"elementor-widget-wrap elementor-element-populated\">\n\t\t\t\t\t\t\t\t<div class=\"elementor-element elementor-element-20e06e61 elementor-widget elementor-widget-spacer\" data-id=\"20e06e61\" data-element_type=\"widget\" data-widget_type=\"spacer.default\">\n\t\t\t\t<div class=\"elementor-widget-container\">\n\t\t\t\t\t<div class=\"elementor-spacer\">\n\t\t\t<div class=\"elementor-spacer-inner\"><\/div>\n\t\t<\/div>\n\t\t\t\t<\/div>\n\t\t\t\t<\/div>\n\t\t\t\t<div class=\"elementor-element elementor-element-4ff916e0 elementor-widget elementor-widget-spacer\" data-id=\"4ff916e0\" data-element_type=\"widget\" data-widget_type=\"spacer.default\">\n\t\t\t\t<div class=\"elementor-widget-container\">\n\t\t\t\t\t<div class=\"elementor-spacer\">\n\t\t\t<div class=\"elementor-spacer-inner\"><\/div>\n\t\t<\/div>\n\t\t\t\t<\/div>\n\t\t\t\t<\/div>\n\t\t\t\t\t<\/div>\n\t\t<\/div>\n\t\t\t\t\t\t\t<\/div>\n\t\t<\/section>\n\t\t\t\t<section class=\"elementor-section elementor-top-section elementor-element elementor-element-5497eb96 elementor-section-stretched elementor-section-boxed elementor-section-height-default elementor-section-height-default\" data-id=\"5497eb96\" data-element_type=\"section\" data-settings=\"{&quot;background_background&quot;:&quot;classic&quot;,&quot;stretch_section&quot;:&quot;section-stretched&quot;}\">\n\t\t\t\t\t\t<div class=\"elementor-container elementor-column-gap-no\">\n\t\t\t\t\t<div class=\"elementor-column elementor-col-100 elementor-top-column elementor-element elementor-element-340992ec\" data-id=\"340992ec\" data-element_type=\"column\">\n\t\t\t<div class=\"elementor-widget-wrap elementor-element-populated\">\n\t\t\t\t\t\t\t\t<section class=\"elementor-section elementor-inner-section elementor-element elementor-element-3619f319 elementor-section-boxed elementor-section-height-default elementor-section-height-default\" data-id=\"3619f319\" data-element_type=\"section\">\n\t\t\t\t\t\t<div class=\"elementor-container elementor-column-gap-wider\">\n\t\t\t\t\t<div class=\"elementor-column elementor-col-50 elementor-inner-column elementor-element elementor-element-4b03887f\" data-id=\"4b03887f\" data-element_type=\"column\">\n\t\t\t<div class=\"elementor-widget-wrap elementor-element-populated\">\n\t\t\t\t\t\t\t\t<div class=\"elementor-element elementor-element-36e3ef93 elementor-widget-tablet__width-inherit elementor-widget elementor-widget-heading\" data-id=\"36e3ef93\" data-element_type=\"widget\" data-widget_type=\"heading.default\">\n\t\t\t\t<div class=\"elementor-widget-container\">\n\t\t\t<h3 class=\"elementor-heading-title elementor-size-default\">Reciba un presupuesto gratuito en 24 oras<\/h3>\t\t<\/div>\n\t\t\t\t<\/div>\n\t\t\t\t\t<\/div>\n\t\t<\/div>\n\t\t\t\t<div class=\"elementor-column elementor-col-50 elementor-inner-column elementor-element elementor-element-25a975e6\" data-id=\"25a975e6\" data-element_type=\"column\">\n\t\t\t<div class=\"elementor-widget-wrap elementor-element-populated\">\n\t\t\t\t\t\t\t\t<div class=\"elementor-element elementor-element-3cf10ade elementor-align-justify elementor-tablet-align-center elementor-widget elementor-widget-the7_button_widget\" data-id=\"3cf10ade\" data-element_type=\"widget\" data-widget_type=\"the7_button_widget.default\">\n\t\t\t\t<div class=\"elementor-widget-container\">\n\t\t\t<div class=\"elementor-button-wrapper\"><a href=\"https:\/\/www.translationagency.it\/es\/presupuesto\/\" class=\"box-button elementor-button elementor-size-xl\">Solicitar presupuesto<\/a><\/div>\t\t<\/div>\n\t\t\t\t<\/div>\n\t\t\t\t\t<\/div>\n\t\t<\/div>\n\t\t\t\t\t\t\t<\/div>\n\t\t<\/section>\n\t\t\t\t\t<\/div>\n\t\t<\/div>\n\t\t\t\t\t\t\t<\/div>\n\t\t<\/section>\n\t\t\t\t\t\t\t<\/div>\n\t\t","protected":false},"excerpt":{"rendered":"<p>INTERPRETACI\u00d3N REMOTA La interpretaci\u00f3n en l\u00ednea es una soluci\u00f3n pr\u00e1ctica y eficaz para romper las barreras ling\u00fc\u00edsticas y log\u00edsticas de la comunicaci\u00f3n. Este servicio permite que personas que hablan diferentes idiomas se re\u00fanan en l\u00ednea sin tener que concertar un encuentro en persona. Webinarios y videollamadas a distancia Las reuniones y negociaciones ya no celebran&hellip;<\/p>\n","protected":false},"author":4,"featured_media":0,"parent":0,"menu_order":0,"comment_status":"closed","ping_status":"closed","template":"","meta":{"_monsterinsights_skip_tracking":false,"_monsterinsights_sitenote_active":false,"_monsterinsights_sitenote_note":"","_monsterinsights_sitenote_category":0,"footnotes":""},"yoast_head":"<!-- This site is optimized with the Yoast SEO plugin v21.1 - https:\/\/yoast.com\/wordpress\/plugins\/seo\/ -->\n<title>Servicios de interpretaci\u00f3n a distancia | Translation Agency<\/title>\n<meta name=\"description\" content=\"\u00bfNecesitas un o una int\u00e9rprete a distancia? Nuestro servicio te ofrece un apoyo r\u00e1pido y profesional, todo en l\u00ednea y personalizado.\" \/>\n<meta name=\"robots\" content=\"index, follow, max-snippet:-1, max-image-preview:large, max-video-preview:-1\" \/>\n<link rel=\"canonical\" href=\"https:\/\/www.translationagency.it\/servizi-interpretariato-remoto\/\" \/>\n<meta property=\"og:locale\" content=\"es_ES\" \/>\n<meta property=\"og:type\" content=\"article\" \/>\n<meta property=\"og:title\" content=\"Servicios de interpretaci\u00f3n a distancia | Translation Agency\" \/>\n<meta property=\"og:description\" content=\"\u00bfNecesitas un o una int\u00e9rprete a distancia? Nuestro servicio te ofrece un apoyo r\u00e1pido y profesional, todo en l\u00ednea y personalizado.\" \/>\n<meta property=\"og:url\" content=\"https:\/\/www.translationagency.it\/servizi-interpretariato-remoto\/\" \/>\n<meta property=\"og:site_name\" content=\"Translation Agency\" \/>\n<meta property=\"article:modified_time\" content=\"2024-01-26T11:47:38+00:00\" \/>\n<meta property=\"og:image\" content=\"https:\/\/www.translationagency.it\/wp-content\/uploads\/2022\/01\/Remote-Interpreting_Icona_Home.svg\" \/>\n<meta name=\"twitter:card\" content=\"summary_large_image\" \/>\n<meta name=\"twitter:label1\" content=\"Tiempo de lectura\" \/>\n\t<meta name=\"twitter:data1\" content=\"3 minutos\" \/>\n<script type=\"application\/ld+json\" class=\"yoast-schema-graph\">{\"@context\":\"https:\/\/schema.org\",\"@graph\":[{\"@type\":\"WebPage\",\"@id\":\"https:\/\/www.translationagency.it\/servizi-interpretariato-remoto\/\",\"url\":\"https:\/\/www.translationagency.it\/servizi-interpretariato-remoto\/\",\"name\":\"Servicios de interpretaci\u00f3n a distancia | Translation Agency\",\"isPartOf\":{\"@id\":\"https:\/\/www.translationagency.it\/#website\"},\"datePublished\":\"2022-07-01T13:07:56+00:00\",\"dateModified\":\"2024-01-26T11:47:38+00:00\",\"description\":\"\u00bfNecesitas un o una int\u00e9rprete a distancia? Nuestro servicio te ofrece un apoyo r\u00e1pido y profesional, todo en l\u00ednea y personalizado.\",\"breadcrumb\":{\"@id\":\"https:\/\/www.translationagency.it\/servizi-interpretariato-remoto\/#breadcrumb\"},\"inLanguage\":\"es\",\"potentialAction\":[{\"@type\":\"ReadAction\",\"target\":[\"https:\/\/www.translationagency.it\/servizi-interpretariato-remoto\/\"]}]},{\"@type\":\"BreadcrumbList\",\"@id\":\"https:\/\/www.translationagency.it\/servizi-interpretariato-remoto\/#breadcrumb\",\"itemListElement\":[{\"@type\":\"ListItem\",\"position\":1,\"name\":\"Home\",\"item\":\"https:\/\/www.translationagency.it\/\"},{\"@type\":\"ListItem\",\"position\":2,\"name\":\"Interpretaci\u00f3n remoto\"}]},{\"@type\":\"WebSite\",\"@id\":\"https:\/\/www.translationagency.it\/#website\",\"url\":\"https:\/\/www.translationagency.it\/\",\"name\":\"Translation Agency\",\"description\":\"\",\"publisher\":{\"@id\":\"https:\/\/www.translationagency.it\/#organization\"},\"potentialAction\":[{\"@type\":\"SearchAction\",\"target\":{\"@type\":\"EntryPoint\",\"urlTemplate\":\"https:\/\/www.translationagency.it\/?s={search_term_string}\"},\"query-input\":\"required name=search_term_string\"}],\"inLanguage\":\"es\"},{\"@type\":\"Organization\",\"@id\":\"https:\/\/www.translationagency.it\/#organization\",\"name\":\"Translation Agency\",\"url\":\"https:\/\/www.translationagency.it\/\",\"logo\":{\"@type\":\"ImageObject\",\"inLanguage\":\"es\",\"@id\":\"https:\/\/www.translationagency.it\/#\/schema\/logo\/image\/\",\"url\":\"https:\/\/www.translationagency.it\/wp-content\/uploads\/2021\/12\/logo-ta-1.png\",\"contentUrl\":\"https:\/\/www.translationagency.it\/wp-content\/uploads\/2021\/12\/logo-ta-1.png\",\"width\":122,\"height\":48,\"caption\":\"Translation Agency\"},\"image\":{\"@id\":\"https:\/\/www.translationagency.it\/#\/schema\/logo\/image\/\"}}]}<\/script>\n<!-- \/ Yoast SEO plugin. -->","yoast_head_json":{"title":"Servicios de interpretaci\u00f3n a distancia | Translation Agency","description":"\u00bfNecesitas un o una int\u00e9rprete a distancia? Nuestro servicio te ofrece un apoyo r\u00e1pido y profesional, todo en l\u00ednea y personalizado.","robots":{"index":"index","follow":"follow","max-snippet":"max-snippet:-1","max-image-preview":"max-image-preview:large","max-video-preview":"max-video-preview:-1"},"canonical":"https:\/\/www.translationagency.it\/servizi-interpretariato-remoto\/","og_locale":"es_ES","og_type":"article","og_title":"Servicios de interpretaci\u00f3n a distancia | Translation Agency","og_description":"\u00bfNecesitas un o una int\u00e9rprete a distancia? Nuestro servicio te ofrece un apoyo r\u00e1pido y profesional, todo en l\u00ednea y personalizado.","og_url":"https:\/\/www.translationagency.it\/servizi-interpretariato-remoto\/","og_site_name":"Translation Agency","article_modified_time":"2024-01-26T11:47:38+00:00","og_image":[{"url":"https:\/\/www.translationagency.it\/wp-content\/uploads\/2022\/01\/Remote-Interpreting_Icona_Home.svg"}],"twitter_card":"summary_large_image","twitter_misc":{"Tiempo de lectura":"3 minutos"},"schema":{"@context":"https:\/\/schema.org","@graph":[{"@type":"WebPage","@id":"https:\/\/www.translationagency.it\/servizi-interpretariato-remoto\/","url":"https:\/\/www.translationagency.it\/servizi-interpretariato-remoto\/","name":"Servicios de interpretaci\u00f3n a distancia | Translation Agency","isPartOf":{"@id":"https:\/\/www.translationagency.it\/#website"},"datePublished":"2022-07-01T13:07:56+00:00","dateModified":"2024-01-26T11:47:38+00:00","description":"\u00bfNecesitas un o una int\u00e9rprete a distancia? Nuestro servicio te ofrece un apoyo r\u00e1pido y profesional, todo en l\u00ednea y personalizado.","breadcrumb":{"@id":"https:\/\/www.translationagency.it\/servizi-interpretariato-remoto\/#breadcrumb"},"inLanguage":"es","potentialAction":[{"@type":"ReadAction","target":["https:\/\/www.translationagency.it\/servizi-interpretariato-remoto\/"]}]},{"@type":"BreadcrumbList","@id":"https:\/\/www.translationagency.it\/servizi-interpretariato-remoto\/#breadcrumb","itemListElement":[{"@type":"ListItem","position":1,"name":"Home","item":"https:\/\/www.translationagency.it\/"},{"@type":"ListItem","position":2,"name":"Interpretaci\u00f3n remoto"}]},{"@type":"WebSite","@id":"https:\/\/www.translationagency.it\/#website","url":"https:\/\/www.translationagency.it\/","name":"Translation Agency","description":"","publisher":{"@id":"https:\/\/www.translationagency.it\/#organization"},"potentialAction":[{"@type":"SearchAction","target":{"@type":"EntryPoint","urlTemplate":"https:\/\/www.translationagency.it\/?s={search_term_string}"},"query-input":"required name=search_term_string"}],"inLanguage":"es"},{"@type":"Organization","@id":"https:\/\/www.translationagency.it\/#organization","name":"Translation Agency","url":"https:\/\/www.translationagency.it\/","logo":{"@type":"ImageObject","inLanguage":"es","@id":"https:\/\/www.translationagency.it\/#\/schema\/logo\/image\/","url":"https:\/\/www.translationagency.it\/wp-content\/uploads\/2021\/12\/logo-ta-1.png","contentUrl":"https:\/\/www.translationagency.it\/wp-content\/uploads\/2021\/12\/logo-ta-1.png","width":122,"height":48,"caption":"Translation Agency"},"image":{"@id":"https:\/\/www.translationagency.it\/#\/schema\/logo\/image\/"}}]}},"_links":{"self":[{"href":"https:\/\/www.translationagency.it\/es\/wp-json\/wp\/v2\/pages\/45214"}],"collection":[{"href":"https:\/\/www.translationagency.it\/es\/wp-json\/wp\/v2\/pages"}],"about":[{"href":"https:\/\/www.translationagency.it\/es\/wp-json\/wp\/v2\/types\/page"}],"author":[{"embeddable":true,"href":"https:\/\/www.translationagency.it\/es\/wp-json\/wp\/v2\/users\/4"}],"replies":[{"embeddable":true,"href":"https:\/\/www.translationagency.it\/es\/wp-json\/wp\/v2\/comments?post=45214"}],"version-history":[{"count":9,"href":"https:\/\/www.translationagency.it\/es\/wp-json\/wp\/v2\/pages\/45214\/revisions"}],"predecessor-version":[{"id":48109,"href":"https:\/\/www.translationagency.it\/es\/wp-json\/wp\/v2\/pages\/45214\/revisions\/48109"}],"wp:attachment":[{"href":"https:\/\/www.translationagency.it\/es\/wp-json\/wp\/v2\/media?parent=45214"}],"curies":[{"name":"wp","href":"https:\/\/api.w.org\/{rel}","templated":true}]}}