{"id":45196,"date":"2022-07-01T14:22:55","date_gmt":"2022-07-01T12:22:55","guid":{"rendered":"https:\/\/www.translationagency.it\/mehrsprachige-uebersetzungen\/"},"modified":"2024-01-25T17:08:32","modified_gmt":"2024-01-25T16:08:32","slug":"mehrsprachige-uebersetzungen","status":"publish","type":"page","link":"https:\/\/www.translationagency.it\/de\/mehrsprachige-uebersetzungen\/","title":{"rendered":"Mehrsprachige \u00dcbersetzungen"},"content":{"rendered":"\t\t<div data-elementor-type=\"wp-page\" data-elementor-id=\"45196\" class=\"elementor elementor-45196 elementor-43435\">\n\t\t\t\t\t\t\t\t\t<section class=\"elementor-section elementor-top-section elementor-element elementor-element-c32f913 elementor-section-boxed elementor-section-height-default elementor-section-height-default\" data-id=\"c32f913\" data-element_type=\"section\">\n\t\t\t\t\t\t<div class=\"elementor-container elementor-column-gap-default\">\n\t\t\t\t\t<div class=\"elementor-column elementor-col-100 elementor-top-column elementor-element elementor-element-24c6a0f\" data-id=\"24c6a0f\" data-element_type=\"column\">\n\t\t\t<div class=\"elementor-widget-wrap elementor-element-populated\">\n\t\t\t\t\t\t\t\t<section class=\"elementor-section elementor-inner-section elementor-element elementor-element-1c18282 elementor-section-boxed elementor-section-height-default elementor-section-height-default\" data-id=\"1c18282\" data-element_type=\"section\">\n\t\t\t\t\t\t<div class=\"elementor-container elementor-column-gap-default\">\n\t\t\t\t\t<div class=\"elementor-column elementor-col-33 elementor-inner-column elementor-element elementor-element-7596e0b\" data-id=\"7596e0b\" data-element_type=\"column\">\n\t\t\t<div class=\"elementor-widget-wrap elementor-element-populated\">\n\t\t\t\t\t\t\t\t<div class=\"elementor-element elementor-element-09d70db elementor-widget elementor-widget-image\" data-id=\"09d70db\" data-element_type=\"widget\" data-widget_type=\"image.default\">\n\t\t\t\t<div class=\"elementor-widget-container\">\n\t\t\t\t\t\t\t\t\t\t\t\t\t\t\t<img decoding=\"async\" loading=\"lazy\" width=\"626\" height=\"626\" src=\"https:\/\/www.translationagency.it\/wp-content\/uploads\/2022\/01\/SERVIZI_TRANSLATION_ICONA.png\" class=\"attachment-large size-large wp-image-43698\" alt=\"\" srcset=\"https:\/\/www.translationagency.it\/wp-content\/uploads\/2022\/01\/SERVIZI_TRANSLATION_ICONA.png 626w, https:\/\/www.translationagency.it\/wp-content\/uploads\/2022\/01\/SERVIZI_TRANSLATION_ICONA-300x300.png 300w, https:\/\/www.translationagency.it\/wp-content\/uploads\/2022\/01\/SERVIZI_TRANSLATION_ICONA-150x150.png 150w, https:\/\/www.translationagency.it\/wp-content\/uploads\/2022\/01\/SERVIZI_TRANSLATION_ICONA-600x600.png 600w, https:\/\/www.translationagency.it\/wp-content\/uploads\/2022\/01\/SERVIZI_TRANSLATION_ICONA-200x200.png 200w\" sizes=\"(max-width: 626px) 100vw, 626px\" \/>\t\t\t\t\t\t\t\t\t\t\t\t\t\t\t<\/div>\n\t\t\t\t<\/div>\n\t\t\t\t\t<\/div>\n\t\t<\/div>\n\t\t\t\t<div class=\"elementor-column elementor-col-66 elementor-inner-column elementor-element elementor-element-ba58c15\" data-id=\"ba58c15\" data-element_type=\"column\">\n\t\t\t<div class=\"elementor-widget-wrap elementor-element-populated\">\n\t\t\t\t\t\t\t\t<div class=\"elementor-element elementor-element-98a9824 elementor-widget elementor-widget-heading\" data-id=\"98a9824\" data-element_type=\"widget\" data-widget_type=\"heading.default\">\n\t\t\t\t<div class=\"elementor-widget-container\">\n\t\t\t<h1 class=\"elementor-heading-title elementor-size-default\">MEHRSPRACHIGE \u00dcBERSETZUNGEN<\/h1>\t\t<\/div>\n\t\t\t\t<\/div>\n\t\t\t\t<div class=\"elementor-element elementor-element-897c750 elementor-widget elementor-widget-text-editor\" data-id=\"897c750\" data-element_type=\"widget\" data-widget_type=\"text-editor.default\">\n\t\t\t\t<div class=\"elementor-widget-container\">\n\t\t\t\t\t\t\t<p>\u00dcbersetzungen sind seit \u00fcber 35 Jahren unser Kerngesch\u00e4ft. <strong>Mit \u00fcber 250 Mitarbeitern weltweit<\/strong> \u00fcbersetzen wir in eine Vielzahl von Sprachkombinationen und garantieren ein H\u00f6chstma\u00df an Professionalit\u00e4t und Beratung. F\u00fcr jedes Projekt <strong>werden wir den besten Ansatz<\/strong> f\u00fcr Ihre Zielgruppe und Ihre Ziele <strong>untersuchen<\/strong>, um ein Ergebnis zu garantieren, das immer den Erwartungen entspricht.<\/p>\n\t\t\t\t\t\t<\/div>\n\t\t\t\t<\/div>\n\t\t\t\t\t<\/div>\n\t\t<\/div>\n\t\t\t\t\t\t\t<\/div>\n\t\t<\/section>\n\t\t\t\t\t<\/div>\n\t\t<\/div>\n\t\t\t\t\t\t\t<\/div>\n\t\t<\/section>\n\t\t\t\t<section class=\"elementor-section elementor-top-section elementor-element elementor-element-2a0bd221 elementor-section-stretched elementor-section-boxed elementor-section-height-default elementor-section-height-default\" data-id=\"2a0bd221\" data-element_type=\"section\" data-settings=\"{&quot;stretch_section&quot;:&quot;section-stretched&quot;}\">\n\t\t\t\t\t\t<div class=\"elementor-container elementor-column-gap-default\">\n\t\t\t\t\t<div class=\"elementor-column elementor-col-100 elementor-top-column elementor-element elementor-element-43728e63\" data-id=\"43728e63\" data-element_type=\"column\">\n\t\t\t<div class=\"elementor-widget-wrap elementor-element-populated\">\n\t\t\t\t\t\t\t\t<div class=\"elementor-element elementor-element-6d1c9a01 elementor-widget elementor-widget-text-editor\" data-id=\"6d1c9a01\" data-element_type=\"widget\" data-widget_type=\"text-editor.default\">\n\t\t\t\t<div class=\"elementor-widget-container\">\n\t\t\t\t\t\t\t<h2>Ma\u00dfgeschneidert, schnell, professionell<\/h2>\n<p>Das \u00dcbersetzen von Websites, Dokumenten und Inhalten in die wichtigsten Sprachen ist heute unerl\u00e4sslich. Wenn mehrsprachige \u00dcbersetzungen fr\u00fcher zweitrangig waren, bedeutet eine Investition in diese Richtung heute, \u00fcber ein wettbewerbsf\u00e4higes Werkzeug von grundlegender Bedeutung zu verf\u00fcgen. Ob f\u00fcr Studium oder Beruf, Forschung oder Kommunikation, Handel oder Teilnahme an \u00f6ffentlichen Ausschreibungen, <strong>professionelle mehrsprachige \u00dcbersetzungen <\/strong>sind ein au\u00dferordentlicher Mehrwert, ein wirksames Mittel, um aus jedem Kontext und jeder Situation das Beste herauszuholen. Unser Service umfasst ma\u00dfgeschneiderte \u00dcbersetzungen entsprechend den Bed\u00fcrfnissen, dem Zeitrahmen und Zielgruppe des Kunden. Qualit\u00e4t und P\u00fcnktlichkeit sind unsere gr\u00f6\u00dften St\u00e4rken. Bei uns k\u00f6nnen Sie sicher sein, dass Sie einen <strong>ma\u00dfgeschneiderten \u00dcbersetzungsdienst<\/strong> erhalten, der nicht nur auf Sie zugeschnitten ist, sondern zudem Ihren W\u00fcnschen entspricht. Probieren Sie es aus!<\/p>\n\t\t\t\t\t\t<\/div>\n\t\t\t\t<\/div>\n\t\t\t\t\t<\/div>\n\t\t<\/div>\n\t\t\t\t\t\t\t<\/div>\n\t\t<\/section>\n\t\t\t\t<section class=\"elementor-section elementor-top-section elementor-element elementor-element-69a128b6 elementor-section-stretched elementor-section-boxed elementor-section-height-default elementor-section-height-default\" data-id=\"69a128b6\" data-element_type=\"section\" data-settings=\"{&quot;stretch_section&quot;:&quot;section-stretched&quot;}\">\n\t\t\t\t\t\t<div class=\"elementor-container elementor-column-gap-default\">\n\t\t\t\t\t<div class=\"elementor-column elementor-col-100 elementor-top-column elementor-element elementor-element-3109bbf8\" data-id=\"3109bbf8\" data-element_type=\"column\">\n\t\t\t<div class=\"elementor-widget-wrap elementor-element-populated\">\n\t\t\t\t\t\t\t\t<div class=\"elementor-element elementor-element-1e4085de elementor-align-center elementor-widget elementor-widget-button\" data-id=\"1e4085de\" data-element_type=\"widget\" data-widget_type=\"button.default\">\n\t\t\t\t<div class=\"elementor-widget-container\">\n\t\t\t\t\t<div class=\"elementor-button-wrapper\">\n\t\t\t<a class=\"elementor-button elementor-button-link elementor-size-lg\" href=\"https:\/\/www.translationagency.it\/de\/kontakt\/\">\n\t\t\t\t\t\t<span class=\"elementor-button-content-wrapper\">\n\t\t\t\t\t\t<span class=\"elementor-button-text\">Kontaktieren Sie uns unverbindlich und erhalten Sie innerhalb von 24 Stunden ein kostenloses Angebot <\/span>\n\t\t<\/span>\n\t\t\t\t\t<\/a>\n\t\t<\/div>\n\t\t\t\t<\/div>\n\t\t\t\t<\/div>\n\t\t\t\t\t<\/div>\n\t\t<\/div>\n\t\t\t\t\t\t\t<\/div>\n\t\t<\/section>\n\t\t\t\t<section class=\"elementor-section elementor-top-section elementor-element elementor-element-2c7c975b elementor-section-stretched elementor-section-boxed elementor-section-height-default elementor-section-height-default\" data-id=\"2c7c975b\" data-element_type=\"section\" data-settings=\"{&quot;stretch_section&quot;:&quot;section-stretched&quot;}\">\n\t\t\t\t\t\t<div class=\"elementor-container elementor-column-gap-default\">\n\t\t\t\t\t<div class=\"elementor-column elementor-col-100 elementor-top-column elementor-element elementor-element-6e60596e\" data-id=\"6e60596e\" data-element_type=\"column\">\n\t\t\t<div class=\"elementor-widget-wrap elementor-element-populated\">\n\t\t\t\t\t\t\t\t<div class=\"elementor-element elementor-element-283ff78b elementor-widget elementor-widget-spacer\" data-id=\"283ff78b\" data-element_type=\"widget\" data-widget_type=\"spacer.default\">\n\t\t\t\t<div class=\"elementor-widget-container\">\n\t\t\t\t\t<div class=\"elementor-spacer\">\n\t\t\t<div class=\"elementor-spacer-inner\"><\/div>\n\t\t<\/div>\n\t\t\t\t<\/div>\n\t\t\t\t<\/div>\n\t\t\t\t<div class=\"elementor-element elementor-element-262d0490 elementor-widget elementor-widget-text-editor\" data-id=\"262d0490\" data-element_type=\"widget\" data-widget_type=\"text-editor.default\">\n\t\t\t\t<div class=\"elementor-widget-container\">\n\t\t\t\t\t\t\t<h2><strong>Mehr als 250 \u00dcbersetzer weltweit seit 35 Jahren<\/strong><\/h2>\n<p>Handb\u00fccher und technische \u00dcbersetzungen, Websites, Blogs, E-Commerce, Patente, Brosch\u00fcren und Kommunikation in der Mode- und Luxusbranche, Universit\u00e4tsunterlagen, Jahresabschl\u00fcsse und Vertr\u00e4ge&#8230; unsere mehrsprachigen \u00dcbersetzungen werden sowohl von Privatpersonen als auch von Unternehmen und Universit\u00e4ten<strong> f\u00fcr die verschiedensten Zwecke angefordert<\/strong>. Dank unseres Netzwerks von \u00dcbersetzern k\u00f6nnen wir \u00dcbersetzungen in \u00fcber 50 Sprachen der Welt anbieten, von den am weitesten verbreiteten bis hin zu den weniger bekannten Sprachen. Englisch, Deutsch, Franz\u00f6sisch, Portugiesisch, Spanisch, Polnisch, Slowakisch, Ungarisch, Koreanisch, Chinesisch, Japanisch, Russisch, Arabisch &#8230; bei Kontaktaufnahme aktivieren wir unsere \u00dcbersetzer innerhalb weniger Minuten und planen die Arbeit, um eine vollst\u00e4ndige \u00dcbereinstimmung zwischen Erwartungen und dem Endergebnis zu gew\u00e4hrleisten. Wenn Sie einen zuverl\u00e4ssigen, flexiblen und schnellen Partner suchen, ist Translation Agency die L\u00f6sung.<\/p>\n\t\t\t\t\t\t<\/div>\n\t\t\t\t<\/div>\n\t\t\t\t<div class=\"elementor-element elementor-element-5d057c58 elementor-widget elementor-widget-spacer\" data-id=\"5d057c58\" data-element_type=\"widget\" data-widget_type=\"spacer.default\">\n\t\t\t\t<div class=\"elementor-widget-container\">\n\t\t\t\t\t<div class=\"elementor-spacer\">\n\t\t\t<div class=\"elementor-spacer-inner\"><\/div>\n\t\t<\/div>\n\t\t\t\t<\/div>\n\t\t\t\t<\/div>\n\t\t\t\t\t<\/div>\n\t\t<\/div>\n\t\t\t\t\t\t\t<\/div>\n\t\t<\/section>\n\t\t\t\t<section class=\"elementor-section elementor-top-section elementor-element elementor-element-68e490c0 elementor-section-boxed elementor-section-height-default elementor-section-height-default\" data-id=\"68e490c0\" data-element_type=\"section\" data-settings=\"{&quot;background_background&quot;:&quot;classic&quot;}\">\n\t\t\t\t\t\t<div class=\"elementor-container elementor-column-gap-default\">\n\t\t\t\t\t<div class=\"elementor-column elementor-col-100 elementor-top-column elementor-element elementor-element-5bf19188\" data-id=\"5bf19188\" data-element_type=\"column\">\n\t\t\t<div class=\"elementor-widget-wrap elementor-element-populated\">\n\t\t\t\t\t\t\t\t<div class=\"elementor-element elementor-element-3ecfd224 elementor-widget elementor-widget-text-editor\" data-id=\"3ecfd224\" data-element_type=\"widget\" data-widget_type=\"text-editor.default\">\n\t\t\t\t<div class=\"elementor-widget-container\">\n\t\t\t\t\t\t\t<h2><strong>Wir empfehlen unsere professionellen \u00dcbersetzungen f\u00fcr:<\/strong><\/h2>\n<ul>\n<li>das Erreichen eines gr\u00f6\u00dferen Publikums mit Ihrer Website oder Ihrem E-Commerce<\/li>\n<li>zur Darbietung von Kunst- und Filmprojekten im Ausland<\/li>\n<li>zum Senden von Lebensl\u00e4ufen oder Vorstellungsschreiben an ausl\u00e4ndische Unternehmen<\/li>\n<li>zur Kommunikation mit Partnern, Lieferanten und Kunden weltweit<\/li>\n<li>zum Verst\u00e4ndnis von technischem, wissenschaftlichem, rechtlichem u.a. Material<\/li>\n<li>literarische und wissenschaftliche akademische Ver\u00f6ffentlichungen<\/li>\n<\/ul>\n\t\t\t\t\t\t<\/div>\n\t\t\t\t<\/div>\n\t\t\t\t\t<\/div>\n\t\t<\/div>\n\t\t\t\t\t\t\t<\/div>\n\t\t<\/section>\n\t\t\t\t<section class=\"elementor-section elementor-top-section elementor-element elementor-element-f42c9fe elementor-section-full_width elementor-section-height-default elementor-section-height-default\" data-id=\"f42c9fe\" data-element_type=\"section\">\n\t\t\t\t\t\t<div class=\"elementor-container elementor-column-gap-default\">\n\t\t\t\t\t<div class=\"elementor-column elementor-col-100 elementor-top-column elementor-element elementor-element-44eb9c7b\" data-id=\"44eb9c7b\" data-element_type=\"column\">\n\t\t\t<div class=\"elementor-widget-wrap elementor-element-populated\">\n\t\t\t\t\t\t\t\t<div class=\"elementor-element elementor-element-c594ea3 elementor-widget elementor-widget-spacer\" data-id=\"c594ea3\" data-element_type=\"widget\" data-widget_type=\"spacer.default\">\n\t\t\t\t<div class=\"elementor-widget-container\">\n\t\t\t\t\t<div class=\"elementor-spacer\">\n\t\t\t<div class=\"elementor-spacer-inner\"><\/div>\n\t\t<\/div>\n\t\t\t\t<\/div>\n\t\t\t\t<\/div>\n\t\t\t\t<div class=\"elementor-element elementor-element-5ef1a93d elementor-widget elementor-widget-spacer\" data-id=\"5ef1a93d\" data-element_type=\"widget\" data-widget_type=\"spacer.default\">\n\t\t\t\t<div class=\"elementor-widget-container\">\n\t\t\t\t\t<div class=\"elementor-spacer\">\n\t\t\t<div class=\"elementor-spacer-inner\"><\/div>\n\t\t<\/div>\n\t\t\t\t<\/div>\n\t\t\t\t<\/div>\n\t\t\t\t\t<\/div>\n\t\t<\/div>\n\t\t\t\t\t\t\t<\/div>\n\t\t<\/section>\n\t\t\t\t<section class=\"elementor-section elementor-top-section elementor-element elementor-element-29b1beaf elementor-section-stretched elementor-section-boxed elementor-section-height-default elementor-section-height-default\" data-id=\"29b1beaf\" data-element_type=\"section\" data-settings=\"{&quot;background_background&quot;:&quot;classic&quot;,&quot;stretch_section&quot;:&quot;section-stretched&quot;}\">\n\t\t\t\t\t\t<div class=\"elementor-container elementor-column-gap-no\">\n\t\t\t\t\t<div class=\"elementor-column elementor-col-100 elementor-top-column elementor-element elementor-element-6756b469\" data-id=\"6756b469\" data-element_type=\"column\">\n\t\t\t<div class=\"elementor-widget-wrap elementor-element-populated\">\n\t\t\t\t\t\t\t\t<section class=\"elementor-section elementor-inner-section elementor-element elementor-element-3f2ce614 elementor-section-boxed elementor-section-height-default elementor-section-height-default\" data-id=\"3f2ce614\" data-element_type=\"section\">\n\t\t\t\t\t\t<div class=\"elementor-container elementor-column-gap-wider\">\n\t\t\t\t\t<div class=\"elementor-column elementor-col-50 elementor-inner-column elementor-element elementor-element-5aad9878\" data-id=\"5aad9878\" data-element_type=\"column\">\n\t\t\t<div class=\"elementor-widget-wrap elementor-element-populated\">\n\t\t\t\t\t\t\t\t<div class=\"elementor-element elementor-element-14fc88ea elementor-widget-tablet__width-inherit elementor-widget elementor-widget-heading\" data-id=\"14fc88ea\" data-element_type=\"widget\" data-widget_type=\"heading.default\">\n\t\t\t\t<div class=\"elementor-widget-container\">\n\t\t\t<h3 class=\"elementor-heading-title elementor-size-default\">WERDEN SIE JETZT AKTIV: KONTAKTIEREN SIE UNS UNVERBINDLICH F\u00dcR PREISE UND BEDINGUNGEN! <\/h3>\t\t<\/div>\n\t\t\t\t<\/div>\n\t\t\t\t\t<\/div>\n\t\t<\/div>\n\t\t\t\t<div class=\"elementor-column elementor-col-50 elementor-inner-column elementor-element elementor-element-91c9c86\" data-id=\"91c9c86\" data-element_type=\"column\">\n\t\t\t<div class=\"elementor-widget-wrap elementor-element-populated\">\n\t\t\t\t\t\t\t\t<div class=\"elementor-element elementor-element-4ee22268 elementor-align-justify elementor-tablet-align-center elementor-widget elementor-widget-the7_button_widget\" data-id=\"4ee22268\" data-element_type=\"widget\" data-widget_type=\"the7_button_widget.default\">\n\t\t\t\t<div class=\"elementor-widget-container\">\n\t\t\t<div class=\"elementor-button-wrapper\"><a href=\"https:\/\/www.translationagency.it\/de\/kostenvoranschlag\/\" class=\"box-button elementor-button elementor-size-xl\">Richiedi un preventivo!<\/a><\/div>\t\t<\/div>\n\t\t\t\t<\/div>\n\t\t\t\t\t<\/div>\n\t\t<\/div>\n\t\t\t\t\t\t\t<\/div>\n\t\t<\/section>\n\t\t\t\t\t<\/div>\n\t\t<\/div>\n\t\t\t\t\t\t\t<\/div>\n\t\t<\/section>\n\t\t\t\t\t\t\t<\/div>\n\t\t","protected":false},"excerpt":{"rendered":"<p>MEHRSPRACHIGE \u00dcBERSETZUNGEN \u00dcbersetzungen sind seit \u00fcber 35 Jahren unser Kerngesch\u00e4ft. Mit \u00fcber 250 Mitarbeitern weltweit \u00fcbersetzen wir in eine Vielzahl von Sprachkombinationen und garantieren ein H\u00f6chstma\u00df an Professionalit\u00e4t und Beratung. F\u00fcr jedes Projekt werden wir den besten Ansatz f\u00fcr Ihre Zielgruppe und Ihre Ziele untersuchen, um ein Ergebnis zu garantieren, das immer den Erwartungen entspricht.&hellip;<\/p>\n","protected":false},"author":5,"featured_media":44821,"parent":0,"menu_order":0,"comment_status":"closed","ping_status":"closed","template":"","meta":{"_monsterinsights_skip_tracking":false,"_monsterinsights_sitenote_active":false,"_monsterinsights_sitenote_note":"","_monsterinsights_sitenote_category":0,"footnotes":""},"yoast_head":"<!-- This site is optimized with the Yoast SEO plugin v21.1 - https:\/\/yoast.com\/wordpress\/plugins\/seo\/ -->\n<title>Professionelle mehrsprachige \u00dcbersetzungen -<\/title>\n<meta name=\"description\" content=\"Mit unseren professionellen, mehrsprachigen \u00dcbersetzungen k\u00f6nnen Sie mit jedem Land der Welt kommunizieren. Entdecken Sie jetzt die Vorteile!\" \/>\n<meta name=\"robots\" content=\"index, follow, max-snippet:-1, max-image-preview:large, max-video-preview:-1\" \/>\n<link rel=\"canonical\" href=\"https:\/\/www.translationagency.it\/servizi-di-traduzione-multilingua\/\" \/>\n<meta property=\"og:locale\" content=\"de_DE\" \/>\n<meta property=\"og:type\" content=\"article\" \/>\n<meta property=\"og:title\" content=\"Professionelle mehrsprachige \u00dcbersetzungen -\" \/>\n<meta property=\"og:description\" content=\"Mit unseren professionellen, mehrsprachigen \u00dcbersetzungen k\u00f6nnen Sie mit jedem Land der Welt kommunizieren. Entdecken Sie jetzt die Vorteile!\" \/>\n<meta property=\"og:url\" content=\"https:\/\/www.translationagency.it\/servizi-di-traduzione-multilingua\/\" \/>\n<meta property=\"og:site_name\" content=\"Translation Agency\" \/>\n<meta property=\"article:modified_time\" content=\"2024-01-25T16:08:32+00:00\" \/>\n<meta name=\"twitter:card\" content=\"summary_large_image\" \/>\n<meta name=\"twitter:image\" content=\"https:\/\/www.translationagency.it\/wp-content\/uploads\/2021\/12\/SERVIZI_TRADUZIONE_MULTILINGUA_1.svg\" \/>\n<meta name=\"twitter:label1\" content=\"Gesch\u00e4tzte Lesezeit\" \/>\n\t<meta name=\"twitter:data1\" content=\"3\u00a0Minuten\" \/>\n<script type=\"application\/ld+json\" class=\"yoast-schema-graph\">{\"@context\":\"https:\/\/schema.org\",\"@graph\":[{\"@type\":\"WebPage\",\"@id\":\"https:\/\/www.translationagency.it\/servizi-di-traduzione-multilingua\/\",\"url\":\"https:\/\/www.translationagency.it\/servizi-di-traduzione-multilingua\/\",\"name\":\"Professionelle mehrsprachige \u00dcbersetzungen -\",\"isPartOf\":{\"@id\":\"https:\/\/www.translationagency.it\/#website\"},\"datePublished\":\"2022-07-01T12:22:55+00:00\",\"dateModified\":\"2024-01-25T16:08:32+00:00\",\"description\":\"Mit unseren professionellen, mehrsprachigen \u00dcbersetzungen k\u00f6nnen Sie mit jedem Land der Welt kommunizieren. Entdecken Sie jetzt die Vorteile!\",\"breadcrumb\":{\"@id\":\"https:\/\/www.translationagency.it\/servizi-di-traduzione-multilingua\/#breadcrumb\"},\"inLanguage\":\"de\",\"potentialAction\":[{\"@type\":\"ReadAction\",\"target\":[\"https:\/\/www.translationagency.it\/servizi-di-traduzione-multilingua\/\"]}]},{\"@type\":\"BreadcrumbList\",\"@id\":\"https:\/\/www.translationagency.it\/servizi-di-traduzione-multilingua\/#breadcrumb\",\"itemListElement\":[{\"@type\":\"ListItem\",\"position\":1,\"name\":\"Home\",\"item\":\"https:\/\/www.translationagency.it\/\"},{\"@type\":\"ListItem\",\"position\":2,\"name\":\"Mehrsprachige \u00dcbersetzungen\"}]},{\"@type\":\"WebSite\",\"@id\":\"https:\/\/www.translationagency.it\/#website\",\"url\":\"https:\/\/www.translationagency.it\/\",\"name\":\"Translation Agency\",\"description\":\"\",\"publisher\":{\"@id\":\"https:\/\/www.translationagency.it\/#organization\"},\"potentialAction\":[{\"@type\":\"SearchAction\",\"target\":{\"@type\":\"EntryPoint\",\"urlTemplate\":\"https:\/\/www.translationagency.it\/?s={search_term_string}\"},\"query-input\":\"required name=search_term_string\"}],\"inLanguage\":\"de\"},{\"@type\":\"Organization\",\"@id\":\"https:\/\/www.translationagency.it\/#organization\",\"name\":\"Translation Agency\",\"url\":\"https:\/\/www.translationagency.it\/\",\"logo\":{\"@type\":\"ImageObject\",\"inLanguage\":\"de\",\"@id\":\"https:\/\/www.translationagency.it\/#\/schema\/logo\/image\/\",\"url\":\"https:\/\/www.translationagency.it\/wp-content\/uploads\/2021\/12\/logo-ta-1.png\",\"contentUrl\":\"https:\/\/www.translationagency.it\/wp-content\/uploads\/2021\/12\/logo-ta-1.png\",\"width\":122,\"height\":48,\"caption\":\"Translation Agency\"},\"image\":{\"@id\":\"https:\/\/www.translationagency.it\/#\/schema\/logo\/image\/\"}}]}<\/script>\n<!-- \/ Yoast SEO plugin. -->","yoast_head_json":{"title":"Professionelle mehrsprachige \u00dcbersetzungen -","description":"Mit unseren professionellen, mehrsprachigen \u00dcbersetzungen k\u00f6nnen Sie mit jedem Land der Welt kommunizieren. Entdecken Sie jetzt die Vorteile!","robots":{"index":"index","follow":"follow","max-snippet":"max-snippet:-1","max-image-preview":"max-image-preview:large","max-video-preview":"max-video-preview:-1"},"canonical":"https:\/\/www.translationagency.it\/servizi-di-traduzione-multilingua\/","og_locale":"de_DE","og_type":"article","og_title":"Professionelle mehrsprachige \u00dcbersetzungen -","og_description":"Mit unseren professionellen, mehrsprachigen \u00dcbersetzungen k\u00f6nnen Sie mit jedem Land der Welt kommunizieren. Entdecken Sie jetzt die Vorteile!","og_url":"https:\/\/www.translationagency.it\/servizi-di-traduzione-multilingua\/","og_site_name":"Translation Agency","article_modified_time":"2024-01-25T16:08:32+00:00","twitter_card":"summary_large_image","twitter_image":"https:\/\/www.translationagency.it\/wp-content\/uploads\/2021\/12\/SERVIZI_TRADUZIONE_MULTILINGUA_1.svg","twitter_misc":{"Gesch\u00e4tzte Lesezeit":"3\u00a0Minuten"},"schema":{"@context":"https:\/\/schema.org","@graph":[{"@type":"WebPage","@id":"https:\/\/www.translationagency.it\/servizi-di-traduzione-multilingua\/","url":"https:\/\/www.translationagency.it\/servizi-di-traduzione-multilingua\/","name":"Professionelle mehrsprachige \u00dcbersetzungen -","isPartOf":{"@id":"https:\/\/www.translationagency.it\/#website"},"datePublished":"2022-07-01T12:22:55+00:00","dateModified":"2024-01-25T16:08:32+00:00","description":"Mit unseren professionellen, mehrsprachigen \u00dcbersetzungen k\u00f6nnen Sie mit jedem Land der Welt kommunizieren. Entdecken Sie jetzt die Vorteile!","breadcrumb":{"@id":"https:\/\/www.translationagency.it\/servizi-di-traduzione-multilingua\/#breadcrumb"},"inLanguage":"de","potentialAction":[{"@type":"ReadAction","target":["https:\/\/www.translationagency.it\/servizi-di-traduzione-multilingua\/"]}]},{"@type":"BreadcrumbList","@id":"https:\/\/www.translationagency.it\/servizi-di-traduzione-multilingua\/#breadcrumb","itemListElement":[{"@type":"ListItem","position":1,"name":"Home","item":"https:\/\/www.translationagency.it\/"},{"@type":"ListItem","position":2,"name":"Mehrsprachige \u00dcbersetzungen"}]},{"@type":"WebSite","@id":"https:\/\/www.translationagency.it\/#website","url":"https:\/\/www.translationagency.it\/","name":"Translation Agency","description":"","publisher":{"@id":"https:\/\/www.translationagency.it\/#organization"},"potentialAction":[{"@type":"SearchAction","target":{"@type":"EntryPoint","urlTemplate":"https:\/\/www.translationagency.it\/?s={search_term_string}"},"query-input":"required name=search_term_string"}],"inLanguage":"de"},{"@type":"Organization","@id":"https:\/\/www.translationagency.it\/#organization","name":"Translation Agency","url":"https:\/\/www.translationagency.it\/","logo":{"@type":"ImageObject","inLanguage":"de","@id":"https:\/\/www.translationagency.it\/#\/schema\/logo\/image\/","url":"https:\/\/www.translationagency.it\/wp-content\/uploads\/2021\/12\/logo-ta-1.png","contentUrl":"https:\/\/www.translationagency.it\/wp-content\/uploads\/2021\/12\/logo-ta-1.png","width":122,"height":48,"caption":"Translation Agency"},"image":{"@id":"https:\/\/www.translationagency.it\/#\/schema\/logo\/image\/"}}]}},"_links":{"self":[{"href":"https:\/\/www.translationagency.it\/de\/wp-json\/wp\/v2\/pages\/45196"}],"collection":[{"href":"https:\/\/www.translationagency.it\/de\/wp-json\/wp\/v2\/pages"}],"about":[{"href":"https:\/\/www.translationagency.it\/de\/wp-json\/wp\/v2\/types\/page"}],"author":[{"embeddable":true,"href":"https:\/\/www.translationagency.it\/de\/wp-json\/wp\/v2\/users\/5"}],"replies":[{"embeddable":true,"href":"https:\/\/www.translationagency.it\/de\/wp-json\/wp\/v2\/comments?post=45196"}],"version-history":[{"count":13,"href":"https:\/\/www.translationagency.it\/de\/wp-json\/wp\/v2\/pages\/45196\/revisions"}],"predecessor-version":[{"id":48076,"href":"https:\/\/www.translationagency.it\/de\/wp-json\/wp\/v2\/pages\/45196\/revisions\/48076"}],"wp:featuredmedia":[{"embeddable":true,"href":"https:\/\/www.translationagency.it\/de\/wp-json\/wp\/v2\/media\/44821"}],"wp:attachment":[{"href":"https:\/\/www.translationagency.it\/de\/wp-json\/wp\/v2\/media?parent=45196"}],"curies":[{"name":"wp","href":"https:\/\/api.w.org\/{rel}","templated":true}]}}