{"id":45187,"date":"2022-07-01T13:09:33","date_gmt":"2022-07-01T11:09:33","guid":{"rendered":"https:\/\/www.translationagency.it\/korrekturlesen-und-ueberarbeitung-uebersetzter-texte\/"},"modified":"2023-12-22T14:28:33","modified_gmt":"2023-12-22T13:28:33","slug":"korrekturlesen-und-ueberarbeitung-uebersetzter-texte","status":"publish","type":"page","link":"https:\/\/www.translationagency.it\/de\/korrekturlesen-und-ueberarbeitung-uebersetzter-texte\/","title":{"rendered":"Korrekturlesen und \u00dcberarbeitung \u00fcbersetzter Texte"},"content":{"rendered":"\t\t<div data-elementor-type=\"wp-page\" data-elementor-id=\"45187\" class=\"elementor elementor-45187 elementor-43447\">\n\t\t\t\t\t\t\t\t\t<section class=\"elementor-section elementor-top-section elementor-element elementor-element-440d070 elementor-section-boxed elementor-section-height-default elementor-section-height-default\" data-id=\"440d070\" data-element_type=\"section\">\n\t\t\t\t\t\t<div class=\"elementor-container elementor-column-gap-default\">\n\t\t\t\t\t<div class=\"elementor-column elementor-col-100 elementor-top-column elementor-element elementor-element-cae0505\" data-id=\"cae0505\" data-element_type=\"column\">\n\t\t\t<div class=\"elementor-widget-wrap elementor-element-populated\">\n\t\t\t\t\t\t\t\t<section class=\"elementor-section elementor-inner-section elementor-element elementor-element-69bb75c elementor-section-boxed elementor-section-height-default elementor-section-height-default\" data-id=\"69bb75c\" data-element_type=\"section\">\n\t\t\t\t\t\t<div class=\"elementor-container elementor-column-gap-default\">\n\t\t\t\t\t<div class=\"elementor-column elementor-col-33 elementor-inner-column elementor-element elementor-element-038b3d4\" data-id=\"038b3d4\" data-element_type=\"column\">\n\t\t\t<div class=\"elementor-widget-wrap elementor-element-populated\">\n\t\t\t\t\t\t\t\t<div class=\"elementor-element elementor-element-d57dd37 elementor-widget elementor-widget-image\" data-id=\"d57dd37\" data-element_type=\"widget\" data-widget_type=\"image.default\">\n\t\t\t\t<div class=\"elementor-widget-container\">\n\t\t\t\t\t\t\t\t\t\t\t\t\t\t\t<img decoding=\"async\" loading=\"lazy\" width=\"626\" height=\"626\" src=\"https:\/\/www.translationagency.it\/wp-content\/uploads\/2022\/01\/SERVIZI_PROOFREADING_ICONA.png\" class=\"attachment-large size-large wp-image-43817\" alt=\"\" srcset=\"https:\/\/www.translationagency.it\/wp-content\/uploads\/2022\/01\/SERVIZI_PROOFREADING_ICONA.png 626w, https:\/\/www.translationagency.it\/wp-content\/uploads\/2022\/01\/SERVIZI_PROOFREADING_ICONA-300x300.png 300w, https:\/\/www.translationagency.it\/wp-content\/uploads\/2022\/01\/SERVIZI_PROOFREADING_ICONA-150x150.png 150w, https:\/\/www.translationagency.it\/wp-content\/uploads\/2022\/01\/SERVIZI_PROOFREADING_ICONA-600x600.png 600w, https:\/\/www.translationagency.it\/wp-content\/uploads\/2022\/01\/SERVIZI_PROOFREADING_ICONA-200x200.png 200w\" sizes=\"(max-width: 626px) 100vw, 626px\" \/>\t\t\t\t\t\t\t\t\t\t\t\t\t\t\t<\/div>\n\t\t\t\t<\/div>\n\t\t\t\t\t<\/div>\n\t\t<\/div>\n\t\t\t\t<div class=\"elementor-column elementor-col-66 elementor-inner-column elementor-element elementor-element-bfc404d\" data-id=\"bfc404d\" data-element_type=\"column\">\n\t\t\t<div class=\"elementor-widget-wrap elementor-element-populated\">\n\t\t\t\t\t\t\t\t<div class=\"elementor-element elementor-element-3f0d032 elementor-widget elementor-widget-heading\" data-id=\"3f0d032\" data-element_type=\"widget\" data-widget_type=\"heading.default\">\n\t\t\t\t<div class=\"elementor-widget-container\">\n\t\t\t<h1 class=\"elementor-heading-title elementor-size-default\">Korrekturlesen und \u00dcberarbeitung \u00fcbersetzter Texte<\/h1>\t\t<\/div>\n\t\t\t\t<\/div>\n\t\t\t\t<div class=\"elementor-element elementor-element-c8643fc elementor-widget elementor-widget-text-editor\" data-id=\"c8643fc\" data-element_type=\"widget\" data-widget_type=\"text-editor.default\">\n\t\t\t\t<div class=\"elementor-widget-container\">\n\t\t\t\t\t\t\t<p>Das Korrekturlesen ist eine <strong>weitere \u00dcberpr\u00fcfung eines \u00fcbersetzten Textes <\/strong>durch einen professionellen Korrekturleser und stellt sicher, dass die \u00dcbersetzung keine Fl\u00fcchtigkeits-, Grammatik- oder Sinnfehler enth\u00e4lt. Es eignet sich besonders f\u00fcr akademische Texte wie<strong> Referate, Diplom- und Doktorarbeiten<\/strong>, aber auch f\u00fcr Unternehmenspr\u00e4sentationen oder alle Texte, die ver\u00f6ffentlicht oder verbreitet werden sollen.<\/p>\n\t\t\t\t\t\t<\/div>\n\t\t\t\t<\/div>\n\t\t\t\t\t<\/div>\n\t\t<\/div>\n\t\t\t\t\t\t\t<\/div>\n\t\t<\/section>\n\t\t\t\t\t<\/div>\n\t\t<\/div>\n\t\t\t\t\t\t\t<\/div>\n\t\t<\/section>\n\t\t\t\t<section class=\"elementor-section elementor-top-section elementor-element elementor-element-5145e53f elementor-section-stretched elementor-section-boxed elementor-section-height-default elementor-section-height-default\" data-id=\"5145e53f\" data-element_type=\"section\" data-settings=\"{&quot;stretch_section&quot;:&quot;section-stretched&quot;}\">\n\t\t\t\t\t\t<div class=\"elementor-container elementor-column-gap-default\">\n\t\t\t\t\t<div class=\"elementor-column elementor-col-100 elementor-top-column elementor-element elementor-element-44c8156e\" data-id=\"44c8156e\" data-element_type=\"column\">\n\t\t\t<div class=\"elementor-widget-wrap elementor-element-populated\">\n\t\t\t\t\t\t\t\t<div class=\"elementor-element elementor-element-4e751ae0 elementor-widget elementor-widget-text-editor\" data-id=\"4e751ae0\" data-element_type=\"widget\" data-widget_type=\"text-editor.default\">\n\t\t\t\t<div class=\"elementor-widget-container\">\n\t\t\t\t\t\t\t<h3><strong>Holen Sie das Beste aus Ihren \u00dcbersetzungen heraus<\/strong><\/h3>\n<p>Das <strong>Korrekturlesen<\/strong> (englischer Begriff, der &#8222;\u00dcberarbeitung des Textes&#8220; bedeutet) wird gew\u00f6hnlich bei bereits \u00fcbersetzten Texten durchgef\u00fchrt. Dieser Dienst unterscheidet sich von anderen Aktivit\u00e4ten, wie z. B. MTPE, da es sich um eine \u00dcberarbeitung handelt, die <strong>sowohl die grammatikalischen als auch die stilistischen Aspekte des Textes<\/strong> betrifft. Aus diesem Grund wird das Korrekturlesen in der Regel mit dem Originaltext auf der gegen\u00fcberliegenden Seite durchgef\u00fchrt, um sicherzustellen, dass kein Teil des Ausgangstextes in der \u00dcbersetzung vergessen oder falsch wiedergegeben wird. Die Arbeit unseres \u00dcbersetzungsb\u00fcros umfasst die Korrektur von Grammatik- und Rechtschreibfehlern sowie die Auswahl und Verbesserung des Wortschatzes in F\u00e4llen, in denen die Bedeutung nicht ganz klar ist. Translation Agency bietet seinen Privat- und Gesch\u00e4ftskunden <strong>Korrektur- und Lektoratsdienste<\/strong> mit einem qualifizierten Team von professionellen muttersprachlichen \u00dcbersetzern und erfahrenen Projektmanagern. Wir sind in der Lage, Lektoratsprojekte in \u00fcber 50 Sprachen der Welt in verschiedenen Sprachkombinationen zu \u00fcbernehmen: von Englisch bis Deutsch, von Franz\u00f6sisch bis Spanisch, von Russisch bis Japanisch, von Arabisch bis Portugiesisch usw., auch f\u00fcr dringende Projekte.<\/p>\n\t\t\t\t\t\t<\/div>\n\t\t\t\t<\/div>\n\t\t\t\t\t<\/div>\n\t\t<\/div>\n\t\t\t\t\t\t\t<\/div>\n\t\t<\/section>\n\t\t\t\t<section class=\"elementor-section elementor-top-section elementor-element elementor-element-3edc6c36 elementor-section-stretched elementor-section-boxed elementor-section-height-default elementor-section-height-default\" data-id=\"3edc6c36\" data-element_type=\"section\" data-settings=\"{&quot;stretch_section&quot;:&quot;section-stretched&quot;}\">\n\t\t\t\t\t\t<div class=\"elementor-container elementor-column-gap-default\">\n\t\t\t\t\t<div class=\"elementor-column elementor-col-100 elementor-top-column elementor-element elementor-element-7e29be36\" data-id=\"7e29be36\" data-element_type=\"column\">\n\t\t\t<div class=\"elementor-widget-wrap elementor-element-populated\">\n\t\t\t\t\t\t\t\t<div class=\"elementor-element elementor-element-2ba61075 elementor-align-center elementor-widget elementor-widget-button\" data-id=\"2ba61075\" data-element_type=\"widget\" data-widget_type=\"button.default\">\n\t\t\t\t<div class=\"elementor-widget-container\">\n\t\t\t\t\t<div class=\"elementor-button-wrapper\">\n\t\t\t<a class=\"elementor-button elementor-button-link elementor-size-lg\" href=\"https:\/\/www.translationagency.it\/de\/kostenvoranschlag\/\">\n\t\t\t\t\t\t<span class=\"elementor-button-content-wrapper\">\n\t\t\t\t\t\t<span class=\"elementor-button-text\">Senden Sie uns Ihr Material, um ein kostenloses Online-Angebot zu erhalten!<\/span>\n\t\t<\/span>\n\t\t\t\t\t<\/a>\n\t\t<\/div>\n\t\t\t\t<\/div>\n\t\t\t\t<\/div>\n\t\t\t\t\t<\/div>\n\t\t<\/div>\n\t\t\t\t\t\t\t<\/div>\n\t\t<\/section>\n\t\t\t\t<section class=\"elementor-section elementor-top-section elementor-element elementor-element-3b2aefbd elementor-section-stretched elementor-section-boxed elementor-section-height-default elementor-section-height-default\" data-id=\"3b2aefbd\" data-element_type=\"section\" data-settings=\"{&quot;stretch_section&quot;:&quot;section-stretched&quot;}\">\n\t\t\t\t\t\t<div class=\"elementor-container elementor-column-gap-default\">\n\t\t\t\t\t<div class=\"elementor-column elementor-col-100 elementor-top-column elementor-element elementor-element-22fa8b0b\" data-id=\"22fa8b0b\" data-element_type=\"column\">\n\t\t\t<div class=\"elementor-widget-wrap elementor-element-populated\">\n\t\t\t\t\t\t\t\t<div class=\"elementor-element elementor-element-25cb4577 elementor-widget elementor-widget-spacer\" data-id=\"25cb4577\" data-element_type=\"widget\" data-widget_type=\"spacer.default\">\n\t\t\t\t<div class=\"elementor-widget-container\">\n\t\t\t\t\t<div class=\"elementor-spacer\">\n\t\t\t<div class=\"elementor-spacer-inner\"><\/div>\n\t\t<\/div>\n\t\t\t\t<\/div>\n\t\t\t\t<\/div>\n\t\t\t\t<div class=\"elementor-element elementor-element-513414bc elementor-widget__width-initial elementor-widget elementor-widget-text-editor\" data-id=\"513414bc\" data-element_type=\"widget\" data-widget_type=\"text-editor.default\">\n\t\t\t\t<div class=\"elementor-widget-container\">\n\t\t\t\t\t\t\t<h3><strong>AKADEMISCHE TEXTE, LEBENSL\u00c4UFE, PR\u00c4SENTATIONEN UND MEHR<\/strong><\/h3>\n<p>Korrekturlesen und Lektorat erm\u00f6glichen es, eine Vielzahl von Inhalten auch f\u00fcr sehr unterschiedliche Zwecke zu perfektionieren. Sehr gefragt ist beispielsweise das Lektorat von wissenschaftlichen und universit\u00e4ren Texten wie <strong>Referaten, Diplomarbeiten und Doktorarbeiten.<\/strong> Ebenso sinnvoll ist das Korrekturlesen bei der Erstellung und Optimierung von Gesch\u00e4ftspr\u00e4sentationen, Lebensl\u00e4ufen, PowerPoint-Pr\u00e4sentationen, Kunstprojekten und allgemein bei Texten, die eine zweite \u00dcberarbeitung ben\u00f6tigen. Dank der zus\u00e4tzlichen \u00dcberpr\u00fcfung durch einen spezialisierten muttersprachlichen \u00dcbersetzer, der den Text nicht \u00fcbersetzt hat, ist es m\u00f6glich, das Risiko von Vers\u00e4umnissen und Fehlern auszuschlie\u00dfen und qualitativ hochwertige Inhalte mit gro\u00dfem Kommunikationspotenzial zu erstellen. Jeder Text wird nach sorgf\u00e4ltigem Korrekturlesen und \u00dcberarbeitung durch einen unserer \u00dcbersetzer und parallel dazu durch einen Projektmanager oder einen zweiten \u00dcbersetzer an den Kunden geliefert. Vertrauen Sie unseren Experten f\u00fcr erstklassiges, ma\u00dfgeschneidertes Korrekturlesen!<\/p>\n\t\t\t\t\t\t<\/div>\n\t\t\t\t<\/div>\n\t\t\t\t\t<\/div>\n\t\t<\/div>\n\t\t\t\t\t\t\t<\/div>\n\t\t<\/section>\n\t\t\t\t<section class=\"elementor-section elementor-top-section elementor-element elementor-element-78ebf5c8 elementor-section-stretched elementor-section-boxed elementor-section-height-default elementor-section-height-default\" data-id=\"78ebf5c8\" data-element_type=\"section\" data-settings=\"{&quot;stretch_section&quot;:&quot;section-stretched&quot;}\">\n\t\t\t\t\t\t<div class=\"elementor-container elementor-column-gap-default\">\n\t\t\t\t\t<div class=\"elementor-column elementor-col-100 elementor-top-column elementor-element elementor-element-5ea33ee6\" data-id=\"5ea33ee6\" data-element_type=\"column\">\n\t\t\t<div class=\"elementor-widget-wrap elementor-element-populated\">\n\t\t\t\t\t\t\t\t<div class=\"elementor-element elementor-element-536d73aa elementor-widget elementor-widget-spacer\" data-id=\"536d73aa\" data-element_type=\"widget\" data-widget_type=\"spacer.default\">\n\t\t\t\t<div class=\"elementor-widget-container\">\n\t\t\t\t\t<div class=\"elementor-spacer\">\n\t\t\t<div class=\"elementor-spacer-inner\"><\/div>\n\t\t<\/div>\n\t\t\t\t<\/div>\n\t\t\t\t<\/div>\n\t\t\t\t<div class=\"elementor-element elementor-element-449eab11 elementor-widget elementor-widget-text-editor\" data-id=\"449eab11\" data-element_type=\"widget\" data-widget_type=\"text-editor.default\">\n\t\t\t\t<div class=\"elementor-widget-container\">\n\t\t\t\t\t\t\t<h3><strong>WIR EMPFEHLEN DEN KORREKTURSERVICE F\u00dcR:<\/strong><\/h3>\n<ul>\n<li>akademische Texte, Hochschulschriften und -artikel, Diplom- und Doktorarbeiten<\/li>\n<li>jeden Text, der von einer anderen Person als der Person, die ihn verfasst hat, \u00fcberarbeitet werden muss<\/li>\n<li>den Ausschluss jeglichen Risikos von Vers\u00e4umnissen und Fehlern<\/li>\n<li>das Sicherstellen einer \u00dcberarbeitung sowohl der grammatikalischen als auch der stilistischen Aspekte des Textes<\/li>\n<\/ul>\n\t\t\t\t\t\t<\/div>\n\t\t\t\t<\/div>\n\t\t\t\t\t<\/div>\n\t\t<\/div>\n\t\t\t\t\t\t\t<\/div>\n\t\t<\/section>\n\t\t\t\t<section class=\"elementor-section elementor-top-section elementor-element elementor-element-7dd549d8 elementor-section-full_width elementor-section-height-default elementor-section-height-default\" data-id=\"7dd549d8\" data-element_type=\"section\">\n\t\t\t\t\t\t<div class=\"elementor-container elementor-column-gap-default\">\n\t\t\t\t\t<div class=\"elementor-column elementor-col-100 elementor-top-column elementor-element elementor-element-34a0b2b3\" data-id=\"34a0b2b3\" data-element_type=\"column\">\n\t\t\t<div class=\"elementor-widget-wrap elementor-element-populated\">\n\t\t\t\t\t\t\t\t<div class=\"elementor-element elementor-element-6f53d25e elementor-widget elementor-widget-spacer\" data-id=\"6f53d25e\" data-element_type=\"widget\" data-widget_type=\"spacer.default\">\n\t\t\t\t<div class=\"elementor-widget-container\">\n\t\t\t\t\t<div class=\"elementor-spacer\">\n\t\t\t<div class=\"elementor-spacer-inner\"><\/div>\n\t\t<\/div>\n\t\t\t\t<\/div>\n\t\t\t\t<\/div>\n\t\t\t\t<div class=\"elementor-element elementor-element-37fe92f elementor-widget elementor-widget-spacer\" data-id=\"37fe92f\" data-element_type=\"widget\" data-widget_type=\"spacer.default\">\n\t\t\t\t<div class=\"elementor-widget-container\">\n\t\t\t\t\t<div class=\"elementor-spacer\">\n\t\t\t<div class=\"elementor-spacer-inner\"><\/div>\n\t\t<\/div>\n\t\t\t\t<\/div>\n\t\t\t\t<\/div>\n\t\t\t\t\t<\/div>\n\t\t<\/div>\n\t\t\t\t\t\t\t<\/div>\n\t\t<\/section>\n\t\t\t\t<section class=\"elementor-section elementor-top-section elementor-element elementor-element-674b7400 elementor-section-stretched elementor-section-boxed elementor-section-height-default elementor-section-height-default\" data-id=\"674b7400\" data-element_type=\"section\" data-settings=\"{&quot;background_background&quot;:&quot;classic&quot;,&quot;stretch_section&quot;:&quot;section-stretched&quot;}\">\n\t\t\t\t\t\t<div class=\"elementor-container elementor-column-gap-no\">\n\t\t\t\t\t<div class=\"elementor-column elementor-col-100 elementor-top-column elementor-element elementor-element-53fac08d\" data-id=\"53fac08d\" data-element_type=\"column\">\n\t\t\t<div class=\"elementor-widget-wrap elementor-element-populated\">\n\t\t\t\t\t\t\t\t<section class=\"elementor-section elementor-inner-section elementor-element elementor-element-42cead91 elementor-section-boxed elementor-section-height-default elementor-section-height-default\" data-id=\"42cead91\" data-element_type=\"section\">\n\t\t\t\t\t\t<div class=\"elementor-container elementor-column-gap-wider\">\n\t\t\t\t\t<div class=\"elementor-column elementor-col-50 elementor-inner-column elementor-element elementor-element-70c8f29\" data-id=\"70c8f29\" data-element_type=\"column\">\n\t\t\t<div class=\"elementor-widget-wrap elementor-element-populated\">\n\t\t\t\t\t\t\t\t<div class=\"elementor-element elementor-element-58b3d03e elementor-widget-tablet__width-inherit elementor-widget elementor-widget-heading\" data-id=\"58b3d03e\" data-element_type=\"widget\" data-widget_type=\"heading.default\">\n\t\t\t\t<div class=\"elementor-widget-container\">\n\t\t\t<h3 class=\"elementor-heading-title elementor-size-default\">WERDEN SIE JETZT AKTIV: KONTAKTIEREN SIE UNS UNVERBINDLICH F\u00dcR PREISE UND BEDINGUNGEN!<\/h3>\t\t<\/div>\n\t\t\t\t<\/div>\n\t\t\t\t\t<\/div>\n\t\t<\/div>\n\t\t\t\t<div class=\"elementor-column elementor-col-50 elementor-inner-column elementor-element elementor-element-6d0fdefb\" data-id=\"6d0fdefb\" data-element_type=\"column\">\n\t\t\t<div class=\"elementor-widget-wrap elementor-element-populated\">\n\t\t\t\t\t\t\t\t<div class=\"elementor-element elementor-element-66ae947e elementor-align-justify elementor-tablet-align-center elementor-widget elementor-widget-the7_button_widget\" data-id=\"66ae947e\" data-element_type=\"widget\" data-widget_type=\"the7_button_widget.default\">\n\t\t\t\t<div class=\"elementor-widget-container\">\n\t\t\t<div class=\"elementor-button-wrapper\"><a href=\"https:\/\/www.translationagency.it\/de\/kostenvoranschlag\/\" class=\"box-button elementor-button elementor-size-xl\">Richiedi un preventivo!<\/a><\/div>\t\t<\/div>\n\t\t\t\t<\/div>\n\t\t\t\t\t<\/div>\n\t\t<\/div>\n\t\t\t\t\t\t\t<\/div>\n\t\t<\/section>\n\t\t\t\t\t<\/div>\n\t\t<\/div>\n\t\t\t\t\t\t\t<\/div>\n\t\t<\/section>\n\t\t\t\t\t\t\t<\/div>\n\t\t","protected":false},"excerpt":{"rendered":"<p>Korrekturlesen und \u00dcberarbeitung \u00fcbersetzter Texte Das Korrekturlesen ist eine weitere \u00dcberpr\u00fcfung eines \u00fcbersetzten Textes durch einen professionellen Korrekturleser und stellt sicher, dass die \u00dcbersetzung keine Fl\u00fcchtigkeits-, Grammatik- oder Sinnfehler enth\u00e4lt. Es eignet sich besonders f\u00fcr akademische Texte wie Referate, Diplom- und Doktorarbeiten, aber auch f\u00fcr Unternehmenspr\u00e4sentationen oder alle Texte, die ver\u00f6ffentlicht oder verbreitet werden sollen.&hellip;<\/p>\n","protected":false},"author":5,"featured_media":0,"parent":0,"menu_order":0,"comment_status":"closed","ping_status":"closed","template":"","meta":{"_monsterinsights_skip_tracking":false,"_monsterinsights_sitenote_active":false,"_monsterinsights_sitenote_note":"","_monsterinsights_sitenote_category":0,"footnotes":""},"yoast_head":"<!-- This site is optimized with the Yoast SEO plugin v21.1 - https:\/\/yoast.com\/wordpress\/plugins\/seo\/ -->\n<title>Korrektur- und Lektoratsdienst - Translation Agency<\/title>\n<meta name=\"description\" content=\"Unser Korrekturlese- und Lektoratsdienst erm\u00f6glicht es Ihnen, Ihre \u00dcbersetzung zu geringen Kosten zu verbessern. Fragen Sie unsere Experten um Unterst\u00fctzung!\" \/>\n<meta name=\"robots\" content=\"index, follow, max-snippet:-1, max-image-preview:large, max-video-preview:-1\" \/>\n<link rel=\"canonical\" href=\"https:\/\/www.translationagency.it\/de\/korrekturlesen-und-ueberarbeitung-uebersetzter-texte\/\" \/>\n<meta property=\"og:locale\" content=\"de_DE\" \/>\n<meta property=\"og:type\" content=\"article\" \/>\n<meta property=\"og:title\" content=\"Korrektur- und Lektoratsdienst - Translation Agency\" \/>\n<meta property=\"og:description\" content=\"Unser Korrekturlese- und Lektoratsdienst erm\u00f6glicht es Ihnen, Ihre \u00dcbersetzung zu geringen Kosten zu verbessern. Fragen Sie unsere Experten um Unterst\u00fctzung!\" \/>\n<meta property=\"og:url\" content=\"https:\/\/www.translationagency.it\/de\/korrekturlesen-und-ueberarbeitung-uebersetzter-texte\/\" \/>\n<meta property=\"og:site_name\" content=\"Translation Agency\" \/>\n<meta property=\"article:modified_time\" content=\"2023-12-22T13:28:33+00:00\" \/>\n<meta property=\"og:image\" content=\"https:\/\/www.translationagency.it\/wp-content\/uploads\/2022\/01\/SERVIZI_PROOFREADING_ICONA.png\" \/>\n<meta name=\"twitter:card\" content=\"summary_large_image\" \/>\n<meta name=\"twitter:label1\" content=\"Gesch\u00e4tzte Lesezeit\" \/>\n\t<meta name=\"twitter:data1\" content=\"3\u00a0Minuten\" \/>\n<script type=\"application\/ld+json\" class=\"yoast-schema-graph\">{\"@context\":\"https:\/\/schema.org\",\"@graph\":[{\"@type\":\"WebPage\",\"@id\":\"https:\/\/www.translationagency.it\/de\/korrekturlesen-und-ueberarbeitung-uebersetzter-texte\/\",\"url\":\"https:\/\/www.translationagency.it\/de\/korrekturlesen-und-ueberarbeitung-uebersetzter-texte\/\",\"name\":\"Korrektur- und Lektoratsdienst - Translation Agency\",\"isPartOf\":{\"@id\":\"https:\/\/www.translationagency.it\/#website\"},\"datePublished\":\"2022-07-01T11:09:33+00:00\",\"dateModified\":\"2023-12-22T13:28:33+00:00\",\"description\":\"Unser Korrekturlese- und Lektoratsdienst erm\u00f6glicht es Ihnen, Ihre \u00dcbersetzung zu geringen Kosten zu verbessern. Fragen Sie unsere Experten um Unterst\u00fctzung!\",\"breadcrumb\":{\"@id\":\"https:\/\/www.translationagency.it\/de\/korrekturlesen-und-ueberarbeitung-uebersetzter-texte\/#breadcrumb\"},\"inLanguage\":\"de\",\"potentialAction\":[{\"@type\":\"ReadAction\",\"target\":[\"https:\/\/www.translationagency.it\/de\/korrekturlesen-und-ueberarbeitung-uebersetzter-texte\/\"]}]},{\"@type\":\"BreadcrumbList\",\"@id\":\"https:\/\/www.translationagency.it\/de\/korrekturlesen-und-ueberarbeitung-uebersetzter-texte\/#breadcrumb\",\"itemListElement\":[{\"@type\":\"ListItem\",\"position\":1,\"name\":\"Home\",\"item\":\"https:\/\/www.translationagency.it\/\"},{\"@type\":\"ListItem\",\"position\":2,\"name\":\"Korrekturlesen und \u00dcberarbeitung \u00fcbersetzter Texte\"}]},{\"@type\":\"WebSite\",\"@id\":\"https:\/\/www.translationagency.it\/#website\",\"url\":\"https:\/\/www.translationagency.it\/\",\"name\":\"Translation Agency\",\"description\":\"\",\"publisher\":{\"@id\":\"https:\/\/www.translationagency.it\/#organization\"},\"potentialAction\":[{\"@type\":\"SearchAction\",\"target\":{\"@type\":\"EntryPoint\",\"urlTemplate\":\"https:\/\/www.translationagency.it\/?s={search_term_string}\"},\"query-input\":\"required name=search_term_string\"}],\"inLanguage\":\"de\"},{\"@type\":\"Organization\",\"@id\":\"https:\/\/www.translationagency.it\/#organization\",\"name\":\"Translation Agency\",\"url\":\"https:\/\/www.translationagency.it\/\",\"logo\":{\"@type\":\"ImageObject\",\"inLanguage\":\"de\",\"@id\":\"https:\/\/www.translationagency.it\/#\/schema\/logo\/image\/\",\"url\":\"https:\/\/www.translationagency.it\/wp-content\/uploads\/2021\/12\/logo-ta-1.png\",\"contentUrl\":\"https:\/\/www.translationagency.it\/wp-content\/uploads\/2021\/12\/logo-ta-1.png\",\"width\":122,\"height\":48,\"caption\":\"Translation Agency\"},\"image\":{\"@id\":\"https:\/\/www.translationagency.it\/#\/schema\/logo\/image\/\"}}]}<\/script>\n<!-- \/ Yoast SEO plugin. -->","yoast_head_json":{"title":"Korrektur- und Lektoratsdienst - Translation Agency","description":"Unser Korrekturlese- und Lektoratsdienst erm\u00f6glicht es Ihnen, Ihre \u00dcbersetzung zu geringen Kosten zu verbessern. Fragen Sie unsere Experten um Unterst\u00fctzung!","robots":{"index":"index","follow":"follow","max-snippet":"max-snippet:-1","max-image-preview":"max-image-preview:large","max-video-preview":"max-video-preview:-1"},"canonical":"https:\/\/www.translationagency.it\/de\/korrekturlesen-und-ueberarbeitung-uebersetzter-texte\/","og_locale":"de_DE","og_type":"article","og_title":"Korrektur- und Lektoratsdienst - Translation Agency","og_description":"Unser Korrekturlese- und Lektoratsdienst erm\u00f6glicht es Ihnen, Ihre \u00dcbersetzung zu geringen Kosten zu verbessern. Fragen Sie unsere Experten um Unterst\u00fctzung!","og_url":"https:\/\/www.translationagency.it\/de\/korrekturlesen-und-ueberarbeitung-uebersetzter-texte\/","og_site_name":"Translation Agency","article_modified_time":"2023-12-22T13:28:33+00:00","og_image":[{"url":"https:\/\/www.translationagency.it\/wp-content\/uploads\/2022\/01\/SERVIZI_PROOFREADING_ICONA.png"}],"twitter_card":"summary_large_image","twitter_misc":{"Gesch\u00e4tzte Lesezeit":"3\u00a0Minuten"},"schema":{"@context":"https:\/\/schema.org","@graph":[{"@type":"WebPage","@id":"https:\/\/www.translationagency.it\/de\/korrekturlesen-und-ueberarbeitung-uebersetzter-texte\/","url":"https:\/\/www.translationagency.it\/de\/korrekturlesen-und-ueberarbeitung-uebersetzter-texte\/","name":"Korrektur- und Lektoratsdienst - Translation Agency","isPartOf":{"@id":"https:\/\/www.translationagency.it\/#website"},"datePublished":"2022-07-01T11:09:33+00:00","dateModified":"2023-12-22T13:28:33+00:00","description":"Unser Korrekturlese- und Lektoratsdienst erm\u00f6glicht es Ihnen, Ihre \u00dcbersetzung zu geringen Kosten zu verbessern. Fragen Sie unsere Experten um Unterst\u00fctzung!","breadcrumb":{"@id":"https:\/\/www.translationagency.it\/de\/korrekturlesen-und-ueberarbeitung-uebersetzter-texte\/#breadcrumb"},"inLanguage":"de","potentialAction":[{"@type":"ReadAction","target":["https:\/\/www.translationagency.it\/de\/korrekturlesen-und-ueberarbeitung-uebersetzter-texte\/"]}]},{"@type":"BreadcrumbList","@id":"https:\/\/www.translationagency.it\/de\/korrekturlesen-und-ueberarbeitung-uebersetzter-texte\/#breadcrumb","itemListElement":[{"@type":"ListItem","position":1,"name":"Home","item":"https:\/\/www.translationagency.it\/"},{"@type":"ListItem","position":2,"name":"Korrekturlesen und \u00dcberarbeitung \u00fcbersetzter Texte"}]},{"@type":"WebSite","@id":"https:\/\/www.translationagency.it\/#website","url":"https:\/\/www.translationagency.it\/","name":"Translation Agency","description":"","publisher":{"@id":"https:\/\/www.translationagency.it\/#organization"},"potentialAction":[{"@type":"SearchAction","target":{"@type":"EntryPoint","urlTemplate":"https:\/\/www.translationagency.it\/?s={search_term_string}"},"query-input":"required name=search_term_string"}],"inLanguage":"de"},{"@type":"Organization","@id":"https:\/\/www.translationagency.it\/#organization","name":"Translation Agency","url":"https:\/\/www.translationagency.it\/","logo":{"@type":"ImageObject","inLanguage":"de","@id":"https:\/\/www.translationagency.it\/#\/schema\/logo\/image\/","url":"https:\/\/www.translationagency.it\/wp-content\/uploads\/2021\/12\/logo-ta-1.png","contentUrl":"https:\/\/www.translationagency.it\/wp-content\/uploads\/2021\/12\/logo-ta-1.png","width":122,"height":48,"caption":"Translation Agency"},"image":{"@id":"https:\/\/www.translationagency.it\/#\/schema\/logo\/image\/"}}]}},"_links":{"self":[{"href":"https:\/\/www.translationagency.it\/de\/wp-json\/wp\/v2\/pages\/45187"}],"collection":[{"href":"https:\/\/www.translationagency.it\/de\/wp-json\/wp\/v2\/pages"}],"about":[{"href":"https:\/\/www.translationagency.it\/de\/wp-json\/wp\/v2\/types\/page"}],"author":[{"embeddable":true,"href":"https:\/\/www.translationagency.it\/de\/wp-json\/wp\/v2\/users\/5"}],"replies":[{"embeddable":true,"href":"https:\/\/www.translationagency.it\/de\/wp-json\/wp\/v2\/comments?post=45187"}],"version-history":[{"count":7,"href":"https:\/\/www.translationagency.it\/de\/wp-json\/wp\/v2\/pages\/45187\/revisions"}],"predecessor-version":[{"id":47766,"href":"https:\/\/www.translationagency.it\/de\/wp-json\/wp\/v2\/pages\/45187\/revisions\/47766"}],"wp:attachment":[{"href":"https:\/\/www.translationagency.it\/de\/wp-json\/wp\/v2\/media?parent=45187"}],"curies":[{"name":"wp","href":"https:\/\/api.w.org\/{rel}","templated":true}]}}