{"id":45181,"date":"2022-07-01T12:51:03","date_gmt":"2022-07-01T10:51:03","guid":{"rendered":"https:\/\/www.translationagency.it\/post-editing-einer-maschinellen-uebersetzung\/"},"modified":"2023-12-22T13:40:30","modified_gmt":"2023-12-22T12:40:30","slug":"post-editing-einer-maschinellen-uebersetzung","status":"publish","type":"page","link":"https:\/\/www.translationagency.it\/de\/post-editing-einer-maschinellen-uebersetzung\/","title":{"rendered":"Post-Editing einer maschinellen \u00dcbersetzung"},"content":{"rendered":"\t\t<div data-elementor-type=\"wp-page\" data-elementor-id=\"45181\" class=\"elementor elementor-45181 elementor-43453\">\n\t\t\t\t\t\t\t\t\t<section class=\"elementor-section elementor-top-section elementor-element elementor-element-4856814 elementor-section-boxed elementor-section-height-default elementor-section-height-default\" data-id=\"4856814\" data-element_type=\"section\">\n\t\t\t\t\t\t<div class=\"elementor-container elementor-column-gap-default\">\n\t\t\t\t\t<div class=\"elementor-column elementor-col-100 elementor-top-column elementor-element elementor-element-254d729\" data-id=\"254d729\" data-element_type=\"column\">\n\t\t\t<div class=\"elementor-widget-wrap elementor-element-populated\">\n\t\t\t\t\t\t\t\t<section class=\"elementor-section elementor-inner-section elementor-element elementor-element-7cd7ac2 elementor-section-boxed elementor-section-height-default elementor-section-height-default\" data-id=\"7cd7ac2\" data-element_type=\"section\">\n\t\t\t\t\t\t<div class=\"elementor-container elementor-column-gap-default\">\n\t\t\t\t\t<div class=\"elementor-column elementor-col-33 elementor-inner-column elementor-element elementor-element-07218eb\" data-id=\"07218eb\" data-element_type=\"column\">\n\t\t\t<div class=\"elementor-widget-wrap elementor-element-populated\">\n\t\t\t\t\t\t\t\t<div class=\"elementor-element elementor-element-7756221 elementor-widget elementor-widget-image\" data-id=\"7756221\" data-element_type=\"widget\" data-widget_type=\"image.default\">\n\t\t\t\t<div class=\"elementor-widget-container\">\n\t\t\t\t\t\t\t\t\t\t\t\t\t\t\t<img decoding=\"async\" loading=\"lazy\" width=\"626\" height=\"626\" src=\"https:\/\/www.translationagency.it\/wp-content\/uploads\/2022\/01\/SERVIZI_MTPE_ICONA.png\" class=\"attachment-large size-large wp-image-43806\" alt=\"\" srcset=\"https:\/\/www.translationagency.it\/wp-content\/uploads\/2022\/01\/SERVIZI_MTPE_ICONA.png 626w, https:\/\/www.translationagency.it\/wp-content\/uploads\/2022\/01\/SERVIZI_MTPE_ICONA-300x300.png 300w, https:\/\/www.translationagency.it\/wp-content\/uploads\/2022\/01\/SERVIZI_MTPE_ICONA-150x150.png 150w, https:\/\/www.translationagency.it\/wp-content\/uploads\/2022\/01\/SERVIZI_MTPE_ICONA-600x600.png 600w, https:\/\/www.translationagency.it\/wp-content\/uploads\/2022\/01\/SERVIZI_MTPE_ICONA-200x200.png 200w\" sizes=\"(max-width: 626px) 100vw, 626px\" \/>\t\t\t\t\t\t\t\t\t\t\t\t\t\t\t<\/div>\n\t\t\t\t<\/div>\n\t\t\t\t\t<\/div>\n\t\t<\/div>\n\t\t\t\t<div class=\"elementor-column elementor-col-66 elementor-inner-column elementor-element elementor-element-873271e\" data-id=\"873271e\" data-element_type=\"column\">\n\t\t\t<div class=\"elementor-widget-wrap elementor-element-populated\">\n\t\t\t\t\t\t\t\t<div class=\"elementor-element elementor-element-d6f1678 elementor-widget elementor-widget-heading\" data-id=\"d6f1678\" data-element_type=\"widget\" data-widget_type=\"heading.default\">\n\t\t\t\t<div class=\"elementor-widget-container\">\n\t\t\t<h1 class=\"elementor-heading-title elementor-size-default\">Post-Editing einer maschinellen \u00dcbersetzung <\/h1>\t\t<\/div>\n\t\t\t\t<\/div>\n\t\t\t\t<div class=\"elementor-element elementor-element-51875e2 elementor-widget elementor-widget-text-editor\" data-id=\"51875e2\" data-element_type=\"widget\" data-widget_type=\"text-editor.default\">\n\t\t\t\t<div class=\"elementor-widget-container\">\n\t\t\t\t\t\t\t<p><strong>MTPE<\/strong> ist ein sprachliches Verfahren, das auf <strong>maschineller \u00dcbersetzung und anschlie\u00dfendem Post-Editing<\/strong> (\u00dcberarbeitung) durch einen Fachmann basiert. Dieses Verfahren erm\u00f6glicht eine schnelle \u00dcbersetzung zu geringeren Kosten und geringerer Qualit\u00e4t als eine vollst\u00e4ndig &#8222;menschliche&#8220; \u00dcbersetzung. Es eignet sich besonders f\u00fcr <strong>Texte f\u00fcr den unternehmensinternen oder privaten Gebrauch,<\/strong> die nicht ver\u00f6ffentlicht oder weitergegeben werden.<\/p>\n\t\t\t\t\t\t<\/div>\n\t\t\t\t<\/div>\n\t\t\t\t\t<\/div>\n\t\t<\/div>\n\t\t\t\t\t\t\t<\/div>\n\t\t<\/section>\n\t\t\t\t\t<\/div>\n\t\t<\/div>\n\t\t\t\t\t\t\t<\/div>\n\t\t<\/section>\n\t\t\t\t<section class=\"elementor-section elementor-top-section elementor-element elementor-element-1a85e68c elementor-section-stretched elementor-section-boxed elementor-section-height-default elementor-section-height-default\" data-id=\"1a85e68c\" data-element_type=\"section\" data-settings=\"{&quot;stretch_section&quot;:&quot;section-stretched&quot;}\">\n\t\t\t\t\t\t<div class=\"elementor-container elementor-column-gap-default\">\n\t\t\t\t\t<div class=\"elementor-column elementor-col-100 elementor-top-column elementor-element elementor-element-41b74f98\" data-id=\"41b74f98\" data-element_type=\"column\">\n\t\t\t<div class=\"elementor-widget-wrap elementor-element-populated\">\n\t\t\t\t\t\t\t\t<div class=\"elementor-element elementor-element-7b71740b elementor-widget elementor-widget-text-editor\" data-id=\"7b71740b\" data-element_type=\"widget\" data-widget_type=\"text-editor.default\">\n\t\t\t\t<div class=\"elementor-widget-container\">\n\t\t\t\t\t\t\t<h3><strong>IDEAL F\u00dcR SCHNELLE UND KOSTENG\u00dcNSTIGE \u00dcBERSETZUNGEN<\/strong><\/h3>\n<p>Wenn es darum geht, den blo\u00dfen Sinn eines in Japanisch, Russisch oder anderen Sprachen verfassten Textes zu verstehen, kann eine von einer Software erstellte und von einem professionellen \u00dcbersetzer korrigierte \u00dcbersetzung mehr als ausreichend sein. Im Fachjargon hei\u00dft diese Art der \u00dcbersetzung <strong>MTPE, was f\u00fcr Machine Translation &amp; Post-Editing<\/strong> steht. Mit MTPE k\u00f6nnen wir in k\u00fcrzester Zeit eine Vielzahl von \u00dcbersetzungen anfertigen, sowohl f\u00fcr private als auch f\u00fcr gesch\u00e4ftliche und kommerzielle Zwecke. Denken Sie zum Beispiel an Ausschreibungen und die Unterlagen, die Sie kennen und auswerten m\u00fcssen, bevor Sie mit Ihrem Unternehmen oder Ihrer Firma teilnehmen. Wie in so vielen anderen F\u00e4llen kann es sinnvoller sein, die <strong>Arbeit auf eine schnelle \u00dcbersetzung zu beschr\u00e4nken<\/strong>, die nicht nur den Vorteil eines k\u00fcrzeren Zeitrahmens bietet, sondern auch geringere Kosten verursacht als eine vollst\u00e4ndige und gr\u00fcndliche \u00dcbersetzung durch einen Muttersprachler. Wann sollte sie eingesetzt werden? Das kann man so nicht beantworten. Wenden Sie sich unverbindlich an unsere Experten, um herauszufinden, ob Ihre \u00dcbersetzung f\u00fcr einen MTPE-Auftrag geeignet ist.<\/p>\n\t\t\t\t\t\t<\/div>\n\t\t\t\t<\/div>\n\t\t\t\t\t<\/div>\n\t\t<\/div>\n\t\t\t\t\t\t\t<\/div>\n\t\t<\/section>\n\t\t\t\t<section class=\"elementor-section elementor-top-section elementor-element elementor-element-a24b9c1 elementor-section-stretched elementor-section-boxed elementor-section-height-default elementor-section-height-default\" data-id=\"a24b9c1\" data-element_type=\"section\" data-settings=\"{&quot;stretch_section&quot;:&quot;section-stretched&quot;}\">\n\t\t\t\t\t\t<div class=\"elementor-container elementor-column-gap-default\">\n\t\t\t\t\t<div class=\"elementor-column elementor-col-100 elementor-top-column elementor-element elementor-element-578b9f29\" data-id=\"578b9f29\" data-element_type=\"column\">\n\t\t\t<div class=\"elementor-widget-wrap elementor-element-populated\">\n\t\t\t\t\t\t\t\t<div class=\"elementor-element elementor-element-6df13f15 elementor-align-center elementor-widget elementor-widget-button\" data-id=\"6df13f15\" data-element_type=\"widget\" data-widget_type=\"button.default\">\n\t\t\t\t<div class=\"elementor-widget-container\">\n\t\t\t\t\t<div class=\"elementor-button-wrapper\">\n\t\t\t<a class=\"elementor-button elementor-button-link elementor-size-lg\" href=\"https:\/\/www.translationagency.it\/de\/kontakt\/\">\n\t\t\t\t\t\t<span class=\"elementor-button-content-wrapper\">\n\t\t\t\t\t\t<span class=\"elementor-button-text\">Die Projektleiter von Translation Agency stehen Ihnen gerne zur Verf\u00fcgung: Kontaktieren Sie uns! <\/span>\n\t\t<\/span>\n\t\t\t\t\t<\/a>\n\t\t<\/div>\n\t\t\t\t<\/div>\n\t\t\t\t<\/div>\n\t\t\t\t\t<\/div>\n\t\t<\/div>\n\t\t\t\t\t\t\t<\/div>\n\t\t<\/section>\n\t\t\t\t<section class=\"elementor-section elementor-top-section elementor-element elementor-element-3777dbae elementor-section-stretched elementor-section-boxed elementor-section-height-default elementor-section-height-default\" data-id=\"3777dbae\" data-element_type=\"section\" data-settings=\"{&quot;stretch_section&quot;:&quot;section-stretched&quot;}\">\n\t\t\t\t\t\t<div class=\"elementor-container elementor-column-gap-default\">\n\t\t\t\t\t<div class=\"elementor-column elementor-col-100 elementor-top-column elementor-element elementor-element-d24e5e1\" data-id=\"d24e5e1\" data-element_type=\"column\">\n\t\t\t<div class=\"elementor-widget-wrap elementor-element-populated\">\n\t\t\t\t\t\t\t\t<div class=\"elementor-element elementor-element-5824fe5 elementor-widget elementor-widget-spacer\" data-id=\"5824fe5\" data-element_type=\"widget\" data-widget_type=\"spacer.default\">\n\t\t\t\t<div class=\"elementor-widget-container\">\n\t\t\t\t\t<div class=\"elementor-spacer\">\n\t\t\t<div class=\"elementor-spacer-inner\"><\/div>\n\t\t<\/div>\n\t\t\t\t<\/div>\n\t\t\t\t<\/div>\n\t\t\t\t<div class=\"elementor-element elementor-element-7fa30351 elementor-widget elementor-widget-text-editor\" data-id=\"7fa30351\" data-element_type=\"widget\" data-widget_type=\"text-editor.default\">\n\t\t\t\t<div class=\"elementor-widget-container\">\n\t\t\t\t\t\t\t<h3><strong>WIE EINE MTPE-\u00dcBERSETZUNG FUNKTIONIERT (UND WANN SIE BEN\u00d6TIGT WIRD)<\/strong><\/h3>\n<p>Vor diesem Hintergrund wollen wir nun besser verstehen, wie eine MTPE-\u00dcbersetzung funktioniert. Zun\u00e4chst einmal muss gesagt werden, dass die erste Phase, wie der Name schon sagt, von einer Maschine, d. h. einem CAT-Tool, durchgef\u00fchrt wird. Eine solche Software ist zwar sehr schnell, aber auch anf\u00e4llig f\u00fcr <strong>grobe Verarbeitungsfehler<\/strong>. Diese Fehler m\u00fcssen dann in der anschlie\u00dfenden Post-Editing-Phase von einem menschlichen \u00dcbersetzer identifiziert und korrigiert werden. Es ist wichtig, dass der zust\u00e4ndige \u00dcbersetzer ein Experte f\u00fcr MTPE ist, der sowohl im Umgang mit bestimmten Textverarbeitungswerkzeugen als auch in der f\u00fcr diesen Bereich zu verwendenden Terminologie geschult ist. MTPE ist daher niemals eine Abk\u00fcrzung, sondern ein begrenztes Instrument, das in ganz bestimmten Situationen eingesetzt werden kann. Redaktions-, Kommunikations- und Marketingtexte eignen sich beispielsweise schlecht f\u00fcr diese Art der \u00dcbersetzung, da sie die Wirksamkeit komplexer Botschaften beeintr\u00e4chtigen und Inhalte liefern k\u00f6nnten, die ihr \u00dcberzeugungspotential nicht vollst\u00e4ndig zum Ausdruck bringen. Wenn Sie der Meinung sind, dass MTPE das Richtige f\u00fcr Sie ist, und wenn Sie mehr \u00fcber die von uns angebotenen Tarife und \u00dcbersetzungsmethoden erfahren m\u00f6chten, kontaktieren Sie uns bitte noch heute <a href=\"https:\/\/www.translationagency.it\/de\/kontakt\/\">per E-Mail oder Telefon<\/a>.<\/p>\n\t\t\t\t\t\t<\/div>\n\t\t\t\t<\/div>\n\t\t\t\t<div class=\"elementor-element elementor-element-31322839 elementor-widget elementor-widget-spacer\" data-id=\"31322839\" data-element_type=\"widget\" data-widget_type=\"spacer.default\">\n\t\t\t\t<div class=\"elementor-widget-container\">\n\t\t\t\t\t<div class=\"elementor-spacer\">\n\t\t\t<div class=\"elementor-spacer-inner\"><\/div>\n\t\t<\/div>\n\t\t\t\t<\/div>\n\t\t\t\t<\/div>\n\t\t\t\t\t<\/div>\n\t\t<\/div>\n\t\t\t\t\t\t\t<\/div>\n\t\t<\/section>\n\t\t\t\t<section class=\"elementor-section elementor-top-section elementor-element elementor-element-68d5278d elementor-section-boxed elementor-section-height-default elementor-section-height-default\" data-id=\"68d5278d\" data-element_type=\"section\" data-settings=\"{&quot;background_background&quot;:&quot;classic&quot;}\">\n\t\t\t\t\t\t<div class=\"elementor-container elementor-column-gap-default\">\n\t\t\t\t\t<div class=\"elementor-column elementor-col-100 elementor-top-column elementor-element elementor-element-63a02365\" data-id=\"63a02365\" data-element_type=\"column\">\n\t\t\t<div class=\"elementor-widget-wrap elementor-element-populated\">\n\t\t\t\t\t\t\t\t<div class=\"elementor-element elementor-element-1cdd53f3 elementor-widget elementor-widget-text-editor\" data-id=\"1cdd53f3\" data-element_type=\"widget\" data-widget_type=\"text-editor.default\">\n\t\t\t\t<div class=\"elementor-widget-container\">\n\t\t\t\t\t\t\t<h3><strong>WIR EMPFEHLEN \u00dcBERSETZUNGEN MIT MTPE F\u00dcR:<\/strong><\/h3>\n<ul>\n<li>die \u00dcbersetzung von Materialien f\u00fcr den internen Gebrauch des Unternehmens<\/li>\n<li>die Interpretation von Hochschultexten oder Texten f\u00fcr den privaten Gebrauch<\/li>\n<li>Umsetzung von Do-it-yourself-Kommunikationsprojekten, bei denen Kosteneinsparungen und die Einhaltung des Budgets im Vordergrund stehen<\/li>\n<\/ul>\n\t\t\t\t\t\t<\/div>\n\t\t\t\t<\/div>\n\t\t\t\t\t<\/div>\n\t\t<\/div>\n\t\t\t\t\t\t\t<\/div>\n\t\t<\/section>\n\t\t\t\t<section class=\"elementor-section elementor-top-section elementor-element elementor-element-2a09c673 elementor-section-full_width elementor-section-height-default elementor-section-height-default\" data-id=\"2a09c673\" data-element_type=\"section\">\n\t\t\t\t\t\t<div class=\"elementor-container elementor-column-gap-default\">\n\t\t\t\t\t<div class=\"elementor-column elementor-col-100 elementor-top-column elementor-element elementor-element-96b398a\" data-id=\"96b398a\" data-element_type=\"column\">\n\t\t\t<div class=\"elementor-widget-wrap elementor-element-populated\">\n\t\t\t\t\t\t\t\t<div class=\"elementor-element elementor-element-5de040c3 elementor-widget elementor-widget-spacer\" data-id=\"5de040c3\" data-element_type=\"widget\" data-widget_type=\"spacer.default\">\n\t\t\t\t<div class=\"elementor-widget-container\">\n\t\t\t\t\t<div class=\"elementor-spacer\">\n\t\t\t<div class=\"elementor-spacer-inner\"><\/div>\n\t\t<\/div>\n\t\t\t\t<\/div>\n\t\t\t\t<\/div>\n\t\t\t\t<div class=\"elementor-element elementor-element-109b7ed1 elementor-widget elementor-widget-spacer\" data-id=\"109b7ed1\" data-element_type=\"widget\" data-widget_type=\"spacer.default\">\n\t\t\t\t<div class=\"elementor-widget-container\">\n\t\t\t\t\t<div class=\"elementor-spacer\">\n\t\t\t<div class=\"elementor-spacer-inner\"><\/div>\n\t\t<\/div>\n\t\t\t\t<\/div>\n\t\t\t\t<\/div>\n\t\t\t\t\t<\/div>\n\t\t<\/div>\n\t\t\t\t\t\t\t<\/div>\n\t\t<\/section>\n\t\t\t\t<section class=\"elementor-section elementor-top-section elementor-element elementor-element-2c89cb1e elementor-section-stretched elementor-section-boxed elementor-section-height-default elementor-section-height-default\" data-id=\"2c89cb1e\" data-element_type=\"section\" data-settings=\"{&quot;background_background&quot;:&quot;classic&quot;,&quot;stretch_section&quot;:&quot;section-stretched&quot;}\">\n\t\t\t\t\t\t<div class=\"elementor-container elementor-column-gap-no\">\n\t\t\t\t\t<div class=\"elementor-column elementor-col-100 elementor-top-column elementor-element elementor-element-3d40b5a1\" data-id=\"3d40b5a1\" data-element_type=\"column\">\n\t\t\t<div class=\"elementor-widget-wrap elementor-element-populated\">\n\t\t\t\t\t\t\t\t<section class=\"elementor-section elementor-inner-section elementor-element elementor-element-2e59f3af elementor-section-boxed elementor-section-height-default elementor-section-height-default\" data-id=\"2e59f3af\" data-element_type=\"section\">\n\t\t\t\t\t\t<div class=\"elementor-container elementor-column-gap-wider\">\n\t\t\t\t\t<div class=\"elementor-column elementor-col-50 elementor-inner-column elementor-element elementor-element-2614c752\" data-id=\"2614c752\" data-element_type=\"column\">\n\t\t\t<div class=\"elementor-widget-wrap elementor-element-populated\">\n\t\t\t\t\t\t\t\t<div class=\"elementor-element elementor-element-41884916 elementor-widget-tablet__width-inherit elementor-widget elementor-widget-heading\" data-id=\"41884916\" data-element_type=\"widget\" data-widget_type=\"heading.default\">\n\t\t\t\t<div class=\"elementor-widget-container\">\n\t\t\t<h3 class=\"elementor-heading-title elementor-size-default\">WERDEN SIE JETZT AKTIV: KONTAKTIEREN SIE UNS UNVERBINDLICH F\u00dcR PREISE UND BEDINGUNGEN!<\/h3>\t\t<\/div>\n\t\t\t\t<\/div>\n\t\t\t\t\t<\/div>\n\t\t<\/div>\n\t\t\t\t<div class=\"elementor-column elementor-col-50 elementor-inner-column elementor-element elementor-element-5ea36da8\" data-id=\"5ea36da8\" data-element_type=\"column\">\n\t\t\t<div class=\"elementor-widget-wrap elementor-element-populated\">\n\t\t\t\t\t\t\t\t<div class=\"elementor-element elementor-element-54450c8 elementor-align-justify elementor-tablet-align-center elementor-widget elementor-widget-the7_button_widget\" data-id=\"54450c8\" data-element_type=\"widget\" data-widget_type=\"the7_button_widget.default\">\n\t\t\t\t<div class=\"elementor-widget-container\">\n\t\t\t<div class=\"elementor-button-wrapper\"><a href=\"https:\/\/www.translationagency.it\/de\/kostenvoranschlag\/\" class=\"box-button elementor-button elementor-size-xl\">Richiedi un preventivo!<\/a><\/div>\t\t<\/div>\n\t\t\t\t<\/div>\n\t\t\t\t\t<\/div>\n\t\t<\/div>\n\t\t\t\t\t\t\t<\/div>\n\t\t<\/section>\n\t\t\t\t\t<\/div>\n\t\t<\/div>\n\t\t\t\t\t\t\t<\/div>\n\t\t<\/section>\n\t\t\t\t\t\t\t<\/div>\n\t\t","protected":false},"excerpt":{"rendered":"<p>Post-Editing einer maschinellen \u00dcbersetzung MTPE ist ein sprachliches Verfahren, das auf maschineller \u00dcbersetzung und anschlie\u00dfendem Post-Editing (\u00dcberarbeitung) durch einen Fachmann basiert. Dieses Verfahren erm\u00f6glicht eine schnelle \u00dcbersetzung zu geringeren Kosten und geringerer Qualit\u00e4t als eine vollst\u00e4ndig &#8222;menschliche&#8220; \u00dcbersetzung. Es eignet sich besonders f\u00fcr Texte f\u00fcr den unternehmensinternen oder privaten Gebrauch, die nicht ver\u00f6ffentlicht oder weitergegeben&hellip;<\/p>\n","protected":false},"author":5,"featured_media":0,"parent":0,"menu_order":0,"comment_status":"closed","ping_status":"closed","template":"","meta":{"_monsterinsights_skip_tracking":false,"_monsterinsights_sitenote_active":false,"_monsterinsights_sitenote_note":"","_monsterinsights_sitenote_category":0,"footnotes":""},"yoast_head":"<!-- This site is optimized with the Yoast SEO plugin v21.1 - https:\/\/yoast.com\/wordpress\/plugins\/seo\/ -->\n<title>MTPE: Machine translation post-editing | Translation Agency<\/title>\n<meta name=\"description\" content=\"Spezialisierte \u00dcbersetzungsdienste MTPE (Machine Translation Post-Editing): Entdecken Sie die Vorteile und fordern Sie ein Angebot an!\" \/>\n<meta name=\"robots\" content=\"index, follow, max-snippet:-1, max-image-preview:large, max-video-preview:-1\" \/>\n<link rel=\"canonical\" href=\"https:\/\/www.translationagency.it\/machine-translation-post-editing\/\" \/>\n<meta property=\"og:locale\" content=\"de_DE\" \/>\n<meta property=\"og:type\" content=\"article\" \/>\n<meta property=\"og:title\" content=\"MTPE: Machine translation post-editing | Translation Agency\" \/>\n<meta property=\"og:description\" content=\"Spezialisierte \u00dcbersetzungsdienste MTPE (Machine Translation Post-Editing): Entdecken Sie die Vorteile und fordern Sie ein Angebot an!\" \/>\n<meta property=\"og:url\" content=\"https:\/\/www.translationagency.it\/machine-translation-post-editing\/\" \/>\n<meta property=\"og:site_name\" content=\"Translation Agency\" \/>\n<meta property=\"article:modified_time\" content=\"2023-12-22T12:40:30+00:00\" \/>\n<meta property=\"og:image\" content=\"https:\/\/www.translationagency.it\/wp-content\/uploads\/2022\/01\/SERVIZI_MTPE_ICONA.png\" \/>\n<meta name=\"twitter:card\" content=\"summary_large_image\" \/>\n<meta name=\"twitter:label1\" content=\"Gesch\u00e4tzte Lesezeit\" \/>\n\t<meta name=\"twitter:data1\" content=\"3\u00a0Minuten\" \/>\n<script type=\"application\/ld+json\" class=\"yoast-schema-graph\">{\"@context\":\"https:\/\/schema.org\",\"@graph\":[{\"@type\":\"WebPage\",\"@id\":\"https:\/\/www.translationagency.it\/machine-translation-post-editing\/\",\"url\":\"https:\/\/www.translationagency.it\/machine-translation-post-editing\/\",\"name\":\"MTPE: Machine translation post-editing | Translation Agency\",\"isPartOf\":{\"@id\":\"https:\/\/www.translationagency.it\/#website\"},\"datePublished\":\"2022-07-01T10:51:03+00:00\",\"dateModified\":\"2023-12-22T12:40:30+00:00\",\"description\":\"Spezialisierte \u00dcbersetzungsdienste MTPE (Machine Translation Post-Editing): Entdecken Sie die Vorteile und fordern Sie ein Angebot an!\",\"breadcrumb\":{\"@id\":\"https:\/\/www.translationagency.it\/machine-translation-post-editing\/#breadcrumb\"},\"inLanguage\":\"de\",\"potentialAction\":[{\"@type\":\"ReadAction\",\"target\":[\"https:\/\/www.translationagency.it\/machine-translation-post-editing\/\"]}]},{\"@type\":\"BreadcrumbList\",\"@id\":\"https:\/\/www.translationagency.it\/machine-translation-post-editing\/#breadcrumb\",\"itemListElement\":[{\"@type\":\"ListItem\",\"position\":1,\"name\":\"Home\",\"item\":\"https:\/\/www.translationagency.it\/\"},{\"@type\":\"ListItem\",\"position\":2,\"name\":\"Post-Editing einer maschinellen \u00dcbersetzung\"}]},{\"@type\":\"WebSite\",\"@id\":\"https:\/\/www.translationagency.it\/#website\",\"url\":\"https:\/\/www.translationagency.it\/\",\"name\":\"Translation Agency\",\"description\":\"\",\"publisher\":{\"@id\":\"https:\/\/www.translationagency.it\/#organization\"},\"potentialAction\":[{\"@type\":\"SearchAction\",\"target\":{\"@type\":\"EntryPoint\",\"urlTemplate\":\"https:\/\/www.translationagency.it\/?s={search_term_string}\"},\"query-input\":\"required name=search_term_string\"}],\"inLanguage\":\"de\"},{\"@type\":\"Organization\",\"@id\":\"https:\/\/www.translationagency.it\/#organization\",\"name\":\"Translation Agency\",\"url\":\"https:\/\/www.translationagency.it\/\",\"logo\":{\"@type\":\"ImageObject\",\"inLanguage\":\"de\",\"@id\":\"https:\/\/www.translationagency.it\/#\/schema\/logo\/image\/\",\"url\":\"https:\/\/www.translationagency.it\/wp-content\/uploads\/2021\/12\/logo-ta-1.png\",\"contentUrl\":\"https:\/\/www.translationagency.it\/wp-content\/uploads\/2021\/12\/logo-ta-1.png\",\"width\":122,\"height\":48,\"caption\":\"Translation Agency\"},\"image\":{\"@id\":\"https:\/\/www.translationagency.it\/#\/schema\/logo\/image\/\"}}]}<\/script>\n<!-- \/ Yoast SEO plugin. -->","yoast_head_json":{"title":"MTPE: Machine translation post-editing | Translation Agency","description":"Spezialisierte \u00dcbersetzungsdienste MTPE (Machine Translation Post-Editing): Entdecken Sie die Vorteile und fordern Sie ein Angebot an!","robots":{"index":"index","follow":"follow","max-snippet":"max-snippet:-1","max-image-preview":"max-image-preview:large","max-video-preview":"max-video-preview:-1"},"canonical":"https:\/\/www.translationagency.it\/machine-translation-post-editing\/","og_locale":"de_DE","og_type":"article","og_title":"MTPE: Machine translation post-editing | Translation Agency","og_description":"Spezialisierte \u00dcbersetzungsdienste MTPE (Machine Translation Post-Editing): Entdecken Sie die Vorteile und fordern Sie ein Angebot an!","og_url":"https:\/\/www.translationagency.it\/machine-translation-post-editing\/","og_site_name":"Translation Agency","article_modified_time":"2023-12-22T12:40:30+00:00","og_image":[{"url":"https:\/\/www.translationagency.it\/wp-content\/uploads\/2022\/01\/SERVIZI_MTPE_ICONA.png"}],"twitter_card":"summary_large_image","twitter_misc":{"Gesch\u00e4tzte Lesezeit":"3\u00a0Minuten"},"schema":{"@context":"https:\/\/schema.org","@graph":[{"@type":"WebPage","@id":"https:\/\/www.translationagency.it\/machine-translation-post-editing\/","url":"https:\/\/www.translationagency.it\/machine-translation-post-editing\/","name":"MTPE: Machine translation post-editing | Translation Agency","isPartOf":{"@id":"https:\/\/www.translationagency.it\/#website"},"datePublished":"2022-07-01T10:51:03+00:00","dateModified":"2023-12-22T12:40:30+00:00","description":"Spezialisierte \u00dcbersetzungsdienste MTPE (Machine Translation Post-Editing): Entdecken Sie die Vorteile und fordern Sie ein Angebot an!","breadcrumb":{"@id":"https:\/\/www.translationagency.it\/machine-translation-post-editing\/#breadcrumb"},"inLanguage":"de","potentialAction":[{"@type":"ReadAction","target":["https:\/\/www.translationagency.it\/machine-translation-post-editing\/"]}]},{"@type":"BreadcrumbList","@id":"https:\/\/www.translationagency.it\/machine-translation-post-editing\/#breadcrumb","itemListElement":[{"@type":"ListItem","position":1,"name":"Home","item":"https:\/\/www.translationagency.it\/"},{"@type":"ListItem","position":2,"name":"Post-Editing einer maschinellen \u00dcbersetzung"}]},{"@type":"WebSite","@id":"https:\/\/www.translationagency.it\/#website","url":"https:\/\/www.translationagency.it\/","name":"Translation Agency","description":"","publisher":{"@id":"https:\/\/www.translationagency.it\/#organization"},"potentialAction":[{"@type":"SearchAction","target":{"@type":"EntryPoint","urlTemplate":"https:\/\/www.translationagency.it\/?s={search_term_string}"},"query-input":"required name=search_term_string"}],"inLanguage":"de"},{"@type":"Organization","@id":"https:\/\/www.translationagency.it\/#organization","name":"Translation Agency","url":"https:\/\/www.translationagency.it\/","logo":{"@type":"ImageObject","inLanguage":"de","@id":"https:\/\/www.translationagency.it\/#\/schema\/logo\/image\/","url":"https:\/\/www.translationagency.it\/wp-content\/uploads\/2021\/12\/logo-ta-1.png","contentUrl":"https:\/\/www.translationagency.it\/wp-content\/uploads\/2021\/12\/logo-ta-1.png","width":122,"height":48,"caption":"Translation Agency"},"image":{"@id":"https:\/\/www.translationagency.it\/#\/schema\/logo\/image\/"}}]}},"_links":{"self":[{"href":"https:\/\/www.translationagency.it\/de\/wp-json\/wp\/v2\/pages\/45181"}],"collection":[{"href":"https:\/\/www.translationagency.it\/de\/wp-json\/wp\/v2\/pages"}],"about":[{"href":"https:\/\/www.translationagency.it\/de\/wp-json\/wp\/v2\/types\/page"}],"author":[{"embeddable":true,"href":"https:\/\/www.translationagency.it\/de\/wp-json\/wp\/v2\/users\/5"}],"replies":[{"embeddable":true,"href":"https:\/\/www.translationagency.it\/de\/wp-json\/wp\/v2\/comments?post=45181"}],"version-history":[{"count":7,"href":"https:\/\/www.translationagency.it\/de\/wp-json\/wp\/v2\/pages\/45181\/revisions"}],"predecessor-version":[{"id":47774,"href":"https:\/\/www.translationagency.it\/de\/wp-json\/wp\/v2\/pages\/45181\/revisions\/47774"}],"wp:attachment":[{"href":"https:\/\/www.translationagency.it\/de\/wp-json\/wp\/v2\/media?parent=45181"}],"curies":[{"name":"wp","href":"https:\/\/api.w.org\/{rel}","templated":true}]}}